{"id":18254,"date":"2016-06-05T18:12:43","date_gmt":"2016-06-05T16:12:43","guid":{"rendered":"https:\/\/www.cpv-ev.com\/?page_id=18254"},"modified":"2026-04-23T15:18:25","modified_gmt":"2026-04-23T13:18:25","slug":"boy-george","status":"publish","type":"page","link":"https:\/\/www.cpv-ev.com\/?page_id=18254","title":{"rendered":"Boy George"},"content":{"rendered":"<table border=\"1\" cellspacing=\"0\" cellpadding=\"0\">\r\n<tbody>\r\n<tr>\r\n<td colspan=\"2\" valign=\"top\" width=\"717\"><img loading=\"lazy\" decoding=\"async\" src=\"https:\/\/www.cpv-ev.com\/wp-content\/uploads\/2012\/07\/trans240x10.gif\" alt=\"trans240x10\" width=\"240\" height=\"10\"><\/td>\r\n<\/tr>\r\n<tr>\r\n<td valign=\"top\" width=\"359\"><strong>Farbe:<\/strong> Schimmel<br><strong>Geburtsfarbe:<\/strong> Schimmel<\/td>\r\n<td valign=\"top\" width=\"359\"><strong>Hengstbuch:<\/strong> CPBS S1-14802, Bayern HB I, Pr\u00e4mienhengst, FN Bundespr\u00e4mienhengst<br><strong>K\u00f6rung: <\/strong>CPBS Irland<br><strong>K\u00f6rung: <\/strong>08.04.2017, M\u00fcnchen<\/td>\r\n<\/tr>\r\n<tr>\r\n<td valign=\"top\" width=\"359\"><strong>Geboren:<\/strong> 10.04.2013<\/td>\r\n<td valign=\"top\" width=\"359\"><strong>Leistungspr\u00fcfung: <\/strong>2018 Ansbach,<br>2 TT, Note 8,06 (Rang 1\/2)<em><em><br><\/em><\/em><\/td>\r\n<\/tr>\r\n<tr>\r\n<td valign=\"top\" width=\"359\"><strong>Stockma\u00df: <\/strong>147 cm<strong><br><\/strong><\/td>\r\n<td valign=\"top\" width=\"359\"><strong>Tr\u00e4ger des Creme-Faktors:<\/strong> unbekannt<\/td>\r\n<\/tr>\r\n<tr>\r\n<td valign=\"top\" width=\"359\"><strong>R\u00f6hrbein: <\/strong>20 cm<strong><br><\/strong><\/td>\r\n<td valign=\"top\" width=\"359\"><strong>Tr\u00e4ger des Fuchsgens:<\/strong> unbekannt<\/td>\r\n<\/tr>\r\n<tr>\r\n<td valign=\"top\" width=\"359\"><strong style=\"line-height: 24px;\">Ausgeschieden:<\/strong><\/td>\r\n<td valign=\"top\" width=\"359\">&nbsp;<\/td>\r\n<\/tr>\r\n<tr>\r\n<td valign=\"top\" width=\"359\"><strong style=\"line-height: 24px;\">HWSD-Status: <\/strong>N\/N mit Abstammungs\u00fcberpr\u00fcfung<strong style=\"line-height: 24px;\"><br><\/strong><\/td>\r\n<td valign=\"top\" width=\"359\">&nbsp;<\/td>\r\n<\/tr>\r\n<tr>\r\n<td valign=\"top\" width=\"359\"><img loading=\"lazy\" decoding=\"async\" class=\"alignnone size-full wp-image-232\" src=\"https:\/\/www.cpv-ev.com\/wp-content\/uploads\/2012\/07\/trans240x10.gif\" alt=\"trans240x10\" width=\"240\" height=\"10\" srcset=\"https:\/\/www.cpv-ev.com\/wp-content\/uploads\/2012\/07\/trans240x10.gif 240w, https:\/\/www.cpv-ev.com\/wp-content\/uploads\/2012\/07\/trans240x10-225x10.gif 225w\" sizes=\"auto, (max-width: 240px) 100vw, 240px\" \/><\/td>\r\n<td valign=\"top\" width=\"359\">&nbsp;<\/td>\r\n<\/tr>\r\n<tr>\r\n<td valign=\"top\" width=\"359\"><strong>Gek\u00f6rte S\u00f6hne:<\/strong>&nbsp;Penancing-Brook Bugs Bunny, <a href=\"https:\/\/www.cpv-ev.com\/?page_id=24238\" target=\"_blank\" rel=\"noopener noreferrer\">Penancing-Brook Bob Marley<\/a>, Penancing-Brook Bailys<\/td>\r\n<td valign=\"top\" width=\"359\"><strong>Eingetragene Stuten:<\/strong> &#8211;<strong><br><\/strong><\/td>\r\n<\/tr>\r\n<tr>\r\n<td valign=\"top\" width=\"359\">&nbsp;<\/td>\r\n<td valign=\"top\" width=\"359\"><strong>davon StPrSt: <\/strong>&#8211;<\/td>\r\n<\/tr>\r\n<tr>\r\n<td valign=\"top\" width=\"359\"><img loading=\"lazy\" decoding=\"async\" src=\"https:\/\/www.cpv-ev.com\/wp-content\/uploads\/2012\/07\/trans240x10.gif\" alt=\"trans240x10\" width=\"240\" height=\"10\"><\/td>\r\n<td valign=\"top\" width=\"359\">&nbsp;<\/td>\r\n<\/tr>\r\n<tr>\r\n<td valign=\"top\" width=\"359\"><strong>Lebensgewinnsumme:<\/strong> &#8211;<img loading=\"lazy\" decoding=\"async\" class=\"alignnone size-full wp-image-232\" title=\"trans240x10\" src=\"https:\/\/www.cpv-ev.com\/wp-content\/uploads\/2012\/07\/trans240x10.gif\" alt=\"\" width=\"100\" height=\"20\"><\/td>\r\n<td valign=\"top\" width=\"359\"><strong>Nachkommen-LGS: <\/strong>&#8211;<\/td>\r\n<\/tr>\r\n<tr>\r\n<td colspan=\"2\" valign=\"top\" width=\"717\"><img loading=\"lazy\" decoding=\"async\" src=\"https:\/\/www.cpv-ev.com\/wp-content\/uploads\/2012\/07\/trans240x10.gif\" alt=\"trans240x10\" width=\"240\" height=\"10\"><\/td>\r\n<\/tr>\r\n<tr>\r\n<td colspan=\"2\" valign=\"top\" width=\"717\"><strong><strong>Z\u00fcchter: <\/strong><\/strong>Kieran Kelly, Loughrea, Irland<strong><strong><br><\/strong><\/strong><strong>Besitzer: <\/strong>Konrad Weggel, Gest\u00fct Penancing-Brook, Busbach 4, 95488 Eckersdorf<\/td>\r\n<\/tr>\r\n<tr>\r\n<td valign=\"top\" width=\"359\">&nbsp;<\/td>\r\n<td valign=\"top\" width=\"359\">&nbsp;<\/td>\r\n<\/tr>\r\n<tr>\r\n<td valign=\"top\" width=\"307\">&nbsp;<\/td>\r\n<td valign=\"top\" width=\"307\">&nbsp;<\/td>\r\n<\/tr>\r\n<tr>\r\n<td colspan=\"2\" valign=\"top\" width=\"717\"><img loading=\"lazy\" decoding=\"async\" src=\"https:\/\/www.cpv-ev.com\/wp-content\/uploads\/2012\/07\/trans240x10.gif\" alt=\"trans240x10\" width=\"240\" height=\"10\"><\/td>\r\n<\/tr>\r\n<\/tbody>\r\n<\/table>\r\n<h5>Pedigree<\/h5>\r\n<p><a href=\"https:\/\/www.cpv-ev.com\/wp-content\/uploads\/2016\/06\/Boy-George-Ped.jpg\" rel=\"attachment wp-att-18284\"><img loading=\"lazy\" decoding=\"async\" class=\"alignnone size-full wp-image-18284\" src=\"https:\/\/www.cpv-ev.com\/wp-content\/uploads\/2016\/06\/Boy-George-Ped.jpg\" alt=\"Boy George Ped\" width=\"680\" height=\"310\" srcset=\"https:\/\/www.cpv-ev.com\/wp-content\/uploads\/2016\/06\/Boy-George-Ped.jpg 680w, https:\/\/www.cpv-ev.com\/wp-content\/uploads\/2016\/06\/Boy-George-Ped-241x110.jpg 241w, https:\/\/www.cpv-ev.com\/wp-content\/uploads\/2016\/06\/Boy-George-Ped-300x137.jpg 300w, https:\/\/www.cpv-ev.com\/wp-content\/uploads\/2016\/06\/Boy-George-Ped-500x228.jpg 500w\" sizes=\"auto, (max-width: 680px) 100vw, 680px\" \/><\/a><br>&nbsp;<\/p>\r\n<h5>Galerie<\/h5>\r\n<p><a href=\"https:\/\/www.cpv-ev.com\/wp-content\/uploads\/2016\/06\/Boy-George4.jpg\" rel=\"attachment wp-att-18260\"><img loading=\"lazy\" decoding=\"async\" class=\"alignnone size-thumbnail wp-image-18260\" src=\"https:\/\/www.cpv-ev.com\/wp-content\/uploads\/2016\/06\/Boy-George4-147x110.jpg\" alt=\"Boy George4\" width=\"147\" height=\"110\" srcset=\"https:\/\/www.cpv-ev.com\/wp-content\/uploads\/2016\/06\/Boy-George4-147x110.jpg 147w, https:\/\/www.cpv-ev.com\/wp-content\/uploads\/2016\/06\/Boy-George4-300x225.jpg 300w, https:\/\/www.cpv-ev.com\/wp-content\/uploads\/2016\/06\/Boy-George4-500x375.jpg 500w, https:\/\/www.cpv-ev.com\/wp-content\/uploads\/2016\/06\/Boy-George4-146x110.jpg 146w, https:\/\/www.cpv-ev.com\/wp-content\/uploads\/2016\/06\/Boy-George4.jpg 750w\" sizes=\"auto, (max-width: 147px) 100vw, 147px\" \/><\/a>&nbsp; <a href=\"https:\/\/www.cpv-ev.com\/wp-content\/uploads\/2016\/06\/Boy-George3.jpg\" rel=\"attachment wp-att-18261\"><img loading=\"lazy\" decoding=\"async\" class=\"alignnone size-thumbnail wp-image-18261\" src=\"https:\/\/www.cpv-ev.com\/wp-content\/uploads\/2016\/06\/Boy-George3-147x110.jpg\" alt=\"Boy George3\" width=\"147\" height=\"110\" srcset=\"https:\/\/www.cpv-ev.com\/wp-content\/uploads\/2016\/06\/Boy-George3-147x110.jpg 147w, https:\/\/www.cpv-ev.com\/wp-content\/uploads\/2016\/06\/Boy-George3-300x225.jpg 300w, https:\/\/www.cpv-ev.com\/wp-content\/uploads\/2016\/06\/Boy-George3-500x375.jpg 500w, https:\/\/www.cpv-ev.com\/wp-content\/uploads\/2016\/06\/Boy-George3-146x110.jpg 146w, https:\/\/www.cpv-ev.com\/wp-content\/uploads\/2016\/06\/Boy-George3.jpg 750w\" sizes=\"auto, (max-width: 147px) 100vw, 147px\" \/><\/a>&nbsp; <a href=\"https:\/\/www.cpv-ev.com\/wp-content\/uploads\/2016\/06\/Boy-George2.jpg\" rel=\"attachment wp-att-18262\"><img loading=\"lazy\" decoding=\"async\" class=\"alignnone size-thumbnail wp-image-18262\" src=\"https:\/\/www.cpv-ev.com\/wp-content\/uploads\/2016\/06\/Boy-George2-147x110.jpg\" alt=\"Boy George2\" width=\"147\" height=\"110\" srcset=\"https:\/\/www.cpv-ev.com\/wp-content\/uploads\/2016\/06\/Boy-George2-147x110.jpg 147w, https:\/\/www.cpv-ev.com\/wp-content\/uploads\/2016\/06\/Boy-George2-300x225.jpg 300w, https:\/\/www.cpv-ev.com\/wp-content\/uploads\/2016\/06\/Boy-George2-500x375.jpg 500w, https:\/\/www.cpv-ev.com\/wp-content\/uploads\/2016\/06\/Boy-George2-146x110.jpg 146w, https:\/\/www.cpv-ev.com\/wp-content\/uploads\/2016\/06\/Boy-George2.jpg 750w\" sizes=\"auto, (max-width: 147px) 100vw, 147px\" \/>&nbsp; <\/a><a href=\"https:\/\/www.cpv-ev.com\/wp-content\/uploads\/2017\/04\/Boy-George.jpg\"><img loading=\"lazy\" decoding=\"async\" class=\"alignnone size-thumbnail wp-image-19845\" src=\"https:\/\/www.cpv-ev.com\/wp-content\/uploads\/2017\/04\/Boy-George-147x110.jpg\" alt=\"\" width=\"147\" height=\"110\" srcset=\"https:\/\/www.cpv-ev.com\/wp-content\/uploads\/2017\/04\/Boy-George-147x110.jpg 147w, https:\/\/www.cpv-ev.com\/wp-content\/uploads\/2017\/04\/Boy-George-300x225.jpg 300w, https:\/\/www.cpv-ev.com\/wp-content\/uploads\/2017\/04\/Boy-George-500x375.jpg 500w, https:\/\/www.cpv-ev.com\/wp-content\/uploads\/2017\/04\/Boy-George-146x110.jpg 146w, https:\/\/www.cpv-ev.com\/wp-content\/uploads\/2017\/04\/Boy-George.jpg 712w\" sizes=\"auto, (max-width: 147px) 100vw, 147px\" \/>&nbsp; <\/a><a href=\"https:\/\/www.cpv-ev.com\/wp-content\/uploads\/2017\/05\/Boy-George.jpg\"><img loading=\"lazy\" decoding=\"async\" class=\"alignnone size-thumbnail wp-image-20003\" src=\"https:\/\/www.cpv-ev.com\/wp-content\/uploads\/2017\/05\/Boy-George-147x110.jpg\" alt=\"\" width=\"147\" height=\"110\" srcset=\"https:\/\/www.cpv-ev.com\/wp-content\/uploads\/2017\/05\/Boy-George-147x110.jpg 147w, https:\/\/www.cpv-ev.com\/wp-content\/uploads\/2017\/05\/Boy-George-300x225.jpg 300w, https:\/\/www.cpv-ev.com\/wp-content\/uploads\/2017\/05\/Boy-George-500x375.jpg 500w, https:\/\/www.cpv-ev.com\/wp-content\/uploads\/2017\/05\/Boy-George-146x110.jpg 146w, https:\/\/www.cpv-ev.com\/wp-content\/uploads\/2017\/05\/Boy-George.jpg 750w\" sizes=\"auto, (max-width: 147px) 100vw, 147px\" \/>&nbsp; <\/a><a href=\"https:\/\/www.cpv-ev.com\/wp-content\/uploads\/2019\/03\/Boy-George-3.jpg\"><img loading=\"lazy\" decoding=\"async\" class=\"alignnone size-thumbnail wp-image-23048\" src=\"https:\/\/www.cpv-ev.com\/wp-content\/uploads\/2019\/03\/Boy-George-3-147x110.jpg\" alt=\"\" width=\"147\" height=\"110\" srcset=\"https:\/\/www.cpv-ev.com\/wp-content\/uploads\/2019\/03\/Boy-George-3-147x110.jpg 147w, https:\/\/www.cpv-ev.com\/wp-content\/uploads\/2019\/03\/Boy-George-3-300x225.jpg 300w, https:\/\/www.cpv-ev.com\/wp-content\/uploads\/2019\/03\/Boy-George-3-768x576.jpg 768w, https:\/\/www.cpv-ev.com\/wp-content\/uploads\/2019\/03\/Boy-George-3-500x375.jpg 500w, https:\/\/www.cpv-ev.com\/wp-content\/uploads\/2019\/03\/Boy-George-3-146x110.jpg 146w, https:\/\/www.cpv-ev.com\/wp-content\/uploads\/2019\/03\/Boy-George-3.jpg 800w\" sizes=\"auto, (max-width: 147px) 100vw, 147px\" \/><\/a><a href=\"https:\/\/www.cpv-ev.com\/wp-content\/uploads\/2017\/05\/Boy-George.jpg\">&nbsp; <\/a><a href=\"https:\/\/www.cpv-ev.com\/wp-content\/uploads\/2019\/03\/Boy-George2.jpg\"><img loading=\"lazy\" decoding=\"async\" class=\"alignnone size-thumbnail wp-image-23049\" src=\"https:\/\/www.cpv-ev.com\/wp-content\/uploads\/2019\/03\/Boy-George2-147x110.jpg\" alt=\"\" width=\"147\" height=\"110\" srcset=\"https:\/\/www.cpv-ev.com\/wp-content\/uploads\/2019\/03\/Boy-George2-147x110.jpg 147w, https:\/\/www.cpv-ev.com\/wp-content\/uploads\/2019\/03\/Boy-George2-300x225.jpg 300w, https:\/\/www.cpv-ev.com\/wp-content\/uploads\/2019\/03\/Boy-George2-500x375.jpg 500w, https:\/\/www.cpv-ev.com\/wp-content\/uploads\/2019\/03\/Boy-George2-146x110.jpg 146w, https:\/\/www.cpv-ev.com\/wp-content\/uploads\/2019\/03\/Boy-George2.jpg 750w\" sizes=\"auto, (max-width: 147px) 100vw, 147px\" \/><\/a><a href=\"https:\/\/www.cpv-ev.com\/wp-content\/uploads\/2017\/05\/Boy-George.jpg\">&nbsp; <\/a><a href=\"https:\/\/www.cpv-ev.com\/wp-content\/uploads\/2019\/03\/Boy-George.jpg\"><img loading=\"lazy\" decoding=\"async\" class=\"alignnone size-thumbnail wp-image-23003\" src=\"https:\/\/www.cpv-ev.com\/wp-content\/uploads\/2019\/03\/Boy-George-147x110.jpg\" alt=\"\" width=\"147\" height=\"110\" srcset=\"https:\/\/www.cpv-ev.com\/wp-content\/uploads\/2019\/03\/Boy-George-147x110.jpg 147w, https:\/\/www.cpv-ev.com\/wp-content\/uploads\/2019\/03\/Boy-George-300x225.jpg 300w, https:\/\/www.cpv-ev.com\/wp-content\/uploads\/2019\/03\/Boy-George-500x375.jpg 500w, https:\/\/www.cpv-ev.com\/wp-content\/uploads\/2019\/03\/Boy-George-146x110.jpg 146w, https:\/\/www.cpv-ev.com\/wp-content\/uploads\/2019\/03\/Boy-George.jpg 750w\" sizes=\"auto, (max-width: 147px) 100vw, 147px\" \/><\/a><\/p>\r\n<h5>Nachkommen<\/h5>\r\n\n<table id=\"tablepress-18\" class=\"tablepress tablepress-id-18 mtr-table mtr-thead-th\">\n<thead>\n<tr class=\"row-1\">\n\t<th class=\"column-1 mtr-th-tag\" data-mtr-content=\"FOTO\"><div class=\"mtr-cell-content\">FOTO<\/div><\/th><th class=\"column-2 mtr-th-tag\" data-mtr-content=\"NAME\"><div class=\"mtr-cell-content\">NAME<\/div><\/th><th class=\"column-3 mtr-th-tag\" data-mtr-content=\"JAHR\"><div class=\"mtr-cell-content\">JAHR<\/div><\/th><th class=\"column-4 mtr-th-tag\" data-mtr-content=\"VATER\"><div class=\"mtr-cell-content\">VATER<\/div><\/th><th class=\"column-5 mtr-th-tag\" data-mtr-content=\"MUTTER\"><div class=\"mtr-cell-content\">MUTTER<\/div><\/th><th class=\"column-6 mtr-th-tag\" data-mtr-content=\"Z\u00dcCHTER\"><div class=\"mtr-cell-content\">Z\u00dcCHTER<\/div><\/th>\n<\/tr>\n<\/thead>\n<tbody class=\"row-striping row-hover\">\n<tr class=\"row-2\">\n\t<td class=\"column-1 mtr-td-tag\" data-mtr-content=\"FOTO\"><div class=\"mtr-cell-content\"><\/div><\/td><td class=\"column-2 mtr-td-tag\" data-mtr-content=\"NAME\"><div class=\"mtr-cell-content\"><b>PENANCING-BROOK <br>ALICE<\/b><br>FPG WN 8.3<br><br>Stute<br>Braunschimmel<br>2017<br><br><\/div><\/td><td class=\"column-3 mtr-td-tag\" data-mtr-content=\"JAHR\"><div class=\"mtr-cell-content\">2017<\/div><\/td><td class=\"column-4 mtr-td-tag\" data-mtr-content=\"VATER\"><div class=\"mtr-cell-content\">Boy George<\/div><\/td><td class=\"column-5 mtr-td-tag\" data-mtr-content=\"MUTTER\"><div class=\"mtr-cell-content\">Penancing-Brook Amandas Little Girl<br>v. Penancing-Brook Hazy Marschall<\/div><\/td><td class=\"column-6 mtr-td-tag\" data-mtr-content=\"Z\u00dcCHTER\"><div class=\"mtr-cell-content\">Penancing Brook<br>Konrad Weggel<br>94588 Eckersdorf<br><\/div><\/td>\n<\/tr>\n<tr class=\"row-3\">\n\t<td class=\"column-1 mtr-td-tag\" data-mtr-content=\"FOTO\"><div class=\"mtr-cell-content\"><\/div><\/td><td class=\"column-2 mtr-td-tag\" data-mtr-content=\"NAME\"><div class=\"mtr-cell-content\"><b>PENANCING-BROOK <br>ALLY<\/b><br>FPG WN 8.0<br><br>Stute<br>Schimmel<br>*21.06.2017<br><br><\/div><\/td><td class=\"column-3 mtr-td-tag\" data-mtr-content=\"JAHR\"><div class=\"mtr-cell-content\">2017<\/div><\/td><td class=\"column-4 mtr-td-tag\" data-mtr-content=\"VATER\"><div class=\"mtr-cell-content\">Boy George<\/div><\/td><td class=\"column-5 mtr-td-tag\" data-mtr-content=\"MUTTER\"><div class=\"mtr-cell-content\">Penancing-Brook Angie<br>v. Penancing-Brook Hazy Smart Boy<\/div><\/td><td class=\"column-6 mtr-td-tag\" data-mtr-content=\"Z\u00dcCHTER\"><div class=\"mtr-cell-content\">Penancing-Brook<br>Konrad Weggel<br>94588 Eckersdorf<br><\/div><\/td>\n<\/tr>\n<tr class=\"row-4\">\n\t<td class=\"column-1 mtr-td-tag\" data-mtr-content=\"FOTO\"><div class=\"mtr-cell-content\"><\/div><\/td><td class=\"column-2 mtr-td-tag\" data-mtr-content=\"NAME\"><div class=\"mtr-cell-content\"><b>PENANCING-BROOK <br>BAILANDO<\/b><br>FP<br><br>Hengst<br>Falbschimmel<br>*30.05.2017<br><br><\/div><\/td><td class=\"column-3 mtr-td-tag\" data-mtr-content=\"JAHR\"><div class=\"mtr-cell-content\">2017<\/div><\/td><td class=\"column-4 mtr-td-tag\" data-mtr-content=\"VATER\"><div class=\"mtr-cell-content\">Boy George<\/div><\/td><td class=\"column-5 mtr-td-tag\" data-mtr-content=\"MUTTER\"><div class=\"mtr-cell-content\">Penancing-Brook Amy Valentina<br>v. Hohnhorst Jaro<\/div><\/td><td class=\"column-6 mtr-td-tag\" data-mtr-content=\"Z\u00dcCHTER\"><div class=\"mtr-cell-content\">Penancing-Brook<br>Konrad Weggel<br>94588 Eckersdorf<br><\/div><\/td>\n<\/tr>\n<tr class=\"row-5\">\n\t<td class=\"column-1 mtr-td-tag\" data-mtr-content=\"FOTO\"><div class=\"mtr-cell-content\"><\/div><\/td><td class=\"column-2 mtr-td-tag\" data-mtr-content=\"NAME\"><div class=\"mtr-cell-content\"><b>PENANCING-BROOK <br>BAILEYS<\/b><br>DE484840031917<br>FP WN 7.7<br><br>Hengst<br>Falbschimmel<br>*13.05.2017<br><br><\/div><\/td><td class=\"column-3 mtr-td-tag\" data-mtr-content=\"JAHR\"><div class=\"mtr-cell-content\">2017<\/div><\/td><td class=\"column-4 mtr-td-tag\" data-mtr-content=\"VATER\"><div class=\"mtr-cell-content\">Boy George<\/div><\/td><td class=\"column-5 mtr-td-tag\" data-mtr-content=\"MUTTER\"><div class=\"mtr-cell-content\">Penancing-Brook Pandora<br>v. Hohnhorst Jaro<\/div><\/td><td class=\"column-6 mtr-td-tag\" data-mtr-content=\"Z\u00dcCHTER\"><div class=\"mtr-cell-content\">Penancing-Brook<br>Konrad Weggel<br>94588 Eckersdorf<br><\/div><\/td>\n<\/tr>\n<tr class=\"row-6\">\n\t<td class=\"column-1 mtr-td-tag\" data-mtr-content=\"FOTO\"><div class=\"mtr-cell-content\"><\/div><\/td><td class=\"column-2 mtr-td-tag\" data-mtr-content=\"NAME\"><div class=\"mtr-cell-content\"><b>PENANCING-BROOK <br>BEST BUDDY<\/b><br>DE484840034019<br>FP WN 7.5<br><br>Hengst<br>Falbschimmel<br>*16.04.2019<br>N\/N<br><br><\/div><\/td><td class=\"column-3 mtr-td-tag\" data-mtr-content=\"JAHR\"><div class=\"mtr-cell-content\">2019<\/div><\/td><td class=\"column-4 mtr-td-tag\" data-mtr-content=\"VATER\"><div class=\"mtr-cell-content\">Boy George<\/div><\/td><td class=\"column-5 mtr-td-tag\" data-mtr-content=\"MUTTER\"><div class=\"mtr-cell-content\">Sharon Fairy<br>v. Coolin America<\/div><\/td><td class=\"column-6 mtr-td-tag\" data-mtr-content=\"Z\u00dcCHTER\"><div class=\"mtr-cell-content\">Penancing-Brook<br>Konrad Weggel<br>94588 Eckersdorf<br><\/div><\/td>\n<\/tr>\n<tr class=\"row-7\">\n\t<td class=\"column-1 mtr-td-tag\" data-mtr-content=\"FOTO\"><div class=\"mtr-cell-content\"><a href=\"https:\/\/www.cpv-ev.com\/wp-content\/uploads\/2017\/06\/2017-Penancing-Brook-Bob-Marley.jpg\"><img loading=\"lazy\" decoding=\"async\" src=\"https:\/\/www.cpv-ev.com\/wp-content\/uploads\/2017\/06\/2017-Penancing-Brook-Bob-Marley-110x110.jpg\" alt=\"\" width=\"110\" height=\"110\" class=\"alignnone size-thumbnail wp-image-20229\" srcset=\"https:\/\/www.cpv-ev.com\/wp-content\/uploads\/2017\/06\/2017-Penancing-Brook-Bob-Marley-110x110.jpg 110w, https:\/\/www.cpv-ev.com\/wp-content\/uploads\/2017\/06\/2017-Penancing-Brook-Bob-Marley-150x150.jpg 150w\" sizes=\"auto, (max-width: 110px) 100vw, 110px\"><\/a><\/div><\/td><td class=\"column-2 mtr-td-tag\" data-mtr-content=\"NAME\"><div class=\"mtr-cell-content\"><b>PENANCING-BROOK <br>BOB MARLEY(*)<\/b><br>DE484840032017<br>FPG WN 8.2, \u00bb <a href=\"https:\/\/www.cpv-ev.com\/?page_id=24238\">Details<\/a><br><br>Hengst<br>Schimmel<br>*02.05.2017<br>N\/N<br><br><\/div><\/td><td class=\"column-3 mtr-td-tag\" data-mtr-content=\"JAHR\"><div class=\"mtr-cell-content\">2017<\/div><\/td><td class=\"column-4 mtr-td-tag\" data-mtr-content=\"VATER\"><div class=\"mtr-cell-content\">Boy George<\/div><\/td><td class=\"column-5 mtr-td-tag\" data-mtr-content=\"MUTTER\"><div class=\"mtr-cell-content\">Penancing-Brook Antonia<br>v. Frederiksminde Hazy Marvel<\/div><\/td><td class=\"column-6 mtr-td-tag\" data-mtr-content=\"Z\u00dcCHTER\"><div class=\"mtr-cell-content\">Penancing-Brook<br>Konrad Weggel<br>94588 Eckersdorf<br><\/div><\/td>\n<\/tr>\n<tr class=\"row-8\">\n\t<td class=\"column-1 mtr-td-tag\" data-mtr-content=\"FOTO\"><div class=\"mtr-cell-content\"><\/div><\/td><td class=\"column-2 mtr-td-tag\" data-mtr-content=\"NAME\"><div class=\"mtr-cell-content\"><b>PENANCING-BROOK <br>BOY GLENCAUGH STAR<\/b><br>DE484840059218<br><br>Hengst<br>2018<br>N\/N<br><br><\/div><\/td><td class=\"column-3 mtr-td-tag\" data-mtr-content=\"JAHR\"><div class=\"mtr-cell-content\">2018<\/div><\/td><td class=\"column-4 mtr-td-tag\" data-mtr-content=\"VATER\"><div class=\"mtr-cell-content\">Boy George<\/div><\/td><td class=\"column-5 mtr-td-tag\" data-mtr-content=\"MUTTER\"><div class=\"mtr-cell-content\"><\/div><\/td><td class=\"column-6 mtr-td-tag\" data-mtr-content=\"Z\u00dcCHTER\"><div class=\"mtr-cell-content\">Penancing-Brook<br>Konrad Weggel<br>94588 Eckersdorf<br><\/div><\/td>\n<\/tr>\n<tr class=\"row-9\">\n\t<td class=\"column-1 mtr-td-tag\" data-mtr-content=\"FOTO\"><div class=\"mtr-cell-content\"><a href=\"https:\/\/www.cpv-ev.com\/wp-content\/uploads\/2019\/12\/5950_Penancing-Brook-Boy-in-Love.jpg\"><img loading=\"lazy\" decoding=\"async\" src=\"https:\/\/www.cpv-ev.com\/wp-content\/uploads\/2019\/12\/5950_Penancing-Brook-Boy-in-Love-110x110.jpg\" alt=\"\" width=\"110\" height=\"110\" class=\"alignnone size-thumbnail wp-image-23994\" srcset=\"https:\/\/www.cpv-ev.com\/wp-content\/uploads\/2019\/12\/5950_Penancing-Brook-Boy-in-Love-110x110.jpg 110w, https:\/\/www.cpv-ev.com\/wp-content\/uploads\/2019\/12\/5950_Penancing-Brook-Boy-in-Love-300x300.jpg 300w, https:\/\/www.cpv-ev.com\/wp-content\/uploads\/2019\/12\/5950_Penancing-Brook-Boy-in-Love-500x500.jpg 500w, https:\/\/www.cpv-ev.com\/wp-content\/uploads\/2019\/12\/5950_Penancing-Brook-Boy-in-Love-768x768.jpg 768w, https:\/\/www.cpv-ev.com\/wp-content\/uploads\/2019\/12\/5950_Penancing-Brook-Boy-in-Love-150x150.jpg 150w, https:\/\/www.cpv-ev.com\/wp-content\/uploads\/2019\/12\/5950_Penancing-Brook-Boy-in-Love.jpg 960w\" sizes=\"auto, (max-width: 110px) 100vw, 110px\"><\/a><\/div><\/td><td class=\"column-2 mtr-td-tag\" data-mtr-content=\"NAME\"><div class=\"mtr-cell-content\"><b>PENANCING-BROOK <br>BOY IN LOVE<\/b><br>DE484840034119<br>FPG WN 8.2<br><br>Hengst<br>Schimmel<br>*07.06.2019<br>N\/N<br><br><\/div><\/td><td class=\"column-3 mtr-td-tag\" data-mtr-content=\"JAHR\"><div class=\"mtr-cell-content\">2019<\/div><\/td><td class=\"column-4 mtr-td-tag\" data-mtr-content=\"VATER\"><div class=\"mtr-cell-content\">Boy George<\/div><\/td><td class=\"column-5 mtr-td-tag\" data-mtr-content=\"MUTTER\"><div class=\"mtr-cell-content\">Penancing Brook Angie<br>v. Penancing Brook Hazy Smart Boy<\/div><\/td><td class=\"column-6 mtr-td-tag\" data-mtr-content=\"Z\u00dcCHTER\"><div class=\"mtr-cell-content\">Penancing-Brook<br>Konrad Weggel<br>94588 Eckersdorf<br><\/div><\/td>\n<\/tr>\n<tr class=\"row-10\">\n\t<td class=\"column-1 mtr-td-tag\" data-mtr-content=\"FOTO\"><div class=\"mtr-cell-content\"><\/div><\/td><td class=\"column-2 mtr-td-tag\" data-mtr-content=\"NAME\"><div class=\"mtr-cell-content\"><b>PENANCING-BROOK <br>BUGS BUNNY<\/b><br><br>Hengst<br>Falbe<br>*01.03.2020<br><br><\/div><\/td><td class=\"column-3 mtr-td-tag\" data-mtr-content=\"JAHR\"><div class=\"mtr-cell-content\">2020<\/div><\/td><td class=\"column-4 mtr-td-tag\" data-mtr-content=\"VATER\"><div class=\"mtr-cell-content\">Boy George<\/div><\/td><td class=\"column-5 mtr-td-tag\" data-mtr-content=\"MUTTER\"><div class=\"mtr-cell-content\">Penancing-Brook Amy Valentina<br>v. Hohnhorst Jaro<\/div><\/td><td class=\"column-6 mtr-td-tag\" data-mtr-content=\"Z\u00dcCHTER\"><div class=\"mtr-cell-content\">Penancing-Brook<br>Konrad Weggel<br>94588 Eckersdorf<br><\/div><\/td>\n<\/tr>\n<tr class=\"row-11\">\n\t<td class=\"column-1 mtr-td-tag\" data-mtr-content=\"FOTO\"><div class=\"mtr-cell-content\"><\/div><\/td><td class=\"column-2 mtr-td-tag\" data-mtr-content=\"NAME\"><div class=\"mtr-cell-content\"><b>WIRTHSM\u00dcHLE <br>LOVELY LEENA<\/b><br>FP WN 7.7<br><br>Stute<br>Schimmel<br>2017<br><br><\/div><\/td><td class=\"column-3 mtr-td-tag\" data-mtr-content=\"JAHR\"><div class=\"mtr-cell-content\">2017<\/div><\/td><td class=\"column-4 mtr-td-tag\" data-mtr-content=\"VATER\"><div class=\"mtr-cell-content\">Boy George<\/div><\/td><td class=\"column-5 mtr-td-tag\" data-mtr-content=\"MUTTER\"><div class=\"mtr-cell-content\">Wirthsm\u00fchle Loveliness<br>v. Diamond Shamrock<\/div><\/td><td class=\"column-6 mtr-td-tag\" data-mtr-content=\"Z\u00dcCHTER\"><div class=\"mtr-cell-content\">Wirthsm\u00fchle<br>Angelika Wolf<br>91171 Greding<br><\/div><\/td>\n<\/tr>\n<tr class=\"row-12\">\n\t<td class=\"column-1 mtr-td-tag\" data-mtr-content=\"FOTO\"><div class=\"mtr-cell-content\"><\/div><\/td><td class=\"column-2 mtr-td-tag\" data-mtr-content=\"NAME\"><div class=\"mtr-cell-content\"><b>PENANCING-BROOK <br>ALICE<\/b><br><br>Stute<br>2021<br><br><\/div><\/td><td class=\"column-3 mtr-td-tag\" data-mtr-content=\"JAHR\"><div class=\"mtr-cell-content\">2021<\/div><\/td><td class=\"column-4 mtr-td-tag\" data-mtr-content=\"VATER\"><div class=\"mtr-cell-content\">Boy George<\/div><\/td><td class=\"column-5 mtr-td-tag\" data-mtr-content=\"MUTTER\"><div class=\"mtr-cell-content\">Penancing-Brook Amandas Little Girl<br>v. Penancing-Brook Hazy Marschall<\/div><\/td><td class=\"column-6 mtr-td-tag\" data-mtr-content=\"Z\u00dcCHTER\"><div class=\"mtr-cell-content\">Penancing-Brook<br>Konrad Weggel<br>94588 Eckersdorf<br><\/div><\/td>\n<\/tr>\n<\/tbody>\n<\/table>\n<!-- #tablepress-18 from cache -->\r\n\r\n<p>&nbsp;<\/p>\r\n","protected":false},"excerpt":{"rendered":"<p>Farbe: SchimmelGeburtsfarbe: Schimmel Hengstbuch: CPBS S1-14802, Bayern HB I, Pr\u00e4mienhengst, FN Bundespr\u00e4mienhengstK\u00f6rung: CPBS IrlandK\u00f6rung: 08.04.2017, M\u00fcnchen Geboren: 10.04.2013 Leistungspr\u00fcfung: 2018 Ansbach,2 TT, Note 8,06 (Rang 1\/2) Stockma\u00df: 147 cm Tr\u00e4ger des Creme-Faktors: unbekannt R\u00f6hrbein: 20 cm Tr\u00e4ger des Fuchsgens: unbekannt <a class=\"more-link\" href=\"https:\/\/www.cpv-ev.com\/?page_id=18254\"><span class=\"screen-reader-text\">  Boy George<\/span> weiterlesen<span class=\"meta-nav\">&rarr;<\/span><\/a><\/p>\n","protected":false},"author":2,"featured_media":0,"parent":11809,"menu_order":0,"comment_status":"closed","ping_status":"closed","template":"","meta":{"ngg_post_thumbnail":0,"footnotes":""},"class_list":["post-18254","page","type-page","status-publish","hentry"],"_links":{"self":[{"href":"https:\/\/www.cpv-ev.com\/index.php?rest_route=\/wp\/v2\/pages\/18254","targetHints":{"allow":["GET"]}}],"collection":[{"href":"https:\/\/www.cpv-ev.com\/index.php?rest_route=\/wp\/v2\/pages"}],"about":[{"href":"https:\/\/www.cpv-ev.com\/index.php?rest_route=\/wp\/v2\/types\/page"}],"author":[{"embeddable":true,"href":"https:\/\/www.cpv-ev.com\/index.php?rest_route=\/wp\/v2\/users\/2"}],"replies":[{"embeddable":true,"href":"https:\/\/www.cpv-ev.com\/index.php?rest_route=%2Fwp%2Fv2%2Fcomments&post=18254"}],"version-history":[{"count":3,"href":"https:\/\/www.cpv-ev.com\/index.php?rest_route=\/wp\/v2\/pages\/18254\/revisions"}],"predecessor-version":[{"id":30167,"href":"https:\/\/www.cpv-ev.com\/index.php?rest_route=\/wp\/v2\/pages\/18254\/revisions\/30167"}],"up":[{"embeddable":true,"href":"https:\/\/www.cpv-ev.com\/index.php?rest_route=\/wp\/v2\/pages\/11809"}],"wp:attachment":[{"href":"https:\/\/www.cpv-ev.com\/index.php?rest_route=%2Fwp%2Fv2%2Fmedia&parent=18254"}],"curies":[{"name":"wp","href":"https:\/\/api.w.org\/{rel}","templated":true}]}}