{"id":18229,"date":"2016-06-01T18:17:48","date_gmt":"2016-06-01T16:17:48","guid":{"rendered":"https:\/\/www.cpv-ev.com\/?page_id=18229"},"modified":"2019-05-30T11:14:47","modified_gmt":"2019-05-30T09:14:47","slug":"glencarrig-prince","status":"publish","type":"page","link":"https:\/\/www.cpv-ev.com\/?page_id=18229","title":{"rendered":"Glencarrig Prince &#8211; IRL"},"content":{"rendered":"<p>&nbsp;<\/p>\n<table cellspacing=\"0\" cellpadding=\"0\" border=\"1\">\n<tbody>\n<tr>\n<td width=\"359\" valign=\"top\"><strong>Farbe:<\/strong> Schimmel<\/td>\n<td width=\"359\" valign=\"top\"><strong>Hengstbuch:<\/strong> CPBS 1073<\/td>\n<\/tr>\n<tr>\n<td width=\"359\" valign=\"top\"><strong>Geboren:<\/strong> 1997<\/td>\n<td width=\"359\" valign=\"top\"><strong>Leistungspr\u00fcfung: <\/strong>Eigenleistung<br \/>\nClifden Supreme Champion<em><em><br \/>\n<\/em><\/em><\/td>\n<\/tr>\n<tr>\n<td width=\"359\" valign=\"top\"><strong>Stockma\u00df: <\/strong>148 cm<\/td>\n<td width=\"359\" valign=\"top\"><strong>Tr\u00e4ger des Creme-Faktors:<\/strong> unbekannt<\/td>\n<\/tr>\n<tr>\n<td width=\"359\" valign=\"top\"><strong>R\u00f6hrbein: <\/strong><strong><br \/>\n<\/strong><\/td>\n<td width=\"359\" valign=\"top\"><strong>Tr\u00e4ger des Fuchsgens:<\/strong> unbekannt<\/td>\n<\/tr>\n<tr>\n<td width=\"359\" valign=\"top\"><strong style=\"line-height: 24px;\">HWSD-Status: <\/strong>N\/N mit Abstammungs\u00fcberpr\u00fcfung<strong style=\"line-height: 24px;\"><br \/>\n<\/strong><\/td>\n<td width=\"359\" valign=\"top\">&nbsp;<\/td>\n<\/tr>\n<tr>\n<td width=\"359\" valign=\"top\"><img loading=\"lazy\" decoding=\"async\" class=\"alignnone size-full wp-image-232\" src=\"https:\/\/www.cpv-ev.com\/wp-content\/uploads\/2012\/07\/trans240x10.gif\" alt=\"trans240x10\" width=\"240\" height=\"10\" srcset=\"https:\/\/www.cpv-ev.com\/wp-content\/uploads\/2012\/07\/trans240x10.gif 240w, https:\/\/www.cpv-ev.com\/wp-content\/uploads\/2012\/07\/trans240x10-225x10.gif 225w\" sizes=\"auto, (max-width: 240px) 100vw, 240px\" \/><\/td>\n<td width=\"359\" valign=\"top\">&nbsp;<\/td>\n<\/tr>\n<tr>\n<td width=\"359\" valign=\"top\"><strong>Gek\u00f6rte S\u00f6hne: <\/strong>Allens Park Prince, Cedars Wandering Star, Glencarrig Creggrush Silver, Glencarrig Oscar, Patrick &amp; Rocco, Glenkyle Warrior, Irishtown Prince, Kilpatrick Prince, Lough George Prince, Monaghanstown Paddy &amp; Prince, Prince Nestor, Rebel Village Prince (IRL),<\/p>\n<p>Coosheen Finbarr (SWE),<\/p>\n<p><a href=\"https:\/\/www.cpv-ev.com\/?page_id=22898\" target=\"_blank\" rel=\"noopener noreferrer\">Ekely&#8217;s Chance<\/a><\/td>\n<td width=\"359\" valign=\"top\"><strong>Eingetragene Stuten:<\/strong> <strong><br \/>\n<\/strong><strong>davon StPrSt: <\/strong>&#8211;<br \/>\n<strong>Irland:<\/strong> 157<\/td>\n<\/tr>\n<tr>\n<td width=\"359\" valign=\"top\">&nbsp;<\/td>\n<td width=\"359\" valign=\"top\">&nbsp;<\/td>\n<\/tr>\n<tr>\n<td width=\"359\" valign=\"top\"><img loading=\"lazy\" decoding=\"async\" src=\"https:\/\/www.cpv-ev.com\/wp-content\/uploads\/2012\/07\/trans240x10.gif\" alt=\"trans240x10\" width=\"240\" height=\"10\"><\/td>\n<td width=\"359\" valign=\"top\">&nbsp;<\/td>\n<\/tr>\n<tr>\n<td width=\"359\" valign=\"top\"><strong>Lebensgewinnsumme:<\/strong> &#8211;<img loading=\"lazy\" decoding=\"async\" class=\"alignnone size-full wp-image-232\" title=\"trans240x10\" src=\"https:\/\/www.cpv-ev.com\/wp-content\/uploads\/2012\/07\/trans240x10.gif\" alt=\"\" width=\"100\" height=\"20\"><\/td>\n<td width=\"359\" valign=\"top\"><strong>Nachkommen-LGS: <\/strong>912 EUR (2018)<\/td>\n<\/tr>\n<tr>\n<td colspan=\"2\" width=\"717\" valign=\"top\"><img loading=\"lazy\" decoding=\"async\" src=\"https:\/\/www.cpv-ev.com\/wp-content\/uploads\/2012\/07\/trans240x10.gif\" alt=\"trans240x10\" width=\"240\" height=\"10\"><\/td>\n<\/tr>\n<tr>\n<td colspan=\"2\" width=\"717\" valign=\"top\"><strong><strong>Z\u00fcchter: <\/strong><\/strong>Ciar\u00e1n Curran, Moycullen, Irland<strong><strong><br \/>\n<\/strong><\/strong><strong>Besitzer:&nbsp;<\/strong>Gear\u00f3id Curran, Moycullen, Irland<\/td>\n<\/tr>\n<\/tbody>\n<\/table>\n<h5>Pedigree<\/h5>\n<p><a href=\"https:\/\/www.cpv-ev.com\/wp-content\/uploads\/2016\/06\/Glencarrig-Prince-Ped.jpg\" rel=\"attachment wp-att-18270\"><img loading=\"lazy\" decoding=\"async\" class=\"alignnone size-full wp-image-18270\" src=\"https:\/\/www.cpv-ev.com\/wp-content\/uploads\/2016\/06\/Glencarrig-Prince-Ped.jpg\" alt=\"Glencarrig Prince Ped\" width=\"680\" height=\"310\" srcset=\"https:\/\/www.cpv-ev.com\/wp-content\/uploads\/2016\/06\/Glencarrig-Prince-Ped.jpg 680w, https:\/\/www.cpv-ev.com\/wp-content\/uploads\/2016\/06\/Glencarrig-Prince-Ped-241x110.jpg 241w, https:\/\/www.cpv-ev.com\/wp-content\/uploads\/2016\/06\/Glencarrig-Prince-Ped-300x137.jpg 300w, https:\/\/www.cpv-ev.com\/wp-content\/uploads\/2016\/06\/Glencarrig-Prince-Ped-500x228.jpg 500w\" sizes=\"auto, (max-width: 680px) 100vw, 680px\" \/><\/a><\/p>\n<h5>Galerie<\/h5>\n<p><a href=\"https:\/\/www.cpv-ev.com\/wp-content\/uploads\/2016\/06\/Glencarrig-Prince.jpg\" rel=\"attachment wp-att-18232\"><img loading=\"lazy\" decoding=\"async\" class=\"alignnone size-thumbnail wp-image-18232\" src=\"https:\/\/www.cpv-ev.com\/wp-content\/uploads\/2016\/06\/Glencarrig-Prince-151x110.jpg\" alt=\"Glencarrig Prince\" width=\"151\" height=\"110\" srcset=\"https:\/\/www.cpv-ev.com\/wp-content\/uploads\/2016\/06\/Glencarrig-Prince-151x110.jpg 151w, https:\/\/www.cpv-ev.com\/wp-content\/uploads\/2016\/06\/Glencarrig-Prince-300x218.jpg 300w, https:\/\/www.cpv-ev.com\/wp-content\/uploads\/2016\/06\/Glencarrig-Prince-500x364.jpg 500w, https:\/\/www.cpv-ev.com\/wp-content\/uploads\/2016\/06\/Glencarrig-Prince-150x110.jpg 150w, https:\/\/www.cpv-ev.com\/wp-content\/uploads\/2016\/06\/Glencarrig-Prince.jpg 524w\" sizes=\"auto, (max-width: 151px) 100vw, 151px\" \/>&nbsp; <\/a><a href=\"https:\/\/www.cpv-ev.com\/wp-content\/uploads\/2016\/06\/Glencarrig-Prince_MA3_2304.jpg\" rel=\"attachment wp-att-18271\"><img loading=\"lazy\" decoding=\"async\" class=\"alignnone size-thumbnail wp-image-18271\" src=\"https:\/\/www.cpv-ev.com\/wp-content\/uploads\/2016\/06\/Glencarrig-Prince_MA3_2304-147x110.jpg\" alt=\"Glencarrig Prince_MA3_2304\" width=\"147\" height=\"110\" srcset=\"https:\/\/www.cpv-ev.com\/wp-content\/uploads\/2016\/06\/Glencarrig-Prince_MA3_2304-147x110.jpg 147w, https:\/\/www.cpv-ev.com\/wp-content\/uploads\/2016\/06\/Glencarrig-Prince_MA3_2304-300x225.jpg 300w, https:\/\/www.cpv-ev.com\/wp-content\/uploads\/2016\/06\/Glencarrig-Prince_MA3_2304-500x375.jpg 500w, https:\/\/www.cpv-ev.com\/wp-content\/uploads\/2016\/06\/Glencarrig-Prince_MA3_2304-146x110.jpg 146w, https:\/\/www.cpv-ev.com\/wp-content\/uploads\/2016\/06\/Glencarrig-Prince_MA3_2304.jpg 750w\" sizes=\"auto, (max-width: 147px) 100vw, 147px\" \/><\/a><a href=\"https:\/\/www.cpv-ev.com\/wp-content\/uploads\/2016\/06\/Glencarrig-Prince.jpg\" rel=\"attachment wp-att-18232\">&nbsp; <\/a><a href=\"https:\/\/www.cpv-ev.com\/wp-content\/uploads\/2016\/06\/Glencarrig-Prince_MA3_24171.jpg\" rel=\"attachment wp-att-18275\"><img loading=\"lazy\" decoding=\"async\" class=\"alignnone size-thumbnail wp-image-18275\" src=\"https:\/\/www.cpv-ev.com\/wp-content\/uploads\/2016\/06\/Glencarrig-Prince_MA3_24171-147x110.jpg\" alt=\"Glencarrig Prince_MA3_24171\" width=\"147\" height=\"110\" srcset=\"https:\/\/www.cpv-ev.com\/wp-content\/uploads\/2016\/06\/Glencarrig-Prince_MA3_24171-147x110.jpg 147w, https:\/\/www.cpv-ev.com\/wp-content\/uploads\/2016\/06\/Glencarrig-Prince_MA3_24171-300x225.jpg 300w, https:\/\/www.cpv-ev.com\/wp-content\/uploads\/2016\/06\/Glencarrig-Prince_MA3_24171-500x375.jpg 500w, https:\/\/www.cpv-ev.com\/wp-content\/uploads\/2016\/06\/Glencarrig-Prince_MA3_24171-146x110.jpg 146w, https:\/\/www.cpv-ev.com\/wp-content\/uploads\/2016\/06\/Glencarrig-Prince_MA3_24171.jpg 750w\" sizes=\"auto, (max-width: 147px) 100vw, 147px\" \/><\/a><a href=\"https:\/\/www.cpv-ev.com\/wp-content\/uploads\/2016\/06\/Glencarrig-Prince.jpg\" rel=\"attachment wp-att-18232\">&nbsp; <\/a><a href=\"https:\/\/www.cpv-ev.com\/wp-content\/uploads\/2016\/06\/Glencarrig-Prince_MA3_2408.jpg\" rel=\"attachment wp-att-18273\"><img loading=\"lazy\" decoding=\"async\" class=\"alignnone size-thumbnail wp-image-18273\" src=\"https:\/\/www.cpv-ev.com\/wp-content\/uploads\/2016\/06\/Glencarrig-Prince_MA3_2408-147x110.jpg\" alt=\"Glencarrig Prince_MA3_2408\" width=\"147\" height=\"110\" srcset=\"https:\/\/www.cpv-ev.com\/wp-content\/uploads\/2016\/06\/Glencarrig-Prince_MA3_2408-147x110.jpg 147w, https:\/\/www.cpv-ev.com\/wp-content\/uploads\/2016\/06\/Glencarrig-Prince_MA3_2408-300x225.jpg 300w, https:\/\/www.cpv-ev.com\/wp-content\/uploads\/2016\/06\/Glencarrig-Prince_MA3_2408-500x375.jpg 500w, https:\/\/www.cpv-ev.com\/wp-content\/uploads\/2016\/06\/Glencarrig-Prince_MA3_2408-146x110.jpg 146w, https:\/\/www.cpv-ev.com\/wp-content\/uploads\/2016\/06\/Glencarrig-Prince_MA3_2408.jpg 750w\" sizes=\"auto, (max-width: 147px) 100vw, 147px\" \/><\/a><a href=\"https:\/\/www.cpv-ev.com\/wp-content\/uploads\/2016\/06\/Glencarrig-Prince.jpg\" rel=\"attachment wp-att-18232\">&nbsp; <\/a><a href=\"https:\/\/www.cpv-ev.com\/wp-content\/uploads\/2016\/06\/Glencarrig-Prince_MA3_2404.jpg\" rel=\"attachment wp-att-18272\"><img loading=\"lazy\" decoding=\"async\" class=\"alignnone size-thumbnail wp-image-18272\" src=\"https:\/\/www.cpv-ev.com\/wp-content\/uploads\/2016\/06\/Glencarrig-Prince_MA3_2404-147x110.jpg\" alt=\"Glencarrig Prince_MA3_2404\" width=\"147\" height=\"110\" srcset=\"https:\/\/www.cpv-ev.com\/wp-content\/uploads\/2016\/06\/Glencarrig-Prince_MA3_2404-147x110.jpg 147w, https:\/\/www.cpv-ev.com\/wp-content\/uploads\/2016\/06\/Glencarrig-Prince_MA3_2404-300x225.jpg 300w, https:\/\/www.cpv-ev.com\/wp-content\/uploads\/2016\/06\/Glencarrig-Prince_MA3_2404-500x375.jpg 500w, https:\/\/www.cpv-ev.com\/wp-content\/uploads\/2016\/06\/Glencarrig-Prince_MA3_2404-146x110.jpg 146w, https:\/\/www.cpv-ev.com\/wp-content\/uploads\/2016\/06\/Glencarrig-Prince_MA3_2404.jpg 750w\" sizes=\"auto, (max-width: 147px) 100vw, 147px\" \/><\/a><a href=\"https:\/\/www.cpv-ev.com\/wp-content\/uploads\/2016\/06\/Glencarrig-Prince.jpg\" rel=\"attachment wp-att-18232\">&nbsp; <\/a><a href=\"https:\/\/www.cpv-ev.com\/wp-content\/uploads\/2016\/06\/Glencarrig-Prince_MA3_23121.jpg\" rel=\"attachment wp-att-18274\"><img loading=\"lazy\" decoding=\"async\" class=\"alignnone size-thumbnail wp-image-18274\" src=\"https:\/\/www.cpv-ev.com\/wp-content\/uploads\/2016\/06\/Glencarrig-Prince_MA3_23121-82x110.jpg\" alt=\"Glencarrig Prince_MA3_23121\" width=\"82\" height=\"110\" srcset=\"https:\/\/www.cpv-ev.com\/wp-content\/uploads\/2016\/06\/Glencarrig-Prince_MA3_23121-82x110.jpg 82w, https:\/\/www.cpv-ev.com\/wp-content\/uploads\/2016\/06\/Glencarrig-Prince_MA3_23121-300x400.jpg 300w, https:\/\/www.cpv-ev.com\/wp-content\/uploads\/2016\/06\/Glencarrig-Prince_MA3_23121-375x500.jpg 375w, https:\/\/www.cpv-ev.com\/wp-content\/uploads\/2016\/06\/Glencarrig-Prince_MA3_23121-110x146.jpg 110w, https:\/\/www.cpv-ev.com\/wp-content\/uploads\/2016\/06\/Glencarrig-Prince_MA3_23121-225x300.jpg 225w, https:\/\/www.cpv-ev.com\/wp-content\/uploads\/2016\/06\/Glencarrig-Prince_MA3_23121.jpg 562w\" sizes=\"auto, (max-width: 82px) 100vw, 82px\" \/><\/a><\/p>\n<h5>Nachkommen<\/h5>\n\n<table id=\"tablepress-18\" class=\"tablepress tablepress-id-18 mtr-table mtr-thead-th\">\n<thead>\n<tr class=\"row-1\">\n\t<th class=\"column-1 mtr-th-tag\" data-mtr-content=\"FOTO\"><div class=\"mtr-cell-content\">FOTO<\/div><\/th><th class=\"column-2 mtr-th-tag\" data-mtr-content=\"NAME\"><div class=\"mtr-cell-content\">NAME<\/div><\/th><th class=\"column-3 mtr-th-tag\" data-mtr-content=\"JAHR\"><div class=\"mtr-cell-content\">JAHR<\/div><\/th><th class=\"column-4 mtr-th-tag\" data-mtr-content=\"VATER\"><div class=\"mtr-cell-content\">VATER<\/div><\/th><th class=\"column-5 mtr-th-tag\" data-mtr-content=\"MUTTER\"><div class=\"mtr-cell-content\">MUTTER<\/div><\/th><th class=\"column-6 mtr-th-tag\" data-mtr-content=\"Z\u00dcCHTER\"><div class=\"mtr-cell-content\">Z\u00dcCHTER<\/div><\/th>\n<\/tr>\n<\/thead>\n<tbody class=\"row-striping row-hover\">\n<tr class=\"row-2\">\n\t<td class=\"column-1 mtr-td-tag\" data-mtr-content=\"FOTO\"><div class=\"mtr-cell-content\"><\/div><\/td><td class=\"column-2 mtr-td-tag\" data-mtr-content=\"NAME\"><div class=\"mtr-cell-content\"><b>DR TIM<\/b><br>CPBS S3-15962<br><br>Wallach<br>Schimmel<br>*26.04.2013<br>148 cm<br><br><\/div><\/td><td class=\"column-3 mtr-td-tag\" data-mtr-content=\"JAHR\"><div class=\"mtr-cell-content\">2013<\/div><\/td><td class=\"column-4 mtr-td-tag\" data-mtr-content=\"VATER\"><div class=\"mtr-cell-content\">Glencarrig Prince 1073<\/div><\/td><td class=\"column-5 mtr-td-tag\" data-mtr-content=\"MUTTER\"><div class=\"mtr-cell-content\">Creggan Clonthread Lass<br>v. Sweetwall Captain Courageous<\/div><\/td><td class=\"column-6 mtr-td-tag\" data-mtr-content=\"Z\u00dcCHTER\"><div class=\"mtr-cell-content\">Hubert Faherty<br>Corrandulla<br>Irland<\/div><\/td>\n<\/tr>\n<tr class=\"row-3\">\n\t<td class=\"column-1 mtr-td-tag\" data-mtr-content=\"FOTO\"><div class=\"mtr-cell-content\"><a href=\"https:\/\/www.cpv-ev.com\/wp-content\/uploads\/2016\/09\/2016-Ekelys-Chance.jpg\"><img loading=\"lazy\" decoding=\"async\" src=\"https:\/\/www.cpv-ev.com\/wp-content\/uploads\/2016\/09\/2016-Ekelys-Chance-110x110.jpg\" alt=\"\" width=\"110\" height=\"110\" class=\"alignnone size-thumbnail wp-image-19281\" srcset=\"https:\/\/www.cpv-ev.com\/wp-content\/uploads\/2016\/09\/2016-Ekelys-Chance-110x110.jpg 110w, https:\/\/www.cpv-ev.com\/wp-content\/uploads\/2016\/09\/2016-Ekelys-Chance-150x150.jpg 150w\" sizes=\"auto, (max-width: 110px) 100vw, 110px\"><\/a><\/div><\/td><td class=\"column-2 mtr-td-tag\" data-mtr-content=\"NAME\"><div class=\"mtr-cell-content\"><b>EKELY'S CHANCE(*)<\/b><br>IRL004100018283<br>\u00bb <a href=\"https:\/\/www.cpv-ev.com\/?page_id=22898\">Details<\/a><br><br>Hengst<br>Schimmel<br>*27.04.2016<br>N\/N<br><br><\/div><\/td><td class=\"column-3 mtr-td-tag\" data-mtr-content=\"JAHR\"><div class=\"mtr-cell-content\">2016<\/div><\/td><td class=\"column-4 mtr-td-tag\" data-mtr-content=\"VATER\"><div class=\"mtr-cell-content\">Glencarrig Prince 1073<\/div><\/td><td class=\"column-5 mtr-td-tag\" data-mtr-content=\"MUTTER\"><div class=\"mtr-cell-content\">Ekely's Niamh<br>v. Frederiksminde Hazy Match<\/div><\/td><td class=\"column-6 mtr-td-tag\" data-mtr-content=\"Z\u00dcCHTER\"><div class=\"mtr-cell-content\">Ekely<br>Susanne Lehmann<br>26345 Bockhorn<br><\/div><\/td>\n<\/tr>\n<tr class=\"row-4\">\n\t<td class=\"column-1 mtr-td-tag\" data-mtr-content=\"FOTO\"><div class=\"mtr-cell-content\"><\/div><\/td><td class=\"column-2 mtr-td-tag\" data-mtr-content=\"NAME\"><div class=\"mtr-cell-content\"><b>KILSHANNIG <br>MULLIGAN SURF<\/b><br>KILSHANNING MULLIGAN SURF (FN)<br>CPBS S3-04448<br>IRL100400004448<br>LGS 1.074 EUR (2020)<br><br>Wallach<br>Schimmel<br>*23.03.2008<br><br><\/div><\/td><td class=\"column-3 mtr-td-tag\" data-mtr-content=\"JAHR\"><div class=\"mtr-cell-content\">2008<\/div><\/td><td class=\"column-4 mtr-td-tag\" data-mtr-content=\"VATER\"><div class=\"mtr-cell-content\">Glencarrig Prince 1073<\/div><\/td><td class=\"column-5 mtr-td-tag\" data-mtr-content=\"MUTTER\"><div class=\"mtr-cell-content\">Grange Grace Surf<br>v. Grange Bobbing Sparrow<\/div><\/td><td class=\"column-6 mtr-td-tag\" data-mtr-content=\"Z\u00dcCHTER\"><div class=\"mtr-cell-content\">Roger O'Mahony<br>Cratloe<br>Irland<\/div><\/td>\n<\/tr>\n<tr class=\"row-5\">\n\t<td class=\"column-1 mtr-td-tag\" data-mtr-content=\"FOTO\"><div class=\"mtr-cell-content\"><\/div><\/td><td class=\"column-2 mtr-td-tag\" data-mtr-content=\"NAME\"><div class=\"mtr-cell-content\"><b>KNOCKALLA <br>JENNY WREN<\/b><br>CPBS  21724<br>DE402980033608<br><br>Stute<br>Schimmel<br>*09.06.2008<br>148 cm<br>N\/N<br><br><\/div><\/td><td class=\"column-3 mtr-td-tag\" data-mtr-content=\"JAHR\"><div class=\"mtr-cell-content\">2008<\/div><\/td><td class=\"column-4 mtr-td-tag\" data-mtr-content=\"VATER\"><div class=\"mtr-cell-content\">Glencarrig Prince 1073<\/div><\/td><td class=\"column-5 mtr-td-tag\" data-mtr-content=\"MUTTER\"><div class=\"mtr-cell-content\">Coosheen Sparrow<br>v. Glenvalley Grey 1029<\/div><\/td><td class=\"column-6 mtr-td-tag\" data-mtr-content=\"Z\u00dcCHTER\"><div class=\"mtr-cell-content\">Knockalla<br>Judy Cuddy<br>Middleton <br>Irland<\/div><\/td>\n<\/tr>\n<tr class=\"row-6\">\n\t<td class=\"column-1 mtr-td-tag\" data-mtr-content=\"FOTO\"><div class=\"mtr-cell-content\"><a href=\"https:\/\/www.cpv-ev.com\/wp-content\/uploads\/2017\/06\/Kylemore-Dan.jpg\"><img loading=\"lazy\" decoding=\"async\" src=\"https:\/\/www.cpv-ev.com\/wp-content\/uploads\/2017\/06\/Kylemore-Dan-110x110.jpg\" alt=\"\" width=\"110\" height=\"110\" class=\"alignnone size-thumbnail wp-image-20243\" srcset=\"https:\/\/www.cpv-ev.com\/wp-content\/uploads\/2017\/06\/Kylemore-Dan-110x110.jpg 110w, https:\/\/www.cpv-ev.com\/wp-content\/uploads\/2017\/06\/Kylemore-Dan-150x150.jpg 150w\" sizes=\"auto, (max-width: 110px) 100vw, 110px\"><\/a><\/div><\/td><td class=\"column-2 mtr-td-tag\" data-mtr-content=\"NAME\"><div class=\"mtr-cell-content\"><b>KYLEMORE DAN<\/b><br>CPBS S3-15483<br><br>Wallach<br>Schimmel<br>*22.04.2013<br>148 cm<br><br><\/div><\/td><td class=\"column-3 mtr-td-tag\" data-mtr-content=\"JAHR\"><div class=\"mtr-cell-content\">2013<\/div><\/td><td class=\"column-4 mtr-td-tag\" data-mtr-content=\"VATER\"><div class=\"mtr-cell-content\">Glencarrig Prince 1073<\/div><\/td><td class=\"column-5 mtr-td-tag\" data-mtr-content=\"MUTTER\"><div class=\"mtr-cell-content\">Doonhill Lady Dawn<br>v. Glendine Kestrel<\/div><\/td><td class=\"column-6 mtr-td-tag\" data-mtr-content=\"Z\u00dcCHTER\"><div class=\"mtr-cell-content\">Peter H. Conroy<br>Kylemore<br>Irland<\/div><\/td>\n<\/tr>\n<tr class=\"row-7\">\n\t<td class=\"column-1 mtr-td-tag\" data-mtr-content=\"FOTO\"><div class=\"mtr-cell-content\"><\/div><\/td><td class=\"column-2 mtr-td-tag\" data-mtr-content=\"NAME\"><div class=\"mtr-cell-content\"><b>LISSROE SAMANTHA<\/b><br>CPBS 22991<br><br>Stute<br>Falbschimmel<br>*01.05.2009<br>148 cm<br><br><\/div><\/td><td class=\"column-3 mtr-td-tag\" data-mtr-content=\"JAHR\"><div class=\"mtr-cell-content\">2009<\/div><\/td><td class=\"column-4 mtr-td-tag\" data-mtr-content=\"VATER\"><div class=\"mtr-cell-content\">Glencarrig Prince 1073<\/div><\/td><td class=\"column-5 mtr-td-tag\" data-mtr-content=\"MUTTER\"><div class=\"mtr-cell-content\">Lissroe Lady<br>v. Ferdia<\/div><\/td><td class=\"column-6 mtr-td-tag\" data-mtr-content=\"Z\u00dcCHTER\"><div class=\"mtr-cell-content\">Jim Mullaney <br>Moycullen<br>Irland<\/div><\/td>\n<\/tr>\n<tr class=\"row-8\">\n\t<td class=\"column-1 mtr-td-tag\" data-mtr-content=\"FOTO\"><div class=\"mtr-cell-content\"><\/div><\/td><td class=\"column-2 mtr-td-tag\" data-mtr-content=\"NAME\"><div class=\"mtr-cell-content\"><b>MOUNTAIN PRINCE<\/b><br>CPBS G3-4372<br>IRL100400004372<br>LGS 30 EUR (2020)<br><br>Wallach<br>Schimmel<br>*09.04.2004<br><br><\/div><\/td><td class=\"column-3 mtr-td-tag\" data-mtr-content=\"JAHR\"><div class=\"mtr-cell-content\">2004<\/div><\/td><td class=\"column-4 mtr-td-tag\" data-mtr-content=\"VATER\"><div class=\"mtr-cell-content\">Glencarrig Prince 1073<\/div><\/td><td class=\"column-5 mtr-td-tag\" data-mtr-content=\"MUTTER\"><div class=\"mtr-cell-content\">Glencarrig Roisin<br>v. Castlestrange Fionn 1046<\/div><\/td><td class=\"column-6 mtr-td-tag\" data-mtr-content=\"Z\u00dcCHTER\"><div class=\"mtr-cell-content\">Michael Naughton<br>Rosmuck<br>Irland<\/div><\/td>\n<\/tr>\n<tr class=\"row-9\">\n\t<td class=\"column-1 mtr-td-tag\" data-mtr-content=\"FOTO\"><div class=\"mtr-cell-content\"><\/div><\/td><td class=\"column-2 mtr-td-tag\" data-mtr-content=\"NAME\"><div class=\"mtr-cell-content\"><b>ROSS'S PRINCESS<\/b><br>CPBS M3-25768<br><br>Stute<br>Schimmel<br>*15.05.2011<br><br><\/div><\/td><td class=\"column-3 mtr-td-tag\" data-mtr-content=\"JAHR\"><div class=\"mtr-cell-content\">2011<\/div><\/td><td class=\"column-4 mtr-td-tag\" data-mtr-content=\"VATER\"><div class=\"mtr-cell-content\">Glencarrig Prince 1073<\/div><\/td><td class=\"column-5 mtr-td-tag\" data-mtr-content=\"MUTTER\"><div class=\"mtr-cell-content\">Creggan Clonthread Lass<br>v. Sweetwall Captain Courageous<\/div><\/td><td class=\"column-6 mtr-td-tag\" data-mtr-content=\"Z\u00dcCHTER\"><div class=\"mtr-cell-content\">Hubert Faherty<br>Corrandulla<br>Irland<\/div><\/td>\n<\/tr>\n<tr class=\"row-10\">\n\t<td class=\"column-1 mtr-td-tag\" data-mtr-content=\"FOTO\"><div class=\"mtr-cell-content\"><\/div><\/td><td class=\"column-2 mtr-td-tag\" data-mtr-content=\"NAME\"><div class=\"mtr-cell-content\"><b>TRABANE PRINCESS<\/b><br>CPBS M1-26373<br>IRL004000026373<br><br>Stute<br>Schimmel<br>*09.05.2011<br>145 cm<br>N\/N<br><br><\/div><\/td><td class=\"column-3 mtr-td-tag\" data-mtr-content=\"JAHR\"><div class=\"mtr-cell-content\">2011<\/div><\/td><td class=\"column-4 mtr-td-tag\" data-mtr-content=\"VATER\"><div class=\"mtr-cell-content\">Glencarrig Prince<\/div><\/td><td class=\"column-5 mtr-td-tag\" data-mtr-content=\"MUTTER\"><div class=\"mtr-cell-content\">Trabane Lady<br>v. Mervyn Kingsmill 762<\/div><\/td><td class=\"column-6 mtr-td-tag\" data-mtr-content=\"Z\u00dcCHTER\"><div class=\"mtr-cell-content\">Thomas Flaherty<br>Lettermore<br>Irland<\/div><\/td>\n<\/tr>\n<tr class=\"row-11\">\n\t<td class=\"column-1 mtr-td-tag\" data-mtr-content=\"FOTO\"><div class=\"mtr-cell-content\"><\/div><\/td><td class=\"column-2 mtr-td-tag\" data-mtr-content=\"NAME\"><div class=\"mtr-cell-content\"><b>HANNAH MONTANA<\/b><br>HANNAH MONTANA 4 (FN)<br>CPBS M3-20452<br>IRL100400020452<br><br>Stute<br>Schimmel<br>2008<br><br><\/div><\/td><td class=\"column-3 mtr-td-tag\" data-mtr-content=\"JAHR\"><div class=\"mtr-cell-content\">2008<\/div><\/td><td class=\"column-4 mtr-td-tag\" data-mtr-content=\"VATER\"><div class=\"mtr-cell-content\">Glencarrig Prince<\/div><\/td><td class=\"column-5 mtr-td-tag\" data-mtr-content=\"MUTTER\"><div class=\"mtr-cell-content\">Portacarron Colleen<br>v. Moy Johnny's Pride<\/div><\/td><td class=\"column-6 mtr-td-tag\" data-mtr-content=\"Z\u00dcCHTER\"><div class=\"mtr-cell-content\">Michael J. Nestor<br>Galway<br>Irland<\/div><\/td>\n<\/tr>\n<\/tbody>\n<\/table>\n<!-- #tablepress-18 from cache -->\n","protected":false},"excerpt":{"rendered":"<p>&nbsp; Farbe: Schimmel Hengstbuch: CPBS 1073 Geboren: 1997 Leistungspr\u00fcfung: Eigenleistung Clifden Supreme Champion Stockma\u00df: 148 cm Tr\u00e4ger des Creme-Faktors: unbekannt R\u00f6hrbein: Tr\u00e4ger des Fuchsgens: unbekannt HWSD-Status: N\/N mit Abstammungs\u00fcberpr\u00fcfung &nbsp; &nbsp; Gek\u00f6rte S\u00f6hne: Allens Park Prince, Cedars Wandering Star, Glencarrig <a class=\"more-link\" href=\"https:\/\/www.cpv-ev.com\/?page_id=18229\"><span class=\"screen-reader-text\">  Glencarrig Prince &#8211; IRL<\/span> weiterlesen<span class=\"meta-nav\">&rarr;<\/span><\/a><\/p>\n","protected":false},"author":2,"featured_media":0,"parent":11813,"menu_order":0,"comment_status":"closed","ping_status":"closed","template":"","meta":{"ngg_post_thumbnail":0,"footnotes":""},"class_list":["post-18229","page","type-page","status-publish","hentry"],"_links":{"self":[{"href":"https:\/\/www.cpv-ev.com\/index.php?rest_route=\/wp\/v2\/pages\/18229","targetHints":{"allow":["GET"]}}],"collection":[{"href":"https:\/\/www.cpv-ev.com\/index.php?rest_route=\/wp\/v2\/pages"}],"about":[{"href":"https:\/\/www.cpv-ev.com\/index.php?rest_route=\/wp\/v2\/types\/page"}],"author":[{"embeddable":true,"href":"https:\/\/www.cpv-ev.com\/index.php?rest_route=\/wp\/v2\/users\/2"}],"replies":[{"embeddable":true,"href":"https:\/\/www.cpv-ev.com\/index.php?rest_route=%2Fwp%2Fv2%2Fcomments&post=18229"}],"version-history":[{"count":0,"href":"https:\/\/www.cpv-ev.com\/index.php?rest_route=\/wp\/v2\/pages\/18229\/revisions"}],"up":[{"embeddable":true,"href":"https:\/\/www.cpv-ev.com\/index.php?rest_route=\/wp\/v2\/pages\/11813"}],"wp:attachment":[{"href":"https:\/\/www.cpv-ev.com\/index.php?rest_route=%2Fwp%2Fv2%2Fmedia&parent=18229"}],"curies":[{"name":"wp","href":"https:\/\/api.w.org\/{rel}","templated":true}]}}