{"id":17578,"date":"2016-02-21T11:40:03","date_gmt":"2016-02-21T09:40:03","guid":{"rendered":"https:\/\/www.cpv-ev.com\/?page_id=17578"},"modified":"2018-04-07T11:22:29","modified_gmt":"2018-04-07T09:22:29","slug":"banagher-magee","status":"publish","type":"page","link":"https:\/\/www.cpv-ev.com\/?page_id=17578","title":{"rendered":"Banagher Magee"},"content":{"rendered":"<p>&nbsp;<\/p>\n<table cellspacing=\"0\" cellpadding=\"0\" border=\"1\">\n<tbody>\n<tr>\n<td width=\"359\" valign=\"top\"><strong>Farbe:<\/strong> Falbe<\/td>\n<td width=\"359\" valign=\"top\"><strong>Hengstbuch:<\/strong> 845 CPBS, Schweden, Belgien &amp; Frankreich HB I<\/td>\n<\/tr>\n<tr>\n<td width=\"359\" valign=\"top\"><strong>Geboren:<\/strong> 1981<\/td>\n<td width=\"359\" valign=\"top\"><strong>Leistungspr\u00fcfung: <\/strong>keine<strong><br \/>\n<\/strong><\/td>\n<\/tr>\n<tr>\n<td width=\"359\" valign=\"top\"><strong>Stockma\u00df: <\/strong>147 cm<\/td>\n<td width=\"359\" valign=\"top\"><strong>Tr\u00e4ger des Creme-Faktors:<\/strong> ja<\/td>\n<\/tr>\n<tr>\n<td width=\"359\" valign=\"top\"><strong>R\u00f6hrbein: <\/strong><strong><br \/>\n<\/strong><\/td>\n<td width=\"359\" valign=\"top\"><strong>Tr\u00e4ger des Fuchsgens:<\/strong> unbekannt<\/td>\n<\/tr>\n<tr>\n<td width=\"359\" valign=\"top\"><strong>Station: <\/strong>1993 &#8211; 1995<strong><br \/>\n<\/strong><\/td>\n<td width=\"359\" valign=\"top\">&nbsp;<\/td>\n<\/tr>\n<tr>\n<td width=\"359\" valign=\"top\"><img loading=\"lazy\" decoding=\"async\" class=\"alignnone size-full wp-image-232\" src=\"https:\/\/www.cpv-ev.com\/wp-content\/uploads\/2012\/07\/trans240x10.gif\" alt=\"trans240x10\" width=\"240\" height=\"10\" srcset=\"https:\/\/www.cpv-ev.com\/wp-content\/uploads\/2012\/07\/trans240x10.gif 240w, https:\/\/www.cpv-ev.com\/wp-content\/uploads\/2012\/07\/trans240x10-225x10.gif 225w\" sizes=\"auto, (max-width: 240px) 100vw, 240px\" \/><\/td>\n<td width=\"359\" valign=\"top\">&nbsp;<\/td>\n<\/tr>\n<tr>\n<td width=\"359\" valign=\"top\"><strong>Gek\u00f6rte S\u00f6hne: <\/strong>&#8211;<strong><br \/>\n<\/strong><\/td>\n<td width=\"359\" valign=\"top\"><strong>Eingetragene Stuten: <\/strong>&#8211;<br \/>\n<strong>davon StPrSt: <\/strong>&#8211;<\/td>\n<\/tr>\n<tr>\n<td width=\"359\" valign=\"top\"><img loading=\"lazy\" decoding=\"async\" src=\"https:\/\/www.cpv-ev.com\/wp-content\/uploads\/2012\/07\/trans240x10.gif\" alt=\"trans240x10\" width=\"240\" height=\"10\"><\/td>\n<td width=\"359\" valign=\"top\">&nbsp;<\/td>\n<\/tr>\n<tr>\n<td width=\"359\" valign=\"top\"><strong>Lebensgewinnsumme:<\/strong> 3.329 EUR (2017)<\/p>\n<p><strong>FEI-Register:<\/strong> The Best of AMG<img loading=\"lazy\" decoding=\"async\" class=\"alignnone size-full wp-image-232\" title=\"trans240x10\" src=\"https:\/\/www.cpv-ev.com\/wp-content\/uploads\/2012\/07\/trans240x10.gif\" alt=\"\" width=\"100\" height=\"20\"><\/td>\n<td width=\"359\" valign=\"top\"><strong>Nachkommen-LGS: <\/strong>&#8211;<strong><br \/>\n<\/strong><\/td>\n<\/tr>\n<tr>\n<td colspan=\"2\" width=\"717\" valign=\"top\"><img loading=\"lazy\" decoding=\"async\" src=\"https:\/\/www.cpv-ev.com\/wp-content\/uploads\/2012\/07\/trans240x10.gif\" alt=\"trans240x10\" width=\"240\" height=\"10\"><\/td>\n<\/tr>\n<tr>\n<td colspan=\"2\" width=\"717\" valign=\"top\"><strong><strong>Z\u00fcchter<\/strong><\/strong><strong>: <\/strong>Tommy Guigan, Banagher, Irland<strong><br \/>\n<\/strong><strong>Station:<\/strong> geritten von Pia Louise Aufrecht<\/td>\n<\/tr>\n<tr>\n<td width=\"359\" valign=\"top\">&nbsp;<\/td>\n<td width=\"359\" valign=\"top\">&nbsp;<\/td>\n<\/tr>\n<tr>\n<td colspan=\"2\" width=\"717\" valign=\"top\">&nbsp;<\/td>\n<\/tr>\n<\/tbody>\n<\/table>\n<h5>Pedigree<\/h5>\n<p>&nbsp;<\/p>\n<p><a href=\"https:\/\/www.cpv-ev.com\/wp-content\/uploads\/2016\/02\/Banagher-Magee-Ped.jpg\" rel=\"attachment wp-att-17545\"><img loading=\"lazy\" decoding=\"async\" class=\"alignnone size-full wp-image-17545\" src=\"https:\/\/www.cpv-ev.com\/wp-content\/uploads\/2016\/02\/Banagher-Magee-Ped.jpg\" alt=\"Banagher Magee Ped\" width=\"680\" height=\"310\" srcset=\"https:\/\/www.cpv-ev.com\/wp-content\/uploads\/2016\/02\/Banagher-Magee-Ped.jpg 680w, https:\/\/www.cpv-ev.com\/wp-content\/uploads\/2016\/02\/Banagher-Magee-Ped-241x110.jpg 241w, https:\/\/www.cpv-ev.com\/wp-content\/uploads\/2016\/02\/Banagher-Magee-Ped-300x136.jpg 300w, https:\/\/www.cpv-ev.com\/wp-content\/uploads\/2016\/02\/Banagher-Magee-Ped-500x227.jpg 500w\" sizes=\"auto, (max-width: 680px) 100vw, 680px\" \/><\/a><\/p>\n<h5>Galerie<\/h5>\n<p><a href=\"https:\/\/www.cpv-ev.com\/wp-content\/uploads\/2016\/02\/Banagher-Magee.jpg\" rel=\"attachment wp-att-17585\"><img loading=\"lazy\" decoding=\"async\" class=\"alignnone size-thumbnail wp-image-17585\" src=\"https:\/\/www.cpv-ev.com\/wp-content\/uploads\/2016\/02\/Banagher-Magee-127x110.jpg\" alt=\"Banagher Magee\" width=\"127\" height=\"110\" srcset=\"https:\/\/www.cpv-ev.com\/wp-content\/uploads\/2016\/02\/Banagher-Magee-127x110.jpg 127w, https:\/\/www.cpv-ev.com\/wp-content\/uploads\/2016\/02\/Banagher-Magee.jpg 276w\" sizes=\"auto, (max-width: 127px) 100vw, 127px\" \/>&nbsp; <\/a><a href=\"https:\/\/www.cpv-ev.com\/wp-content\/uploads\/2016\/02\/Banagher-Magee-Be.jpg\" rel=\"attachment wp-att-17587\"><img loading=\"lazy\" decoding=\"async\" class=\"alignnone size-thumbnail wp-image-17587\" src=\"https:\/\/www.cpv-ev.com\/wp-content\/uploads\/2016\/02\/Banagher-Magee-Be-147x110.jpg\" alt=\"Banagher Magee Be\" width=\"147\" height=\"110\" srcset=\"https:\/\/www.cpv-ev.com\/wp-content\/uploads\/2016\/02\/Banagher-Magee-Be-147x110.jpg 147w, https:\/\/www.cpv-ev.com\/wp-content\/uploads\/2016\/02\/Banagher-Magee-Be-300x225.jpg 300w, https:\/\/www.cpv-ev.com\/wp-content\/uploads\/2016\/02\/Banagher-Magee-Be-500x375.jpg 500w, https:\/\/www.cpv-ev.com\/wp-content\/uploads\/2016\/02\/Banagher-Magee-Be-146x110.jpg 146w, https:\/\/www.cpv-ev.com\/wp-content\/uploads\/2016\/02\/Banagher-Magee-Be.jpg 750w\" sizes=\"auto, (max-width: 147px) 100vw, 147px\" \/><\/a><a href=\"https:\/\/www.cpv-ev.com\/wp-content\/uploads\/2016\/02\/Banagher-Magee.jpg\" rel=\"attachment wp-att-17585\">&nbsp; <\/a><a href=\"https:\/\/www.cpv-ev.com\/wp-content\/uploads\/2016\/02\/Banagher-Magee-Bel.jpg\" rel=\"attachment wp-att-17588\"><img loading=\"lazy\" decoding=\"async\" class=\"alignnone size-thumbnail wp-image-17588\" src=\"https:\/\/www.cpv-ev.com\/wp-content\/uploads\/2016\/02\/Banagher-Magee-Bel-147x110.jpg\" alt=\"Banagher Magee Bel\" width=\"147\" height=\"110\" srcset=\"https:\/\/www.cpv-ev.com\/wp-content\/uploads\/2016\/02\/Banagher-Magee-Bel-147x110.jpg 147w, https:\/\/www.cpv-ev.com\/wp-content\/uploads\/2016\/02\/Banagher-Magee-Bel-300x225.jpg 300w, https:\/\/www.cpv-ev.com\/wp-content\/uploads\/2016\/02\/Banagher-Magee-Bel-500x375.jpg 500w, https:\/\/www.cpv-ev.com\/wp-content\/uploads\/2016\/02\/Banagher-Magee-Bel-146x110.jpg 146w, https:\/\/www.cpv-ev.com\/wp-content\/uploads\/2016\/02\/Banagher-Magee-Bel.jpg 750w\" sizes=\"auto, (max-width: 147px) 100vw, 147px\" \/>&nbsp; <\/a><a href=\"https:\/\/www.cpv-ev.com\/wp-content\/uploads\/2017\/11\/Banagher-Magee.jpg\"><img loading=\"lazy\" decoding=\"async\" class=\"alignnone size-thumbnail wp-image-21057\" src=\"https:\/\/www.cpv-ev.com\/wp-content\/uploads\/2017\/11\/Banagher-Magee-134x110.jpg\" alt=\"\" width=\"134\" height=\"110\" srcset=\"https:\/\/www.cpv-ev.com\/wp-content\/uploads\/2017\/11\/Banagher-Magee-134x110.jpg 134w, https:\/\/www.cpv-ev.com\/wp-content\/uploads\/2017\/11\/Banagher-Magee-300x247.jpg 300w, https:\/\/www.cpv-ev.com\/wp-content\/uploads\/2017\/11\/Banagher-Magee.jpg 320w\" sizes=\"auto, (max-width: 134px) 100vw, 134px\" \/><\/a><\/p>\n<h5>Nachkommen<\/h5>\n\n<table id=\"tablepress-18\" class=\"tablepress tablepress-id-18 mtr-table mtr-thead-th\">\n<thead>\n<tr class=\"row-1\">\n\t<th class=\"column-1 mtr-th-tag\" data-mtr-content=\"FOTO\"><div class=\"mtr-cell-content\">FOTO<\/div><\/th><th class=\"column-2 mtr-th-tag\" data-mtr-content=\"NAME\"><div class=\"mtr-cell-content\">NAME<\/div><\/th><th class=\"column-3 mtr-th-tag\" data-mtr-content=\"JAHR\"><div class=\"mtr-cell-content\">JAHR<\/div><\/th><th class=\"column-4 mtr-th-tag\" data-mtr-content=\"VATER\"><div class=\"mtr-cell-content\">VATER<\/div><\/th><th class=\"column-5 mtr-th-tag\" data-mtr-content=\"MUTTER\"><div class=\"mtr-cell-content\">MUTTER<\/div><\/th><th class=\"column-6 mtr-th-tag\" data-mtr-content=\"Z\u00dcCHTER\"><div class=\"mtr-cell-content\">Z\u00dcCHTER<\/div><\/th>\n<\/tr>\n<\/thead>\n<tbody class=\"row-striping row-hover\">\n<tr class=\"row-2\">\n\t<td class=\"column-1 mtr-td-tag\" data-mtr-content=\"FOTO\"><div class=\"mtr-cell-content\"><\/div><\/td><td class=\"column-2 mtr-td-tag\" data-mtr-content=\"NAME\"><div class=\"mtr-cell-content\"><b>KASPER DE BEVA<\/b><br>DE39C980127498<br>LGS 110 EUR (2020)<br><br>Wallach<br>Isabell<br>1998<br><br><\/div><\/td><td class=\"column-3 mtr-td-tag\" data-mtr-content=\"JAHR\"><div class=\"mtr-cell-content\">1998<\/div><\/td><td class=\"column-4 mtr-td-tag\" data-mtr-content=\"VATER\"><div class=\"mtr-cell-content\">Banagher Magee<\/div><\/td><td class=\"column-5 mtr-td-tag\" data-mtr-content=\"MUTTER\"><div class=\"mtr-cell-content\">Olivia du Grehlh<br>v. Hopi de la Calmette<\/div><\/td><td class=\"column-6 mtr-td-tag\" data-mtr-content=\"Z\u00dcCHTER\"><div class=\"mtr-cell-content\">Claude Jomain<br>Frankreich<\/div><\/td>\n<\/tr>\n<\/tbody>\n<\/table>\n<!-- #tablepress-18 from cache -->\n","protected":false},"excerpt":{"rendered":"<p>&nbsp; Farbe: Falbe Hengstbuch: 845 CPBS, Schweden, Belgien &amp; Frankreich HB I Geboren: 1981 Leistungspr\u00fcfung: keine Stockma\u00df: 147 cm Tr\u00e4ger des Creme-Faktors: ja R\u00f6hrbein: Tr\u00e4ger des Fuchsgens: unbekannt Station: 1993 &#8211; 1995 &nbsp; &nbsp; Gek\u00f6rte S\u00f6hne: &#8211; Eingetragene Stuten: &#8211; <a class=\"more-link\" href=\"https:\/\/www.cpv-ev.com\/?page_id=17578\"><span class=\"screen-reader-text\">  Banagher Magee<\/span> weiterlesen<span class=\"meta-nav\">&rarr;<\/span><\/a><\/p>\n","protected":false},"author":2,"featured_media":0,"parent":11809,"menu_order":0,"comment_status":"closed","ping_status":"closed","template":"","meta":{"ngg_post_thumbnail":0,"footnotes":""},"class_list":["post-17578","page","type-page","status-publish","hentry"],"_links":{"self":[{"href":"https:\/\/www.cpv-ev.com\/index.php?rest_route=\/wp\/v2\/pages\/17578","targetHints":{"allow":["GET"]}}],"collection":[{"href":"https:\/\/www.cpv-ev.com\/index.php?rest_route=\/wp\/v2\/pages"}],"about":[{"href":"https:\/\/www.cpv-ev.com\/index.php?rest_route=\/wp\/v2\/types\/page"}],"author":[{"embeddable":true,"href":"https:\/\/www.cpv-ev.com\/index.php?rest_route=\/wp\/v2\/users\/2"}],"replies":[{"embeddable":true,"href":"https:\/\/www.cpv-ev.com\/index.php?rest_route=%2Fwp%2Fv2%2Fcomments&post=17578"}],"version-history":[{"count":0,"href":"https:\/\/www.cpv-ev.com\/index.php?rest_route=\/wp\/v2\/pages\/17578\/revisions"}],"up":[{"embeddable":true,"href":"https:\/\/www.cpv-ev.com\/index.php?rest_route=\/wp\/v2\/pages\/11809"}],"wp:attachment":[{"href":"https:\/\/www.cpv-ev.com\/index.php?rest_route=%2Fwp%2Fv2%2Fmedia&parent=17578"}],"curies":[{"name":"wp","href":"https:\/\/api.w.org\/{rel}","templated":true}]}}