{"id":14564,"date":"2014-12-06T19:09:19","date_gmt":"2014-12-06T17:09:19","guid":{"rendered":"https:\/\/www.cpv-ev.com\/?page_id=14564"},"modified":"2021-02-22T19:03:29","modified_gmt":"2021-02-22T17:03:29","slug":"leistungspruefung","status":"publish","type":"page","link":"https:\/\/www.cpv-ev.com\/?page_id=14564","title":{"rendered":"LP Ergebnisse"},"content":{"rendered":"<p>Auf dieser Seite werden die Ergebnisse der Leistungspr\u00fcfungen zusammengetragen. Bitte senden Sie Ihre Beitr\u00e4ge an <b><a href=\"mailto:presse@connemara-pony.de\">presse@connemara-pony.de<\/a><\/b><br \/>\n&nbsp;<br \/>\n<strong>Die Ergebnisse der leistungsgepr\u00fcften Stuten und Hengste:<\/strong><br \/>\n&nbsp;<br \/>\n<a href=\"https:\/\/www.cpv-ev.com\/wp-content\/uploads\/2021\/02\/2020-Hessen-Erbach-HLP.pdf\" target=\"_blank\" rel=\"noopener noreferrer\">2020 Hessen Erbach HLP<\/a><\/p>\n<p><a href=\"https:\/\/www.cpv-ev.com\/wp-content\/uploads\/2021\/02\/2020-Brandenburg-Neustadt-Dosse-HLP.pdf\" target=\"_blank\" rel=\"noopener noreferrer\">2020 Brandenburg-Anhalt Neustadt\/Dosse HLP<\/a><\/p>\n<p><a href=\"https:\/\/www.cpv-ev.com\/wp-content\/uploads\/2021\/02\/2020-Bayern-Ansbach-HLP.pdf\" target=\"_blank\" rel=\"noopener noreferrer\">2020 Bayern Ansbach HLP<\/a><\/p>\n<p><a href=\"https:\/\/www.cpv-ev.com\/wp-content\/uploads\/2021\/02\/2020-Bayern-Ansbach-SLP.pdf\" target=\"_blank\" rel=\"noopener noreferrer\">2020 Bayern Ansbach SLP<\/a><\/p>\n<p><a href=\"https:\/\/www.cpv-ev.com\/wp-content\/uploads\/2021\/02\/2020-Bayern-Ried-SLP.pdf\" target=\"_blank\" rel=\"noopener noreferrer\">2020 Bayern Ried SLP<\/a><br \/>\n&nbsp;<br \/>\n<a href=\"https:\/\/www.cpv-ev.com\/wp-content\/uploads\/2021\/02\/2019-Westfalen-M\u00fcnster-Handorf-HLP.pdf\" target=\"_blank\" rel=\"noopener noreferrer\">2019 Westfalen M\u00fcnster-Handorf HLP<\/a><\/p>\n<p><a href=\"https:\/\/www.cpv-ev.com\/wp-content\/uploads\/2019\/11\/HLP-Ansbach.pdf\" target=\"_blank\" rel=\"noopener noreferrer\">2019 Bayern Ansbach HLP<\/a><\/p>\n<p><a href=\"https:\/\/www.cpv-ev.com\/wp-content\/uploads\/2021\/02\/2019-Bayern-Ansbach-SLPHLP.pdf\" target=\"_blank\" rel=\"noopener noreferrer\">2019 Bayern Ansbach SLP<\/a><\/p>\n<p><a href=\"https:\/\/www.cpv-ev.com\/wp-content\/uploads\/2021\/02\/2019-Bayern-Ansbach-SLP-Spring.pdf\" target=\"_blank\" rel=\"noopener noreferrer\">2019 Bayern Ansbach SLP Fr\u00fchjahr<\/a><br \/>\n&nbsp;<br \/>\n<a href=\"https:\/\/www.cpv-ev.com\/wp-content\/uploads\/2021\/02\/2018-Hessen-Erbach-HLP.pdf\" target=\"_blank\" rel=\"noopener noreferrer\">2018 Hessen Erbach HLP<\/a><\/p>\n<p><a href=\"https:\/\/www.cpv-ev.com\/wp-content\/uploads\/2021\/02\/2018-Bayern-Ansbach-SLP-Herbst.pdf\" target=\"_blank\" rel=\"noopener noreferrer\">2018 Bayern Ansbach SLP Herbst<\/a><\/p>\n<p><a href=\"https:\/\/www.cpv-ev.com\/wp-content\/uploads\/2021\/02\/2018-Bayern-Ansbach-HLP.pdf\" target=\"_blank\" rel=\"noopener noreferrer\">2018 Bayern Ansbach HLP<\/a><\/p>\n<p><a href=\"https:\/\/www.cpv-ev.com\/wp-content\/uploads\/2021\/02\/2018-Bayern-Ansbach-SLP.pdf\" target=\"_blank\" rel=\"noopener noreferrer\">2018 Bayern Ansbach SLP<\/a><\/p>\n<p><a href=\"https:\/\/www.cpv-ev.com\/wp-content\/uploads\/2021\/02\/2018-Bayern-Holzheim-SLP.pdf\" target=\"_blank\" rel=\"noopener noreferrer\">2018 Bayern Holzheim SLP<\/a><br \/>\n&nbsp;<br \/>\n<a href=\"https:\/\/www.cpv-ev.com\/wp-content\/uploads\/2017\/10\/2017-Ansbach-Ergebnis.pdf\" target=\"_blank\" rel=\"noopener noreferrer\">2017 Bayern Ansbach HLP<\/a><\/p>\n<p><a href=\"https:\/\/www.cpv-ev.com\/wp-content\/uploads\/2017\/09\/DI_08-09-2017_Ergebnisse.pdf\" target=\"_blank\" rel=\"noopener noreferrer\"> 2017 Hessen Erbach HLP<\/a><\/p>\n<p><a href=\"https:\/\/www.cpv-ev.com\/wp-content\/uploads\/2018\/03\/HLP-NeustadtDosse-2017-30-TT.pdf\" target=\"_blank\" rel=\"noopener noreferrer\"> 2017 Brandenburg-Anhalt Neustadt\/Dosse HLP<\/a><br \/>\n&nbsp;<br \/>\n<a href=\"https:\/\/www.cpv-ev.com\/wp-content\/uploads\/2017\/09\/Bayern-Hengste-HLP-2016_Ergebnisse.pdf\" target=\"_blank\" rel=\"noopener noreferrer\">2016 Bayern Ansbach HLP<\/a><\/p>\n<p><a href=\"https:\/\/www.cpv-ev.com\/wp-content\/uploads\/2017\/09\/Neustadt-Dosse-HLP-2016_Ergebnisse.pdf\" target=\"_blank\" rel=\"noopener noreferrer\">2016 Brandenburg-Anhalt Neustadt\/Dosse HLP<\/a><br \/>\n&nbsp;<br \/>\n<a href=\"https:\/\/www.cpv-ev.com\/wp-content\/uploads\/2017\/09\/Neustadt-Dosse-HLP-2015_Ergebnisse.pdf\" target=\"_blank\" rel=\"noopener noreferrer\">2015 Brandenburg-Anhalt Neustadt\/Dosse HLP<\/a><\/p>\n<p><a href=\"https:\/\/www.cpv-ev.com\/wp-content\/uploads\/2015\/12\/HLP-Erbach-2015_Ergebnisse.pdf\" target=\"_blank\" rel=\"noopener noreferrer\">2015 Hessen Erbach HLP<\/a><\/p>\n<p><a href=\"https:\/\/www.cpv-ev.com\/wp-content\/uploads\/2015\/12\/HLP-Handorf-2015_Ergebnisse.pdf\" target=\"_blank\" rel=\"noopener noreferrer\">2015 Westfalen M\u00fcnster-Handorf HLP<\/a><\/p>\n<p><a href=\"https:\/\/www.cpv-ev.com\/wp-content\/uploads\/2015\/12\/SLP-Oberp\u00f6rlitz-2015-Ergebnisse.pdf\" target=\"_blank\" rel=\"noopener noreferrer\">2015 Sachsen-Th\u00fcringen Oberp\u00f6rlitz SLP<\/a><br \/>\n&nbsp;<br \/>\n<a href=\"https:\/\/www.cpv-ev.com\/wp-content\/uploads\/2014\/12\/Sachsen-Th\u00fcringen-Oberp\u00f6rlitz-SLP.pdf\" target=\"_blank\" rel=\"noopener noreferrer\">2014 Sachsen-Th\u00fcringen Oberp\u00f6rlitz SLP<\/a><\/p>\n<p><a href=\"https:\/\/www.cpv-ev.com\/wp-content\/uploads\/2014\/12\/Sachsen-Th\u00fcringen-Meura-SLP.pdf\" target=\"_blank\" rel=\"noopener noreferrer\">2014 Sachsen-Th\u00fcringen Meura SLP<\/a><\/p>\n<p><a href=\"https:\/\/www.cpv-ev.com\/wp-content\/uploads\/2014\/12\/Hessen-Erbach-SLP.pdf\" target=\"_blank\" rel=\"noopener noreferrer\">2014 Hessen Erbach SLP<\/a><\/p>\n<p><a href=\"https:\/\/www.cpv-ev.com\/wp-content\/uploads\/2014\/12\/Bayern-Blonhofen-SLP.pdf\" target=\"_blank\" rel=\"noopener noreferrer\">2014 Bayern Blonhofen SLP<\/a><\/p>\n<p><a href=\"https:\/\/www.cpv-ev.com\/wp-content\/uploads\/2014\/12\/2012-Bayern-Ansbach-SLP.pdf\" target=\"_blank\" rel=\"noopener noreferrer\">2014 Bayern Ansbach SLP<\/a><\/p>\n<p><a href=\"https:\/\/www.cpv-ev.com\/wp-content\/uploads\/2014\/12\/Bayern-Ansbach-HLP.pdf\" target=\"_blank\" rel=\"noopener noreferrer\">2014 Bayern Ansbach HLP<\/a><\/p>\n<p><a href=\"https:\/\/www.cpv-ev.com\/wp-content\/uploads\/2014\/12\/Bayern-M\u00fcnchen-Riem-SLP.pdf\" target=\"_blank\" rel=\"noopener noreferrer\">2014 Bayern M\u00fcnchen-Riem SLP<\/a><\/p>\n<p><a href=\"https:\/\/www.cpv-ev.com\/wp-content\/uploads\/2014\/12\/Baden-W\u00fcrttemberg-G\u00f6ppingen-SLP.pdf\" target=\"_blank\" rel=\"noopener noreferrer\">2014 Baden-W\u00fcrttemberg G\u00f6ppingen SLP<\/a><br \/>\n&nbsp;<br \/>\n<a href=\"https:\/\/www.cpv-ev.com\/wp-content\/uploads\/2014\/12\/2013-Bayern-Ansbach-SLP.pdf\" target=\"_blank\" rel=\"noopener noreferrer\">2013 Bayern Ansbach SLP<\/a><\/p>\n<p><a href=\"https:\/\/www.cpv-ev.com\/wp-content\/uploads\/2014\/12\/2013-Bayern-Ansbach-HLP.pdf\" target=\"_blank\" rel=\"noopener noreferrer\">2013 Bayern Ansbach HLP<\/a><br \/>\n&nbsp;<br \/>\n<a href=\"https:\/\/www.cpv-ev.com\/wp-content\/uploads\/2014\/12\/2012-Bayern-Ansbach-SLP.pdf\" target=\"_blank\" rel=\"noopener noreferrer\">2012 Bayern Ansbach SLP<\/a><\/p>\n","protected":false},"excerpt":{"rendered":"<p>Auf dieser Seite werden die Ergebnisse der Leistungspr\u00fcfungen zusammengetragen. Bitte senden Sie Ihre Beitr\u00e4ge an presse@connemara-pony.de &nbsp; Die Ergebnisse der leistungsgepr\u00fcften Stuten und Hengste: &nbsp; 2020 Hessen Erbach HLP 2020 Brandenburg-Anhalt Neustadt\/Dosse HLP 2020 Bayern Ansbach HLP 2020 Bayern Ansbach <a class=\"more-link\" href=\"https:\/\/www.cpv-ev.com\/?page_id=14564\"><span class=\"screen-reader-text\">  LP Ergebnisse<\/span> weiterlesen<span class=\"meta-nav\">&rarr;<\/span><\/a><\/p>\n","protected":false},"author":2,"featured_media":0,"parent":7381,"menu_order":0,"comment_status":"closed","ping_status":"closed","template":"onecolumn-page.php","meta":{"ngg_post_thumbnail":0,"footnotes":""},"class_list":["post-14564","page","type-page","status-publish","hentry"],"_links":{"self":[{"href":"https:\/\/www.cpv-ev.com\/index.php?rest_route=\/wp\/v2\/pages\/14564","targetHints":{"allow":["GET"]}}],"collection":[{"href":"https:\/\/www.cpv-ev.com\/index.php?rest_route=\/wp\/v2\/pages"}],"about":[{"href":"https:\/\/www.cpv-ev.com\/index.php?rest_route=\/wp\/v2\/types\/page"}],"author":[{"embeddable":true,"href":"https:\/\/www.cpv-ev.com\/index.php?rest_route=\/wp\/v2\/users\/2"}],"replies":[{"embeddable":true,"href":"https:\/\/www.cpv-ev.com\/index.php?rest_route=%2Fwp%2Fv2%2Fcomments&post=14564"}],"version-history":[{"count":0,"href":"https:\/\/www.cpv-ev.com\/index.php?rest_route=\/wp\/v2\/pages\/14564\/revisions"}],"up":[{"embeddable":true,"href":"https:\/\/www.cpv-ev.com\/index.php?rest_route=\/wp\/v2\/pages\/7381"}],"wp:attachment":[{"href":"https:\/\/www.cpv-ev.com\/index.php?rest_route=%2Fwp%2Fv2%2Fmedia&parent=14564"}],"curies":[{"name":"wp","href":"https:\/\/api.w.org\/{rel}","templated":true}]}}