{"id":14512,"date":"2014-11-26T18:34:29","date_gmt":"2014-11-26T16:34:29","guid":{"rendered":"https:\/\/www.cpv-ev.com\/?page_id=14512"},"modified":"2026-04-20T11:14:53","modified_gmt":"2026-04-20T09:14:53","slug":"nire-valley-franklee","status":"publish","type":"page","link":"https:\/\/www.cpv-ev.com\/?page_id=14512","title":{"rendered":"Nire Valley Franklee"},"content":{"rendered":"<p>&nbsp;<\/p>\n<table border=\"1\" cellspacing=\"0\" cellpadding=\"0\">\n<tbody>\n<tr>\n<td colspan=\"2\" valign=\"top\" width=\"717\"><img loading=\"lazy\" decoding=\"async\" src=\"https:\/\/www.cpv-ev.com\/wp-content\/uploads\/2012\/07\/trans240x10.gif\" alt=\"trans240x10\" width=\"240\" height=\"10\"><\/td>\n<\/tr>\n<tr>\n<td valign=\"top\" width=\"359\"><strong>Farbe:<\/strong> Falbe<\/td>\n<td valign=\"top\" width=\"359\"><strong>Hengstbuch:<\/strong> Hannover HB I, Pr\u00e4mienhengstanw\u00e4rter,<br \/>\nzugelassen f\u00fcr Dt. Reitponys<\/td>\n<\/tr>\n<tr>\n<td valign=\"top\" width=\"359\"><strong>Geboren:<\/strong> 21.05.2012<\/td>\n<td valign=\"top\" width=\"359\"><strong>Leistungspr\u00fcfung: <\/strong>noch keine<em><br \/>\n<\/em><\/td>\n<\/tr>\n<tr>\n<td valign=\"top\" width=\"359\"><strong>Stockma\u00df: <\/strong>147 cm<\/td>\n<td valign=\"top\" width=\"359\"><strong>Tr\u00e4ger des Creme-Faktors:<\/strong> ja<\/td>\n<\/tr>\n<tr>\n<td valign=\"top\" width=\"359\"><strong>R\u00f6hrbein: <\/strong><strong><br \/>\n<\/strong><\/td>\n<td valign=\"top\" width=\"359\"><strong>Tr\u00e4ger des Fuchsgens:<\/strong> unbekannt<\/td>\n<\/tr>\n<tr>\n<td valign=\"top\" width=\"359\"><strong style=\"line-height: 24px;\">Ausgeschieden: <\/strong>2017 eingegangen<\/td>\n<td valign=\"top\" width=\"359\">&nbsp;<\/td>\n<\/tr>\n<tr>\n<td valign=\"top\" width=\"359\"><strong style=\"line-height: 24px;\">HWSD-Status: <\/strong>N\/N mit Abstammungs\u00fcberpr\u00fcfung<strong style=\"line-height: 24px;\"><br \/>\n<\/strong><\/td>\n<td valign=\"top\" width=\"359\">&nbsp;<\/td>\n<\/tr>\n<tr>\n<td valign=\"top\" width=\"359\"><img loading=\"lazy\" decoding=\"async\" class=\"alignnone size-full wp-image-232\" src=\"https:\/\/www.cpv-ev.com\/wp-content\/uploads\/2012\/07\/trans240x10.gif\" alt=\"trans240x10\" width=\"240\" height=\"10\" srcset=\"https:\/\/www.cpv-ev.com\/wp-content\/uploads\/2012\/07\/trans240x10.gif 240w, https:\/\/www.cpv-ev.com\/wp-content\/uploads\/2012\/07\/trans240x10-225x10.gif 225w\" sizes=\"auto, (max-width: 240px) 100vw, 240px\" \/><\/td>\n<td valign=\"top\" width=\"359\">&nbsp;<\/td>\n<\/tr>\n<tr>\n<td valign=\"top\" width=\"359\"><strong>Gek\u00f6rte S\u00f6hne: <\/strong>Ekely\u00b4s Turning Leaf<\/td>\n<td valign=\"top\" width=\"359\"><strong>Eingetragene Stuten: <\/strong>&#8211;<strong><br \/>\n<\/strong><\/td>\n<\/tr>\n<tr>\n<td valign=\"top\" width=\"359\">&nbsp;<\/td>\n<td valign=\"top\" width=\"359\"><strong>davon StPrSt: <\/strong>&#8211;<strong><br \/>\n<\/strong><\/td>\n<\/tr>\n<tr>\n<td valign=\"top\" width=\"359\"><img loading=\"lazy\" decoding=\"async\" src=\"https:\/\/www.cpv-ev.com\/wp-content\/uploads\/2012\/07\/trans240x10.gif\" alt=\"trans240x10\" width=\"240\" height=\"10\"><\/td>\n<td valign=\"top\" width=\"359\">&nbsp;<\/td>\n<\/tr>\n<tr>\n<td valign=\"top\" width=\"359\"><strong>Lebensgewinnsumme:<\/strong> &#8211;<\/td>\n<td valign=\"top\" width=\"359\"><strong>Nachkommen-LGS: <\/strong>&#8211;<strong><br \/>\n<\/strong><\/td>\n<\/tr>\n<tr>\n<td colspan=\"2\" valign=\"top\" width=\"717\"><img loading=\"lazy\" decoding=\"async\" src=\"https:\/\/www.cpv-ev.com\/wp-content\/uploads\/2012\/07\/trans240x10.gif\" alt=\"trans240x10\" width=\"240\" height=\"10\"><\/td>\n<\/tr>\n<tr>\n<td colspan=\"2\" valign=\"top\" width=\"717\"><strong><strong>Z\u00fcchter &amp; Besitzer: <\/strong><\/strong>Carmel Melody, Clonmel, Irland<strong><strong><br \/>\n<\/strong><\/strong><strong>Besitzer &amp; Station: <\/strong>Z\u00fcchterin &amp; Susanne Lehmann, 26345 Bockhorn<\/td>\n<\/tr>\n<tr>\n<td colspan=\"2\" valign=\"top\" width=\"717\"><img loading=\"lazy\" decoding=\"async\" src=\"https:\/\/www.cpv-ev.com\/wp-content\/uploads\/2012\/07\/trans240x10.gif\" alt=\"trans240x10\" width=\"240\" height=\"10\"><\/td>\n<\/tr>\n<\/tbody>\n<\/table>\n<h5>Pedigree<\/h5>\n<p><a href=\"https:\/\/www.cpv-ev.com\/wp-content\/uploads\/2016\/05\/Nire-Valley-Franklee-Ped.jpg\" rel=\"attachment wp-att-18144\"><img loading=\"lazy\" decoding=\"async\" class=\"alignleft size-full wp-image-18144\" src=\"https:\/\/www.cpv-ev.com\/wp-content\/uploads\/2016\/05\/Nire-Valley-Franklee-Ped.jpg\" alt=\"Nire Valley Franklee Ped\" width=\"680\" height=\"310\" srcset=\"https:\/\/www.cpv-ev.com\/wp-content\/uploads\/2016\/05\/Nire-Valley-Franklee-Ped.jpg 680w, https:\/\/www.cpv-ev.com\/wp-content\/uploads\/2016\/05\/Nire-Valley-Franklee-Ped-241x110.jpg 241w, https:\/\/www.cpv-ev.com\/wp-content\/uploads\/2016\/05\/Nire-Valley-Franklee-Ped-300x137.jpg 300w, https:\/\/www.cpv-ev.com\/wp-content\/uploads\/2016\/05\/Nire-Valley-Franklee-Ped-500x228.jpg 500w\" sizes=\"auto, (max-width: 680px) 100vw, 680px\" \/><\/a><\/p>\n<p><img loading=\"lazy\" decoding=\"async\" src=\"https:\/\/www.cpv-ev.com\/wp-content\/uploads\/2012\/07\/trans240x10.gif\" alt=\"trans240x10\" width=\"240\" height=\"10\"><\/p>\n<h5>Galerie<\/h5>\n<p><a href=\"https:\/\/www.cpv-ev.com\/wp-content\/uploads\/2014\/10\/Nire-Valley-Franklee5.jpg\"><img loading=\"lazy\" decoding=\"async\" class=\"alignnone size-thumbnail wp-image-14222\" src=\"https:\/\/www.cpv-ev.com\/wp-content\/uploads\/2014\/10\/Nire-Valley-Franklee5-146x110.jpg\" alt=\"Nire Valley Franklee5\" width=\"146\" height=\"110\" srcset=\"https:\/\/www.cpv-ev.com\/wp-content\/uploads\/2014\/10\/Nire-Valley-Franklee5-146x110.jpg 146w, https:\/\/www.cpv-ev.com\/wp-content\/uploads\/2014\/10\/Nire-Valley-Franklee5-300x225.jpg 300w, https:\/\/www.cpv-ev.com\/wp-content\/uploads\/2014\/10\/Nire-Valley-Franklee5-500x375.jpg 500w, https:\/\/www.cpv-ev.com\/wp-content\/uploads\/2014\/10\/Nire-Valley-Franklee5.jpg 750w\" sizes=\"auto, (max-width: 146px) 100vw, 146px\" \/><\/a> &nbsp;<a href=\"https:\/\/www.cpv-ev.com\/wp-content\/uploads\/2014\/10\/Nire-Valley-Franklee4.jpg\"><img loading=\"lazy\" decoding=\"async\" class=\"alignnone size-thumbnail wp-image-14221\" src=\"https:\/\/www.cpv-ev.com\/wp-content\/uploads\/2014\/10\/Nire-Valley-Franklee4-146x110.jpg\" alt=\"Nire Valley Franklee4\" width=\"146\" height=\"110\" srcset=\"https:\/\/www.cpv-ev.com\/wp-content\/uploads\/2014\/10\/Nire-Valley-Franklee4-146x110.jpg 146w, https:\/\/www.cpv-ev.com\/wp-content\/uploads\/2014\/10\/Nire-Valley-Franklee4-300x225.jpg 300w, https:\/\/www.cpv-ev.com\/wp-content\/uploads\/2014\/10\/Nire-Valley-Franklee4-500x374.jpg 500w, https:\/\/www.cpv-ev.com\/wp-content\/uploads\/2014\/10\/Nire-Valley-Franklee4.jpg 750w\" sizes=\"auto, (max-width: 146px) 100vw, 146px\" \/><\/a> &nbsp;<a href=\"https:\/\/www.cpv-ev.com\/wp-content\/uploads\/2014\/10\/Nire-Valley-Franklee3.jpg\"><img loading=\"lazy\" decoding=\"async\" class=\"alignnone size-thumbnail wp-image-14220\" src=\"https:\/\/www.cpv-ev.com\/wp-content\/uploads\/2014\/10\/Nire-Valley-Franklee3-146x110.jpg\" alt=\"Nire Valley Franklee3\" width=\"146\" height=\"110\" srcset=\"https:\/\/www.cpv-ev.com\/wp-content\/uploads\/2014\/10\/Nire-Valley-Franklee3-146x110.jpg 146w, https:\/\/www.cpv-ev.com\/wp-content\/uploads\/2014\/10\/Nire-Valley-Franklee3-300x225.jpg 300w, https:\/\/www.cpv-ev.com\/wp-content\/uploads\/2014\/10\/Nire-Valley-Franklee3-500x374.jpg 500w, https:\/\/www.cpv-ev.com\/wp-content\/uploads\/2014\/10\/Nire-Valley-Franklee3.jpg 750w\" sizes=\"auto, (max-width: 146px) 100vw, 146px\" \/><\/a> &nbsp;<a href=\"https:\/\/www.cpv-ev.com\/wp-content\/uploads\/2014\/10\/Nire-Valley-Franklee2.jpg\"><img loading=\"lazy\" decoding=\"async\" class=\"alignnone size-thumbnail wp-image-14219\" src=\"https:\/\/www.cpv-ev.com\/wp-content\/uploads\/2014\/10\/Nire-Valley-Franklee2-146x110.jpg\" alt=\"Nire Valley Franklee2\" width=\"146\" height=\"110\" srcset=\"https:\/\/www.cpv-ev.com\/wp-content\/uploads\/2014\/10\/Nire-Valley-Franklee2-146x110.jpg 146w, https:\/\/www.cpv-ev.com\/wp-content\/uploads\/2014\/10\/Nire-Valley-Franklee2-300x225.jpg 300w, https:\/\/www.cpv-ev.com\/wp-content\/uploads\/2014\/10\/Nire-Valley-Franklee2-500x375.jpg 500w, https:\/\/www.cpv-ev.com\/wp-content\/uploads\/2014\/10\/Nire-Valley-Franklee2.jpg 750w\" sizes=\"auto, (max-width: 146px) 100vw, 146px\" \/><\/a> &nbsp;<a href=\"https:\/\/www.cpv-ev.com\/wp-content\/uploads\/2014\/10\/Nire-Valley-Franklee.jpg\"><img loading=\"lazy\" decoding=\"async\" class=\"alignnone size-thumbnail wp-image-14218\" src=\"https:\/\/www.cpv-ev.com\/wp-content\/uploads\/2014\/10\/Nire-Valley-Franklee-146x110.jpg\" alt=\"Nire Valley Franklee\" width=\"146\" height=\"110\" srcset=\"https:\/\/www.cpv-ev.com\/wp-content\/uploads\/2014\/10\/Nire-Valley-Franklee-146x110.jpg 146w, https:\/\/www.cpv-ev.com\/wp-content\/uploads\/2014\/10\/Nire-Valley-Franklee-300x225.jpg 300w, https:\/\/www.cpv-ev.com\/wp-content\/uploads\/2014\/10\/Nire-Valley-Franklee-500x375.jpg 500w, https:\/\/www.cpv-ev.com\/wp-content\/uploads\/2014\/10\/Nire-Valley-Franklee.jpg 750w\" sizes=\"auto, (max-width: 146px) 100vw, 146px\" \/><\/a>&nbsp; <a href=\"https:\/\/www.cpv-ev.com\/wp-content\/uploads\/2015\/05\/Nire-Valley-Franklee-S.jpg\"><img loading=\"lazy\" decoding=\"async\" class=\"alignnone size-thumbnail wp-image-15119\" src=\"https:\/\/www.cpv-ev.com\/wp-content\/uploads\/2015\/05\/Nire-Valley-Franklee-S-146x110.jpg\" alt=\"Nire Valley Franklee S\" width=\"146\" height=\"110\" srcset=\"https:\/\/www.cpv-ev.com\/wp-content\/uploads\/2015\/05\/Nire-Valley-Franklee-S-146x110.jpg 146w, https:\/\/www.cpv-ev.com\/wp-content\/uploads\/2015\/05\/Nire-Valley-Franklee-S-300x225.jpg 300w, https:\/\/www.cpv-ev.com\/wp-content\/uploads\/2015\/05\/Nire-Valley-Franklee-S-500x375.jpg 500w, https:\/\/www.cpv-ev.com\/wp-content\/uploads\/2015\/05\/Nire-Valley-Franklee-S.jpg 750w\" sizes=\"auto, (max-width: 146px) 100vw, 146px\" \/><\/a>&nbsp; <a href=\"https:\/\/www.cpv-ev.com\/wp-content\/uploads\/2015\/05\/Nire-Valley-Franklee-S2.jpg\"><img loading=\"lazy\" decoding=\"async\" class=\"alignnone size-thumbnail wp-image-15120\" src=\"https:\/\/www.cpv-ev.com\/wp-content\/uploads\/2015\/05\/Nire-Valley-Franklee-S2-146x110.jpg\" alt=\"Nire Valley Franklee S2\" width=\"146\" height=\"110\" srcset=\"https:\/\/www.cpv-ev.com\/wp-content\/uploads\/2015\/05\/Nire-Valley-Franklee-S2-146x110.jpg 146w, https:\/\/www.cpv-ev.com\/wp-content\/uploads\/2015\/05\/Nire-Valley-Franklee-S2-300x225.jpg 300w, https:\/\/www.cpv-ev.com\/wp-content\/uploads\/2015\/05\/Nire-Valley-Franklee-S2-500x375.jpg 500w, https:\/\/www.cpv-ev.com\/wp-content\/uploads\/2015\/05\/Nire-Valley-Franklee-S2.jpg 750w\" sizes=\"auto, (max-width: 146px) 100vw, 146px\" \/>&nbsp; <\/a><a href=\"https:\/\/www.cpv-ev.com\/wp-content\/uploads\/2017\/05\/Nire-Valley-Franklee-out.jpg\"><img loading=\"lazy\" decoding=\"async\" class=\"alignnone size-thumbnail wp-image-19935\" src=\"https:\/\/www.cpv-ev.com\/wp-content\/uploads\/2017\/05\/Nire-Valley-Franklee-out-147x110.jpg\" alt=\"\" width=\"147\" height=\"110\" srcset=\"https:\/\/www.cpv-ev.com\/wp-content\/uploads\/2017\/05\/Nire-Valley-Franklee-out-147x110.jpg 147w, https:\/\/www.cpv-ev.com\/wp-content\/uploads\/2017\/05\/Nire-Valley-Franklee-out-300x225.jpg 300w, https:\/\/www.cpv-ev.com\/wp-content\/uploads\/2017\/05\/Nire-Valley-Franklee-out-500x375.jpg 500w, https:\/\/www.cpv-ev.com\/wp-content\/uploads\/2017\/05\/Nire-Valley-Franklee-out-146x110.jpg 146w, https:\/\/www.cpv-ev.com\/wp-content\/uploads\/2017\/05\/Nire-Valley-Franklee-out.jpg 750w\" sizes=\"auto, (max-width: 147px) 100vw, 147px\" \/><\/a><\/p>\n<h5>Nachkommen<\/h5>\n\n<table id=\"tablepress-18\" class=\"tablepress tablepress-id-18 mtr-table mtr-thead-th\">\n<thead>\n<tr class=\"row-1\">\n\t<th class=\"column-1 mtr-th-tag\" data-mtr-content=\"FOTO\"><div class=\"mtr-cell-content\">FOTO<\/div><\/th><th class=\"column-2 mtr-th-tag\" data-mtr-content=\"NAME\"><div class=\"mtr-cell-content\">NAME<\/div><\/th><th class=\"column-3 mtr-th-tag\" data-mtr-content=\"JAHR\"><div class=\"mtr-cell-content\">JAHR<\/div><\/th><th class=\"column-4 mtr-th-tag\" data-mtr-content=\"VATER\"><div class=\"mtr-cell-content\">VATER<\/div><\/th><th class=\"column-5 mtr-th-tag\" data-mtr-content=\"MUTTER\"><div class=\"mtr-cell-content\">MUTTER<\/div><\/th><th class=\"column-6 mtr-th-tag\" data-mtr-content=\"Z\u00dcCHTER\"><div class=\"mtr-cell-content\">Z\u00dcCHTER<\/div><\/th>\n<\/tr>\n<\/thead>\n<tbody class=\"row-striping row-hover\">\n<tr class=\"row-2\">\n\t<td class=\"column-1 mtr-td-tag\" data-mtr-content=\"FOTO\"><div class=\"mtr-cell-content\"><a href=\"https:\/\/www.cpv-ev.com\/wp-content\/uploads\/2016\/06\/2016-v-Nire-Valley-Franklee-ad-Heather.jpg\"><img loading=\"lazy\" decoding=\"async\" src=\"https:\/\/www.cpv-ev.com\/wp-content\/uploads\/2016\/06\/2016-v-Nire-Valley-Franklee-ad-Heather-110x110.jpg\" alt=\"\" width=\"110\" height=\"110\" class=\"alignnone size-thumbnail wp-image-18513\"><\/a><\/div><\/td><td class=\"column-2 mtr-td-tag\" data-mtr-content=\"NAME\"><div class=\"mtr-cell-content\"><b>EKELY'S <br>TURNING LEAF(*)<\/b><br>DE434340243516<br>\u00bb <a href=\"https:\/\/www.cpv-ev.com\/?page_id=27132\">Details<\/a><br><br>Hengst<br>Braunroan<br>*03.04.2016<br>147 cm<br>N\/N<br><br><\/div><\/td><td class=\"column-3 mtr-td-tag\" data-mtr-content=\"JAHR\"><div class=\"mtr-cell-content\">2016<\/div><\/td><td class=\"column-4 mtr-td-tag\" data-mtr-content=\"VATER\"><div class=\"mtr-cell-content\">Nire Valley Franklee<\/div><\/td><td class=\"column-5 mtr-td-tag\" data-mtr-content=\"MUTTER\"><div class=\"mtr-cell-content\">Nire Valley Heather<br>v. Monaghanstown Fionn<\/div><\/td><td class=\"column-6 mtr-td-tag\" data-mtr-content=\"Z\u00dcCHTER\"><div class=\"mtr-cell-content\">Ekely<br>Susanne Lehmann<br>26345 Bockhorn<br><\/div><\/td>\n<\/tr>\n<tr class=\"row-3\">\n\t<td class=\"column-1 mtr-td-tag\" data-mtr-content=\"FOTO\"><div class=\"mtr-cell-content\"><\/div><\/td><td class=\"column-2 mtr-td-tag\" data-mtr-content=\"NAME\"><div class=\"mtr-cell-content\"><b>EKELY'S HIGHLIGHT<\/b><br>DE434340132917<br>FP<br><br>Hengst<br>Braunroan<br>*13.05.2017<br>N\/N<br><br><\/div><\/td><td class=\"column-3 mtr-td-tag\" data-mtr-content=\"JAHR\"><div class=\"mtr-cell-content\">2017<\/div><\/td><td class=\"column-4 mtr-td-tag\" data-mtr-content=\"VATER\"><div class=\"mtr-cell-content\">Nire Valley Franklee<\/div><\/td><td class=\"column-5 mtr-td-tag\" data-mtr-content=\"MUTTER\"><div class=\"mtr-cell-content\">Nire Valley Heather<br>v. Monaghanstown Fionn<\/div><\/td><td class=\"column-6 mtr-td-tag\" data-mtr-content=\"Z\u00dcCHTER\"><div class=\"mtr-cell-content\">Ekely<br>Susanne Lehmann<br>26345 Bockhorn<br><\/div><\/td>\n<\/tr>\n<tr class=\"row-4\">\n\t<td class=\"column-1 mtr-td-tag\" data-mtr-content=\"FOTO\"><div class=\"mtr-cell-content\"><a href=\"https:\/\/www.cpv-ev.com\/wp-content\/uploads\/2017\/08\/RYS_96571.jpg\"><img loading=\"lazy\" decoding=\"async\" src=\"https:\/\/www.cpv-ev.com\/wp-content\/uploads\/2017\/08\/RYS_96571-110x110.jpg\" alt=\"\" width=\"110\" height=\"110\" class=\"alignnone size-thumbnail wp-image-20553\" srcset=\"https:\/\/www.cpv-ev.com\/wp-content\/uploads\/2017\/08\/RYS_96571-110x110.jpg 110w, https:\/\/www.cpv-ev.com\/wp-content\/uploads\/2017\/08\/RYS_96571-150x150.jpg 150w\" sizes=\"auto, (max-width: 110px) 100vw, 110px\"><\/a><\/div><\/td><td class=\"column-2 mtr-td-tag\" data-mtr-content=\"NAME\"><div class=\"mtr-cell-content\"><b>MELLIMARAS FREITAG<\/b><br>FP<br><br>PARTBRED 50%<br>Hengst<br>Braunroan<br>*28.04.2017<br><br><\/div><\/td><td class=\"column-3 mtr-td-tag\" data-mtr-content=\"JAHR\"><div class=\"mtr-cell-content\">2017<\/div><\/td><td class=\"column-4 mtr-td-tag\" data-mtr-content=\"VATER\"><div class=\"mtr-cell-content\">Nire Valley Franklee<\/div><\/td><td class=\"column-5 mtr-td-tag\" data-mtr-content=\"MUTTER\"><div class=\"mtr-cell-content\">Schabernack (DR)<br>v. Halifax (Wel.B)<\/div><\/td><td class=\"column-6 mtr-td-tag\" data-mtr-content=\"Z\u00dcCHTER\"><div class=\"mtr-cell-content\">Mellimaras<br>Stefanie Schmoranz<br>Aschendorf<\/div><\/td>\n<\/tr>\n<tr class=\"row-5\">\n\t<td class=\"column-1 mtr-td-tag\" data-mtr-content=\"FOTO\"><div class=\"mtr-cell-content\"><\/div><\/td><td class=\"column-2 mtr-td-tag\" data-mtr-content=\"NAME\"><div class=\"mtr-cell-content\"><b>MP<\/b><br><br>Stute<br>Braunroan<br>*04.05.2017<br><br><\/div><\/td><td class=\"column-3 mtr-td-tag\" data-mtr-content=\"JAHR\"><div class=\"mtr-cell-content\">2017<\/div><\/td><td class=\"column-4 mtr-td-tag\" data-mtr-content=\"VATER\"><div class=\"mtr-cell-content\">Nire Valley Franklee<\/div><\/td><td class=\"column-5 mtr-td-tag\" data-mtr-content=\"MUTTER\"><div class=\"mtr-cell-content\">Groken Tammy<br>v. Gun<\/div><\/td><td class=\"column-6 mtr-td-tag\" data-mtr-content=\"Z\u00dcCHTER\"><div class=\"mtr-cell-content\">Angelika Klockmann-Warncke<br>27711 Osterholz-Scharmbeck<br><\/div><\/td>\n<\/tr>\n<tr class=\"row-6\">\n\t<td class=\"column-1 mtr-td-tag\" data-mtr-content=\"FOTO\"><div class=\"mtr-cell-content\"><a href=\"https:\/\/www.cpv-ev.com\/wp-content\/uploads\/2016\/09\/2016-MP-Findus.jpg\"><img loading=\"lazy\" decoding=\"async\" src=\"https:\/\/www.cpv-ev.com\/wp-content\/uploads\/2016\/09\/2016-MP-Findus-110x110.jpg\" alt=\"\" width=\"110\" height=\"110\" class=\"alignnone size-thumbnail wp-image-19284\" srcset=\"https:\/\/www.cpv-ev.com\/wp-content\/uploads\/2016\/09\/2016-MP-Findus-110x110.jpg 110w, https:\/\/www.cpv-ev.com\/wp-content\/uploads\/2016\/09\/2016-MP-Findus-150x150.jpg 150w\" sizes=\"auto, (max-width: 110px) 100vw, 110px\"><\/a><\/div><\/td><td class=\"column-2 mtr-td-tag\" data-mtr-content=\"NAME\"><div class=\"mtr-cell-content\"><b>MP FINDUS<\/b><br>DE410101616316<br>FP<br><br>Hengst<br>Falbe<br>*04.05.2016<br><br><\/div><\/td><td class=\"column-3 mtr-td-tag\" data-mtr-content=\"JAHR\"><div class=\"mtr-cell-content\">2016<\/div><\/td><td class=\"column-4 mtr-td-tag\" data-mtr-content=\"VATER\"><div class=\"mtr-cell-content\">Nire Valley Franklee<\/div><\/td><td class=\"column-5 mtr-td-tag\" data-mtr-content=\"MUTTER\"><div class=\"mtr-cell-content\">MP Isis<br>v. Norlunds Cash and Go<\/div><\/td><td class=\"column-6 mtr-td-tag\" data-mtr-content=\"Z\u00dcCHTER\"><div class=\"mtr-cell-content\">Nina Meyer<br>27711 Osterholz-Scharmbeck<\/div><\/td>\n<\/tr>\n<tr class=\"row-7\">\n\t<td class=\"column-1 mtr-td-tag\" data-mtr-content=\"FOTO\"><div class=\"mtr-cell-content\"><a href=\"https:\/\/www.cpv-ev.com\/wp-content\/uploads\/2016\/06\/2016-MP-Toffifee.jpg\"><img loading=\"lazy\" decoding=\"async\" src=\"https:\/\/www.cpv-ev.com\/wp-content\/uploads\/2016\/06\/2016-MP-Toffifee-110x110.jpg\" alt=\"\" width=\"110\" height=\"110\" class=\"alignnone size-thumbnail wp-image-18507\" srcset=\"https:\/\/www.cpv-ev.com\/wp-content\/uploads\/2016\/06\/2016-MP-Toffifee-110x110.jpg 110w, https:\/\/www.cpv-ev.com\/wp-content\/uploads\/2016\/06\/2016-MP-Toffifee-150x150.jpg 150w\" sizes=\"auto, (max-width: 110px) 100vw, 110px\"><\/a><\/div><\/td><td class=\"column-2 mtr-td-tag\" data-mtr-content=\"NAME\"><div class=\"mtr-cell-content\"><b>MP TOFFIFEE<\/b><br>DE410100250416<br>FP<br><br>Stute<br>Falbe<br>*14.04.2016<br><br><\/div><\/td><td class=\"column-3 mtr-td-tag\" data-mtr-content=\"JAHR\"><div class=\"mtr-cell-content\">2016<\/div><\/td><td class=\"column-4 mtr-td-tag\" data-mtr-content=\"VATER\"><div class=\"mtr-cell-content\">Nire Valley Franklee<\/div><\/td><td class=\"column-5 mtr-td-tag\" data-mtr-content=\"MUTTER\"><div class=\"mtr-cell-content\">Groken Tammy<br>v. Gun<\/div><\/td><td class=\"column-6 mtr-td-tag\" data-mtr-content=\"Z\u00dcCHTER\"><div class=\"mtr-cell-content\">Angelika Klockmann-Warncke<br>27711 Osterholz-Scharmbeck<br><\/div><\/td>\n<\/tr>\n<\/tbody>\n<\/table>\n<!-- #tablepress-18 from cache -->\n","protected":false},"excerpt":{"rendered":"<p>&nbsp; Farbe: Falbe Hengstbuch: Hannover HB I, Pr\u00e4mienhengstanw\u00e4rter, zugelassen f\u00fcr Dt. Reitponys Geboren: 21.05.2012 Leistungspr\u00fcfung: noch keine Stockma\u00df: 147 cm Tr\u00e4ger des Creme-Faktors: ja R\u00f6hrbein: Tr\u00e4ger des Fuchsgens: unbekannt Ausgeschieden: 2017 eingegangen &nbsp; HWSD-Status: N\/N mit Abstammungs\u00fcberpr\u00fcfung &nbsp; &nbsp; Gek\u00f6rte <a class=\"more-link\" href=\"https:\/\/www.cpv-ev.com\/?page_id=14512\"><span class=\"screen-reader-text\">  Nire Valley Franklee<\/span> weiterlesen<span class=\"meta-nav\">&rarr;<\/span><\/a><\/p>\n","protected":false},"author":2,"featured_media":0,"parent":11819,"menu_order":0,"comment_status":"closed","ping_status":"closed","template":"","meta":{"ngg_post_thumbnail":0,"footnotes":""},"class_list":["post-14512","page","type-page","status-publish","hentry"],"_links":{"self":[{"href":"https:\/\/www.cpv-ev.com\/index.php?rest_route=\/wp\/v2\/pages\/14512","targetHints":{"allow":["GET"]}}],"collection":[{"href":"https:\/\/www.cpv-ev.com\/index.php?rest_route=\/wp\/v2\/pages"}],"about":[{"href":"https:\/\/www.cpv-ev.com\/index.php?rest_route=\/wp\/v2\/types\/page"}],"author":[{"embeddable":true,"href":"https:\/\/www.cpv-ev.com\/index.php?rest_route=\/wp\/v2\/users\/2"}],"replies":[{"embeddable":true,"href":"https:\/\/www.cpv-ev.com\/index.php?rest_route=%2Fwp%2Fv2%2Fcomments&post=14512"}],"version-history":[{"count":1,"href":"https:\/\/www.cpv-ev.com\/index.php?rest_route=\/wp\/v2\/pages\/14512\/revisions"}],"predecessor-version":[{"id":30036,"href":"https:\/\/www.cpv-ev.com\/index.php?rest_route=\/wp\/v2\/pages\/14512\/revisions\/30036"}],"up":[{"embeddable":true,"href":"https:\/\/www.cpv-ev.com\/index.php?rest_route=\/wp\/v2\/pages\/11819"}],"wp:attachment":[{"href":"https:\/\/www.cpv-ev.com\/index.php?rest_route=%2Fwp%2Fv2%2Fmedia&parent=14512"}],"curies":[{"name":"wp","href":"https:\/\/api.w.org\/{rel}","templated":true}]}}