{"id":14506,"date":"2014-11-26T18:10:19","date_gmt":"2014-11-26T16:10:19","guid":{"rendered":"https:\/\/www.cpv-ev.com\/?page_id=14506"},"modified":"2018-05-02T10:54:04","modified_gmt":"2018-05-02T08:54:04","slug":"sternbergs-lenaro","status":"publish","type":"page","link":"https:\/\/www.cpv-ev.com\/?page_id=14506","title":{"rendered":"Sternbergs Lenaro"},"content":{"rendered":"<p>&nbsp;<\/p>\n<table border=\"1\" cellspacing=\"0\" cellpadding=\"0\">\n<tbody>\n<tr>\n<td valign=\"top\" width=\"359\"><strong>Farbe:<\/strong> Braun<\/td>\n<td valign=\"top\" width=\"359\"><strong>Hengstbuch:<\/strong> Bayern HB I, s\u00fcddeutsch gek\u00f6rt<\/td>\n<\/tr>\n<tr>\n<td valign=\"top\" width=\"359\"><strong>Geboren:<\/strong> 27.05.2012<\/td>\n<td valign=\"top\" width=\"359\"><strong>Leistungspr\u00fcfung: <\/strong>noch keine<em><br \/>\n<\/em><\/td>\n<\/tr>\n<tr>\n<td valign=\"top\" width=\"359\"><strong>Stockma\u00df: <\/strong>145 cm<\/td>\n<td valign=\"top\" width=\"359\"><strong>Tr\u00e4ger des Creme-Faktors:<\/strong> nein<\/td>\n<\/tr>\n<tr>\n<td valign=\"top\" width=\"359\"><strong>R\u00f6hrbein: <\/strong>20,5 cm<strong><br \/>\n<\/strong><\/td>\n<td valign=\"top\" width=\"359\"><strong>Tr\u00e4ger des Fuchsgens:<\/strong> unbekannt<\/td>\n<\/tr>\n<tr>\n<td valign=\"top\" width=\"359\"><strong>Ausgeschieden:\u00a0<\/strong> 2014 nach Australien verkauft<\/td>\n<td valign=\"top\" width=\"359\"><\/td>\n<\/tr>\n<tr>\n<td valign=\"top\" width=\"359\"><img loading=\"lazy\" decoding=\"async\" class=\"alignnone size-full wp-image-232\" src=\"https:\/\/www.cpv-ev.com\/wp-content\/uploads\/2012\/07\/trans240x10.gif\" alt=\"trans240x10\" width=\"240\" height=\"10\" srcset=\"https:\/\/www.cpv-ev.com\/wp-content\/uploads\/2012\/07\/trans240x10.gif 240w, https:\/\/www.cpv-ev.com\/wp-content\/uploads\/2012\/07\/trans240x10-225x10.gif 225w\" sizes=\"auto, (max-width: 240px) 100vw, 240px\" \/><\/td>\n<td valign=\"top\" width=\"359\"><\/td>\n<\/tr>\n<tr>\n<td valign=\"top\" width=\"359\"><strong>Gek\u00f6rte S\u00f6hne: <\/strong>bisher keine<\/td>\n<td valign=\"top\" width=\"359\"><strong>Eingetragene Stuten: <\/strong>&#8211;<strong><br \/>\n<\/strong><\/td>\n<\/tr>\n<tr>\n<td valign=\"top\" width=\"359\"><\/td>\n<td valign=\"top\" width=\"359\"><strong>davon StPrSt: <\/strong>&#8211;<strong><br \/>\n<\/strong><\/td>\n<\/tr>\n<tr>\n<td valign=\"top\" width=\"359\"><img loading=\"lazy\" decoding=\"async\" src=\"https:\/\/www.cpv-ev.com\/wp-content\/uploads\/2012\/07\/trans240x10.gif\" alt=\"trans240x10\" width=\"240\" height=\"10\" \/><\/td>\n<td valign=\"top\" width=\"359\"><\/td>\n<\/tr>\n<tr>\n<td valign=\"top\" width=\"359\"><strong>Lebensgewinnsumme:<\/strong> &#8211;<\/td>\n<td valign=\"top\" width=\"359\"><strong>Nachkommen-LGS: <\/strong>&#8211;<strong><br \/>\n<\/strong><\/td>\n<\/tr>\n<tr>\n<td colspan=\"2\" valign=\"top\" width=\"717\"><img loading=\"lazy\" decoding=\"async\" src=\"https:\/\/www.cpv-ev.com\/wp-content\/uploads\/2012\/07\/trans240x10.gif\" alt=\"trans240x10\" width=\"240\" height=\"10\" \/><\/td>\n<\/tr>\n<tr>\n<td colspan=\"2\" valign=\"top\" width=\"717\"><strong><strong>Z\u00fcchter: <\/strong><\/strong>Peter Kr\u00e4mer, Gest\u00fct Sternberg, 97529 Sulzheim-V\u00f6gnitz<strong><strong><br \/>\n<\/strong><\/strong><strong>Besitzer:\u00a0<\/strong>Peppertree Connemara Pony Stud, Australien<\/td>\n<\/tr>\n<tr>\n<td valign=\"top\" width=\"359\"><\/td>\n<td valign=\"top\" width=\"359\"><\/td>\n<\/tr>\n<\/tbody>\n<\/table>\n<h5>Pedigree<\/h5>\n<p><img loading=\"lazy\" decoding=\"async\" class=\"alignnone size-full wp-image-14519\" src=\"https:\/\/www.cpv-ev.com\/wp-content\/uploads\/2014\/11\/Sternbergs-Lenaro.jpg\" alt=\"Sternbergs Lenaro\" width=\"680\" height=\"310\" srcset=\"https:\/\/www.cpv-ev.com\/wp-content\/uploads\/2014\/11\/Sternbergs-Lenaro.jpg 680w, https:\/\/www.cpv-ev.com\/wp-content\/uploads\/2014\/11\/Sternbergs-Lenaro-241x110.jpg 241w, https:\/\/www.cpv-ev.com\/wp-content\/uploads\/2014\/11\/Sternbergs-Lenaro-300x136.jpg 300w, https:\/\/www.cpv-ev.com\/wp-content\/uploads\/2014\/11\/Sternbergs-Lenaro-500x227.jpg 500w\" sizes=\"auto, (max-width: 680px) 100vw, 680px\" \/><\/p>\n<p>&nbsp;<\/p>\n<h5>Galerie<\/h5>\n<p><a href=\"https:\/\/www.cpv-ev.com\/wp-content\/uploads\/2014\/10\/Sternbergs-Lenaro.jpg\"><img loading=\"lazy\" decoding=\"async\" class=\"alignnone size-thumbnail wp-image-14187\" src=\"https:\/\/www.cpv-ev.com\/wp-content\/uploads\/2014\/10\/Sternbergs-Lenaro-146x110.jpg\" alt=\"Sternbergs Lenaro\" width=\"146\" height=\"110\" srcset=\"https:\/\/www.cpv-ev.com\/wp-content\/uploads\/2014\/10\/Sternbergs-Lenaro-146x110.jpg 146w, https:\/\/www.cpv-ev.com\/wp-content\/uploads\/2014\/10\/Sternbergs-Lenaro-300x225.jpg 300w, https:\/\/www.cpv-ev.com\/wp-content\/uploads\/2014\/10\/Sternbergs-Lenaro-500x375.jpg 500w, https:\/\/www.cpv-ev.com\/wp-content\/uploads\/2014\/10\/Sternbergs-Lenaro.jpg 750w\" sizes=\"auto, (max-width: 146px) 100vw, 146px\" \/><\/a> \u00a0<a href=\"https:\/\/www.cpv-ev.com\/wp-content\/uploads\/2014\/10\/Sternbergs-Lenaro1.jpg\"><img loading=\"lazy\" decoding=\"async\" class=\"alignnone size-thumbnail wp-image-14188\" src=\"https:\/\/www.cpv-ev.com\/wp-content\/uploads\/2014\/10\/Sternbergs-Lenaro1-146x110.jpg\" alt=\"Sternbergs Lenaro1\" width=\"146\" height=\"110\" srcset=\"https:\/\/www.cpv-ev.com\/wp-content\/uploads\/2014\/10\/Sternbergs-Lenaro1-146x110.jpg 146w, https:\/\/www.cpv-ev.com\/wp-content\/uploads\/2014\/10\/Sternbergs-Lenaro1-300x225.jpg 300w, https:\/\/www.cpv-ev.com\/wp-content\/uploads\/2014\/10\/Sternbergs-Lenaro1-500x375.jpg 500w, https:\/\/www.cpv-ev.com\/wp-content\/uploads\/2014\/10\/Sternbergs-Lenaro1.jpg 750w\" sizes=\"auto, (max-width: 146px) 100vw, 146px\" \/><\/a> \u00a0<a href=\"https:\/\/www.cpv-ev.com\/wp-content\/uploads\/2014\/10\/Sternbergs-Lenaro2.jpg\"><img loading=\"lazy\" decoding=\"async\" class=\"alignnone size-thumbnail wp-image-14189\" src=\"https:\/\/www.cpv-ev.com\/wp-content\/uploads\/2014\/10\/Sternbergs-Lenaro2-146x110.jpg\" alt=\"Sternbergs Lenaro2\" width=\"146\" height=\"110\" srcset=\"https:\/\/www.cpv-ev.com\/wp-content\/uploads\/2014\/10\/Sternbergs-Lenaro2-146x110.jpg 146w, https:\/\/www.cpv-ev.com\/wp-content\/uploads\/2014\/10\/Sternbergs-Lenaro2-300x225.jpg 300w, https:\/\/www.cpv-ev.com\/wp-content\/uploads\/2014\/10\/Sternbergs-Lenaro2-500x374.jpg 500w, https:\/\/www.cpv-ev.com\/wp-content\/uploads\/2014\/10\/Sternbergs-Lenaro2.jpg 750w\" sizes=\"auto, (max-width: 146px) 100vw, 146px\" \/><\/a> \u00a0<a href=\"https:\/\/www.cpv-ev.com\/wp-content\/uploads\/2014\/10\/Sternbergs-Lenaro3.jpg\"><img loading=\"lazy\" decoding=\"async\" class=\"alignnone size-thumbnail wp-image-14190\" src=\"https:\/\/www.cpv-ev.com\/wp-content\/uploads\/2014\/10\/Sternbergs-Lenaro3-146x110.jpg\" alt=\"Sternbergs Lenaro3\" width=\"146\" height=\"110\" srcset=\"https:\/\/www.cpv-ev.com\/wp-content\/uploads\/2014\/10\/Sternbergs-Lenaro3-146x110.jpg 146w, https:\/\/www.cpv-ev.com\/wp-content\/uploads\/2014\/10\/Sternbergs-Lenaro3-300x225.jpg 300w, https:\/\/www.cpv-ev.com\/wp-content\/uploads\/2014\/10\/Sternbergs-Lenaro3-500x375.jpg 500w, https:\/\/www.cpv-ev.com\/wp-content\/uploads\/2014\/10\/Sternbergs-Lenaro3.jpg 750w\" sizes=\"auto, (max-width: 146px) 100vw, 146px\" \/><\/a> \u00a0<a href=\"https:\/\/www.cpv-ev.com\/wp-content\/uploads\/2014\/10\/Sternbergs-Lenaro6.jpg\"><img loading=\"lazy\" decoding=\"async\" class=\"alignnone size-thumbnail wp-image-14191\" src=\"https:\/\/www.cpv-ev.com\/wp-content\/uploads\/2014\/10\/Sternbergs-Lenaro6-146x110.jpg\" alt=\"Sternbergs Lenaro6\" width=\"146\" height=\"110\" srcset=\"https:\/\/www.cpv-ev.com\/wp-content\/uploads\/2014\/10\/Sternbergs-Lenaro6-146x110.jpg 146w, https:\/\/www.cpv-ev.com\/wp-content\/uploads\/2014\/10\/Sternbergs-Lenaro6-300x225.jpg 300w, https:\/\/www.cpv-ev.com\/wp-content\/uploads\/2014\/10\/Sternbergs-Lenaro6-500x375.jpg 500w, https:\/\/www.cpv-ev.com\/wp-content\/uploads\/2014\/10\/Sternbergs-Lenaro6.jpg 750w\" sizes=\"auto, (max-width: 146px) 100vw, 146px\" \/><\/a><\/p>\n<h5>Nachkommen<\/h5>\n\n<table id=\"tablepress-18\" class=\"tablepress tablepress-id-18\">\n<thead>\n<tr class=\"row-1\">\n\t<th class=\"column-1\">FOTO<\/th><th class=\"column-2\">NAME<\/th><th class=\"column-3\">JAHR<\/th><th class=\"column-4\">VATER<\/th><th class=\"column-5\">MUTTER<\/th><th class=\"column-6\">Z\u00dcCHTER<\/th>\n<\/tr>\n<\/thead>\n<tbody class=\"row-striping row-hover\">\n<\/tbody>\n<\/table>\n<!-- #tablepress-18 from cache -->\n","protected":false},"excerpt":{"rendered":"<p>&nbsp; Farbe: Braun Hengstbuch: Bayern HB I, s\u00fcddeutsch gek\u00f6rt Geboren: 27.05.2012 Leistungspr\u00fcfung: noch keine Stockma\u00df: 145 cm Tr\u00e4ger des Creme-Faktors: nein R\u00f6hrbein: 20,5 cm Tr\u00e4ger des Fuchsgens: unbekannt Ausgeschieden:\u00a0 2014 nach Australien verkauft Gek\u00f6rte S\u00f6hne: bisher keine Eingetragene Stuten: &#8211; <a class=\"more-link\" href=\"https:\/\/www.cpv-ev.com\/?page_id=14506\"><span class=\"screen-reader-text\">  Sternbergs Lenaro<\/span> weiterlesen<span class=\"meta-nav\">&rarr;<\/span><\/a><\/p>\n","protected":false},"author":2,"featured_media":0,"parent":11821,"menu_order":0,"comment_status":"closed","ping_status":"closed","template":"","meta":{"ngg_post_thumbnail":0,"footnotes":""},"class_list":["post-14506","page","type-page","status-publish","hentry"],"_links":{"self":[{"href":"https:\/\/www.cpv-ev.com\/index.php?rest_route=\/wp\/v2\/pages\/14506","targetHints":{"allow":["GET"]}}],"collection":[{"href":"https:\/\/www.cpv-ev.com\/index.php?rest_route=\/wp\/v2\/pages"}],"about":[{"href":"https:\/\/www.cpv-ev.com\/index.php?rest_route=\/wp\/v2\/types\/page"}],"author":[{"embeddable":true,"href":"https:\/\/www.cpv-ev.com\/index.php?rest_route=\/wp\/v2\/users\/2"}],"replies":[{"embeddable":true,"href":"https:\/\/www.cpv-ev.com\/index.php?rest_route=%2Fwp%2Fv2%2Fcomments&post=14506"}],"version-history":[{"count":0,"href":"https:\/\/www.cpv-ev.com\/index.php?rest_route=\/wp\/v2\/pages\/14506\/revisions"}],"up":[{"embeddable":true,"href":"https:\/\/www.cpv-ev.com\/index.php?rest_route=\/wp\/v2\/pages\/11821"}],"wp:attachment":[{"href":"https:\/\/www.cpv-ev.com\/index.php?rest_route=%2Fwp%2Fv2%2Fmedia&parent=14506"}],"curies":[{"name":"wp","href":"https:\/\/api.w.org\/{rel}","templated":true}]}}