{"id":13694,"date":"2015-05-30T20:33:48","date_gmt":"2015-05-30T18:33:48","guid":{"rendered":"https:\/\/www.cpv-ev.com\/?page_id=13694"},"modified":"2018-03-19T12:53:44","modified_gmt":"2018-03-19T10:53:44","slug":"fohlenjahrgang-1965","status":"publish","type":"page","link":"https:\/\/www.cpv-ev.com\/?page_id=13694","title":{"rendered":"Fohlenjahrgang 1965"},"content":{"rendered":"<p>&nbsp;<\/p>\n<p>Hier finden Sie die Ponys aus dem Geburtsjahrgang 1965.<\/p>\n<p>Fotos Ihrer Ponys inkl. Daten (Name, Geschlecht, Abstammung, Geb.-Datum, Farbe) senden Sie bitte an <strong><a href=\"mailto:presse@connemara-pony.de\">presse@connemara-pony.de<\/a><\/strong>.<\/p>\n<p>&nbsp;<\/p>\n<p><strong>Legende der Abk\u00fcrzungen:<\/strong><\/p>\n<p><strong>Fohlen:<\/strong> FP = Fohlenpr\u00e4mie, FPG = Fohlenpr\u00e4mie Goldmedallie, WN = Wertnote<\/p>\n<p><strong>Stuten:<\/strong> StPrSt = Staatspr\u00e4mienstute, VbPrSt = Verbandspr\u00e4mienstute (= Pr\u00e4mienstute), E = Elitestute, HM = Hengstmutter<\/p>\n<p>LP = Leistungsgepr\u00fcft, FN (A) = eingetragen in FN Leistungsstutbuch Abteilung A (B, C, D entsprechend), FNBP = FN Bundespr\u00e4mie<\/p>\n<p><strong>Hengste*:<\/strong> bitte nutzen Sie den Link im Namen, um auf die Hengstseite zu gelangen<\/p>\n<p><strong>Sport:<\/strong> LGS = Lebensgewinnsumme, N-LGS = Nachkommen-Lebensgewinnsumme<\/p>\n<p>&nbsp;<\/p>\n<p>Zum Umsortieren klicken Sie bitte auf die jeweilige Spalten\u00fcberschrift.<\/p>\n<p>&nbsp;<\/p>\n\n<table id=\"tablepress-18\" class=\"tablepress tablepress-id-18 mtr-table mtr-thead-th\">\n<thead>\n<tr class=\"row-1\">\n\t<th class=\"column-1 mtr-th-tag\" data-mtr-content=\"FOTO\"><div class=\"mtr-cell-content\">FOTO<\/div><\/th><th class=\"column-2 mtr-th-tag\" data-mtr-content=\"NAME\"><div class=\"mtr-cell-content\">NAME<\/div><\/th><th class=\"column-3 mtr-th-tag\" data-mtr-content=\"JAHR\"><div class=\"mtr-cell-content\">JAHR<\/div><\/th><th class=\"column-4 mtr-th-tag\" data-mtr-content=\"VATER\"><div class=\"mtr-cell-content\">VATER<\/div><\/th><th class=\"column-5 mtr-th-tag\" data-mtr-content=\"MUTTER\"><div class=\"mtr-cell-content\">MUTTER<\/div><\/th><th class=\"column-6 mtr-th-tag\" data-mtr-content=\"Z\u00dcCHTER\"><div class=\"mtr-cell-content\">Z\u00dcCHTER<\/div><\/th>\n<\/tr>\n<\/thead>\n<tbody class=\"row-striping row-hover\">\n<tr class=\"row-2\">\n\t<td class=\"column-1 mtr-td-tag\" data-mtr-content=\"FOTO\"><div class=\"mtr-cell-content\"><\/div><\/td><td class=\"column-2 mtr-td-tag\" data-mtr-content=\"NAME\"><div class=\"mtr-cell-content\"><b>WOLLY<\/b><br>DE343440031001<br><br>Stute<br>Dunkelbraunfalbe<br>1965<br><br><\/div><\/td><td class=\"column-3 mtr-td-tag\" data-mtr-content=\"JAHR\"><div class=\"mtr-cell-content\">1965<\/div><\/td><td class=\"column-4 mtr-td-tag\" data-mtr-content=\"VATER\"><div class=\"mtr-cell-content\">Atlantic Storm 139<\/div><\/td><td class=\"column-5 mtr-td-tag\" data-mtr-content=\"MUTTER\"><div class=\"mtr-cell-content\">Nansin Cillar<br>v. Cil Ciarain 78<\/div><\/td><td class=\"column-6 mtr-td-tag\" data-mtr-content=\"Z\u00dcCHTER\"><div class=\"mtr-cell-content\"><br><br><\/div><\/td>\n<\/tr>\n<tr class=\"row-3\">\n\t<td class=\"column-1 mtr-td-tag\" data-mtr-content=\"FOTO\"><div class=\"mtr-cell-content\"><\/div><\/td><td class=\"column-2 mtr-td-tag\" data-mtr-content=\"NAME\"><div class=\"mtr-cell-content\"><b>WOLLY<\/b><br>DE384848031065<br><br>Stute<br><br><\/div><\/td><td class=\"column-3 mtr-td-tag\" data-mtr-content=\"JAHR\"><div class=\"mtr-cell-content\">1965<\/div><\/td><td class=\"column-4 mtr-td-tag\" data-mtr-content=\"VATER\"><div class=\"mtr-cell-content\"><\/div><\/td><td class=\"column-5 mtr-td-tag\" data-mtr-content=\"MUTTER\"><div class=\"mtr-cell-content\"><\/div><\/td><td class=\"column-6 mtr-td-tag\" data-mtr-content=\"Z\u00dcCHTER\"><div class=\"mtr-cell-content\"><\/div><\/td>\n<\/tr>\n<\/tbody>\n<\/table>\n<!-- #tablepress-18 from cache -->\n","protected":false},"excerpt":{"rendered":"<p>&nbsp; Hier finden Sie die Ponys aus dem Geburtsjahrgang 1965. Fotos Ihrer Ponys inkl. Daten (Name, Geschlecht, Abstammung, Geb.-Datum, Farbe) senden Sie bitte an presse@connemara-pony.de. &nbsp; Legende der Abk\u00fcrzungen: Fohlen: FP = Fohlenpr\u00e4mie, FPG = Fohlenpr\u00e4mie Goldmedallie, WN = Wertnote <a class=\"more-link\" href=\"https:\/\/www.cpv-ev.com\/?page_id=13694\"><span class=\"screen-reader-text\">  Fohlenjahrgang 1965<\/span> weiterlesen<span class=\"meta-nav\">&rarr;<\/span><\/a><\/p>\n","protected":false},"author":2,"featured_media":0,"parent":0,"menu_order":0,"comment_status":"closed","ping_status":"closed","template":"onecolumn-page.php","meta":{"ngg_post_thumbnail":0,"footnotes":""},"class_list":["post-13694","page","type-page","status-publish","hentry"],"_links":{"self":[{"href":"https:\/\/www.cpv-ev.com\/index.php?rest_route=\/wp\/v2\/pages\/13694","targetHints":{"allow":["GET"]}}],"collection":[{"href":"https:\/\/www.cpv-ev.com\/index.php?rest_route=\/wp\/v2\/pages"}],"about":[{"href":"https:\/\/www.cpv-ev.com\/index.php?rest_route=\/wp\/v2\/types\/page"}],"author":[{"embeddable":true,"href":"https:\/\/www.cpv-ev.com\/index.php?rest_route=\/wp\/v2\/users\/2"}],"replies":[{"embeddable":true,"href":"https:\/\/www.cpv-ev.com\/index.php?rest_route=%2Fwp%2Fv2%2Fcomments&post=13694"}],"version-history":[{"count":0,"href":"https:\/\/www.cpv-ev.com\/index.php?rest_route=\/wp\/v2\/pages\/13694\/revisions"}],"wp:attachment":[{"href":"https:\/\/www.cpv-ev.com\/index.php?rest_route=%2Fwp%2Fv2%2Fmedia&parent=13694"}],"curies":[{"name":"wp","href":"https:\/\/api.w.org\/{rel}","templated":true}]}}