{"id":13692,"date":"2015-05-30T20:32:51","date_gmt":"2015-05-30T18:32:51","guid":{"rendered":"https:\/\/www.cpv-ev.com\/?page_id=13692"},"modified":"2018-03-19T12:53:16","modified_gmt":"2018-03-19T10:53:16","slug":"fohlenjahrgang-1966","status":"publish","type":"page","link":"https:\/\/www.cpv-ev.com\/?page_id=13692","title":{"rendered":"Fohlenjahrgang 1966"},"content":{"rendered":"<p>&nbsp;<\/p>\n<p>Hier finden Sie die Ponys aus dem Geburtsjahrgang 1966.<\/p>\n<p>Fotos Ihrer Ponys inkl. Daten (Name, Geschlecht, Abstammung, Geb.-Datum, Farbe) senden Sie bitte an <strong><a href=\"mailto:presse@connemara-pony.de\">presse@connemara-pony.de<\/a><\/strong>.<\/p>\n<p>&nbsp;<\/p>\n<p><strong>Legende der Abk\u00fcrzungen:<\/strong><\/p>\n<p><strong>Fohlen:<\/strong> FP = Fohlenpr\u00e4mie, FPG = Fohlenpr\u00e4mie Goldmedallie, WN = Wertnote<\/p>\n<p><strong>Stuten:<\/strong> StPrSt = Staatspr\u00e4mienstute, VbPrSt = Verbandspr\u00e4mienstute (= Pr\u00e4mienstute), E = Elitestute, HM = Hengstmutter<\/p>\n<p>LP = Leistungsgepr\u00fcft, FN (A) = eingetragen in FN Leistungsstutbuch Abteilung A (B, C, D entsprechend), FNBP = FN Bundespr\u00e4mie<\/p>\n<p><strong>Hengste*:<\/strong> bitte nutzen Sie den Link im Namen, um auf die Hengstseite zu gelangen<\/p>\n<p><strong>Sport:<\/strong> LGS = Lebensgewinnsumme, N-LGS = Nachkommen-Lebensgewinnsumme<\/p>\n<p>&nbsp;<\/p>\n<p>Zum Umsortieren klicken Sie bitte auf die jeweilige Spalten\u00fcberschrift.<\/p>\n<p>&nbsp;<\/p>\n\n<table id=\"tablepress-18\" class=\"tablepress tablepress-id-18 mtr-table mtr-thead-th\">\n<thead>\n<tr class=\"row-1\">\n\t<th class=\"column-1 mtr-th-tag\" data-mtr-content=\"FOTO\"><div class=\"mtr-cell-content\">FOTO<\/div><\/th><th class=\"column-2 mtr-th-tag\" data-mtr-content=\"NAME\"><div class=\"mtr-cell-content\">NAME<\/div><\/th><th class=\"column-3 mtr-th-tag\" data-mtr-content=\"JAHR\"><div class=\"mtr-cell-content\">JAHR<\/div><\/th><th class=\"column-4 mtr-th-tag\" data-mtr-content=\"VATER\"><div class=\"mtr-cell-content\">VATER<\/div><\/th><th class=\"column-5 mtr-th-tag\" data-mtr-content=\"MUTTER\"><div class=\"mtr-cell-content\">MUTTER<\/div><\/th><th class=\"column-6 mtr-th-tag\" data-mtr-content=\"Z\u00dcCHTER\"><div class=\"mtr-cell-content\">Z\u00dcCHTER<\/div><\/th>\n<\/tr>\n<\/thead>\n<tbody class=\"row-striping row-hover\">\n<tr class=\"row-2\">\n\t<td class=\"column-1 mtr-td-tag\" data-mtr-content=\"FOTO\"><div class=\"mtr-cell-content\"><\/div><\/td><td class=\"column-2 mtr-td-tag\" data-mtr-content=\"NAME\"><div class=\"mtr-cell-content\"><b>AULA<\/b><br>DE322220109766<br><br>Stute<br>Schimmel<br>1966<br><br><\/div><\/td><td class=\"column-3 mtr-td-tag\" data-mtr-content=\"JAHR\"><div class=\"mtr-cell-content\">1966<\/div><\/td><td class=\"column-4 mtr-td-tag\" data-mtr-content=\"VATER\"><div class=\"mtr-cell-content\">Atlantic Dew 204<\/div><\/td><td class=\"column-5 mtr-td-tag\" data-mtr-content=\"MUTTER\"><div class=\"mtr-cell-content\">Asta<br>v. Clonkeehan Auratum 104<\/div><\/td><td class=\"column-6 mtr-td-tag\" data-mtr-content=\"Z\u00dcCHTER\"><div class=\"mtr-cell-content\"><br><br><\/div><\/td>\n<\/tr>\n<tr class=\"row-3\">\n\t<td class=\"column-1 mtr-td-tag\" data-mtr-content=\"FOTO\"><div class=\"mtr-cell-content\"><\/div><\/td><td class=\"column-2 mtr-td-tag\" data-mtr-content=\"NAME\"><div class=\"mtr-cell-content\"><b>BANTRY LILY<\/b><br>DE384845106466<br>HM<br><br>Stute<br>Schimmel<br>1966<br><br><\/div><\/td><td class=\"column-3 mtr-td-tag\" data-mtr-content=\"JAHR\"><div class=\"mtr-cell-content\">1966<\/div><\/td><td class=\"column-4 mtr-td-tag\" data-mtr-content=\"VATER\"><div class=\"mtr-cell-content\">Ceileog 109<\/div><\/td><td class=\"column-5 mtr-td-tag\" data-mtr-content=\"MUTTER\"><div class=\"mtr-cell-content\">Autumn Retreat<br>v. Carna Dun 89<\/div><\/td><td class=\"column-6 mtr-td-tag\" data-mtr-content=\"Z\u00dcCHTER\"><div class=\"mtr-cell-content\">Jan Harald Koelichen<br>8191 Gelting<br><\/div><\/td>\n<\/tr>\n<tr class=\"row-4\">\n\t<td class=\"column-1 mtr-td-tag\" data-mtr-content=\"FOTO\"><div class=\"mtr-cell-content\"><\/div><\/td><td class=\"column-2 mtr-td-tag\" data-mtr-content=\"NAME\"><div class=\"mtr-cell-content\"><b>BIANKA<\/b><br>DE343440016266<br><br>Stute<br>Rappschimmel<br>1966<br><br><\/div><\/td><td class=\"column-3 mtr-td-tag\" data-mtr-content=\"JAHR\"><div class=\"mtr-cell-content\">1966<\/div><\/td><td class=\"column-4 mtr-td-tag\" data-mtr-content=\"VATER\"><div class=\"mtr-cell-content\">Lord Dun Carna 141<\/div><\/td><td class=\"column-5 mtr-td-tag\" data-mtr-content=\"MUTTER\"><div class=\"mtr-cell-content\">Ballagh Lass<br>v. Tiger Gill 68<\/div><\/td><td class=\"column-6 mtr-td-tag\" data-mtr-content=\"Z\u00dcCHTER\"><div class=\"mtr-cell-content\"><br><br><\/div><\/td>\n<\/tr>\n<tr class=\"row-5\">\n\t<td class=\"column-1 mtr-td-tag\" data-mtr-content=\"FOTO\"><div class=\"mtr-cell-content\"><\/div><\/td><td class=\"column-2 mtr-td-tag\" data-mtr-content=\"NAME\"><div class=\"mtr-cell-content\"><b>SCHNEE<\/b><br><br>Stute<br>Blue Eyed Cream<br>1966<br><br><\/div><\/td><td class=\"column-3 mtr-td-tag\" data-mtr-content=\"JAHR\"><div class=\"mtr-cell-content\">1966<\/div><\/td><td class=\"column-4 mtr-td-tag\" data-mtr-content=\"VATER\"><div class=\"mtr-cell-content\">Lord Dun Carna 141<\/div><\/td><td class=\"column-5 mtr-td-tag\" data-mtr-content=\"MUTTER\"><div class=\"mtr-cell-content\">Velvet Rose<br>v. Clonkeehan Auratum 104<\/div><\/td><td class=\"column-6 mtr-td-tag\" data-mtr-content=\"Z\u00dcCHTER\"><div class=\"mtr-cell-content\">Frank Zika<br>6201 Naurod\/Ts.<br><\/div><\/td>\n<\/tr>\n<\/tbody>\n<\/table>\n<!-- #tablepress-18 from cache -->\n","protected":false},"excerpt":{"rendered":"<p>&nbsp; Hier finden Sie die Ponys aus dem Geburtsjahrgang 1966. Fotos Ihrer Ponys inkl. Daten (Name, Geschlecht, Abstammung, Geb.-Datum, Farbe) senden Sie bitte an presse@connemara-pony.de. &nbsp; Legende der Abk\u00fcrzungen: Fohlen: FP = Fohlenpr\u00e4mie, FPG = Fohlenpr\u00e4mie Goldmedallie, WN = Wertnote <a class=\"more-link\" href=\"https:\/\/www.cpv-ev.com\/?page_id=13692\"><span class=\"screen-reader-text\">  Fohlenjahrgang 1966<\/span> weiterlesen<span class=\"meta-nav\">&rarr;<\/span><\/a><\/p>\n","protected":false},"author":2,"featured_media":0,"parent":0,"menu_order":0,"comment_status":"closed","ping_status":"closed","template":"onecolumn-page.php","meta":{"ngg_post_thumbnail":0,"footnotes":""},"class_list":["post-13692","page","type-page","status-publish","hentry"],"_links":{"self":[{"href":"https:\/\/www.cpv-ev.com\/index.php?rest_route=\/wp\/v2\/pages\/13692","targetHints":{"allow":["GET"]}}],"collection":[{"href":"https:\/\/www.cpv-ev.com\/index.php?rest_route=\/wp\/v2\/pages"}],"about":[{"href":"https:\/\/www.cpv-ev.com\/index.php?rest_route=\/wp\/v2\/types\/page"}],"author":[{"embeddable":true,"href":"https:\/\/www.cpv-ev.com\/index.php?rest_route=\/wp\/v2\/users\/2"}],"replies":[{"embeddable":true,"href":"https:\/\/www.cpv-ev.com\/index.php?rest_route=%2Fwp%2Fv2%2Fcomments&post=13692"}],"version-history":[{"count":0,"href":"https:\/\/www.cpv-ev.com\/index.php?rest_route=\/wp\/v2\/pages\/13692\/revisions"}],"wp:attachment":[{"href":"https:\/\/www.cpv-ev.com\/index.php?rest_route=%2Fwp%2Fv2%2Fmedia&parent=13692"}],"curies":[{"name":"wp","href":"https:\/\/api.w.org\/{rel}","templated":true}]}}