{"id":12501,"date":"2014-06-17T08:16:00","date_gmt":"2014-06-17T06:16:00","guid":{"rendered":"https:\/\/www.cpv-ev.com\/?page_id=12501"},"modified":"2014-06-17T09:03:50","modified_gmt":"2014-06-17T07:03:50","slug":"g-fahrertag-werl-2014","status":"publish","type":"page","link":"https:\/\/www.cpv-ev.com\/?page_id=12501","title":{"rendered":"G &#8211; Fahrertag Werl 2014"},"content":{"rendered":"<p>&nbsp;<\/p>\n<p style=\"text-align: justify;\">Ausnahmsweise lie\u00df sich der Sonnenschein zum Fahrertag in Werl 2014 nicht blicken &#8211; was die Begeisterung der vielen Aktiven aber nicht schm\u00e4lern konnte: zahlreiche Gespanne, vom Shetland bis zum Schweren Warmblut, waren der Einladung gefolgt und nutzten die Gelegenheit, eine Trainingsstunde unter der fachkundigen Anleitung von Franz-Josef Dr\u00f6ge zu nehmen.<\/p>\n<p style=\"text-align: justify;\">&#8222;Ernst&#8220; wurde es dann beim Fahren der Dressuraufgabe, bei der jeder Teilnehmer neben einer Wertnote weitere wertvolle Trainingstipps bekam, flott wurde das Kegelfahren absolviert.<\/p>\n<p style=\"text-align: justify;\">Ein gro\u00dfes &#8222;Dankesch\u00f6n&#8220; geht an die Familie Dr\u00f6ge und Carolin Fischer, die mit ihrem gro\u00dfen Engagement diesen Fahrertag bereits zum 18. mal durchgef\u00fchrt haben.<\/p>\n<p>&nbsp;<\/p>\nngg_shortcode_0_placeholder\n","protected":false},"excerpt":{"rendered":"<p>&nbsp; Ausnahmsweise lie\u00df sich der Sonnenschein zum Fahrertag in Werl 2014 nicht blicken &#8211; was die Begeisterung der vielen Aktiven aber nicht schm\u00e4lern konnte: zahlreiche Gespanne, vom Shetland bis zum Schweren Warmblut, waren der Einladung gefolgt und nutzten die Gelegenheit, <a class=\"more-link\" href=\"https:\/\/www.cpv-ev.com\/?page_id=12501\"><span class=\"screen-reader-text\">  G &#8211; Fahrertag Werl 2014<\/span> weiterlesen<span class=\"meta-nav\">&rarr;<\/span><\/a><\/p>\n","protected":false},"author":2,"featured_media":0,"parent":0,"menu_order":0,"comment_status":"closed","ping_status":"closed","template":"","meta":{"ngg_post_thumbnail":0,"footnotes":""},"class_list":["post-12501","page","type-page","status-publish","hentry"],"_links":{"self":[{"href":"https:\/\/www.cpv-ev.com\/index.php?rest_route=\/wp\/v2\/pages\/12501","targetHints":{"allow":["GET"]}}],"collection":[{"href":"https:\/\/www.cpv-ev.com\/index.php?rest_route=\/wp\/v2\/pages"}],"about":[{"href":"https:\/\/www.cpv-ev.com\/index.php?rest_route=\/wp\/v2\/types\/page"}],"author":[{"embeddable":true,"href":"https:\/\/www.cpv-ev.com\/index.php?rest_route=\/wp\/v2\/users\/2"}],"replies":[{"embeddable":true,"href":"https:\/\/www.cpv-ev.com\/index.php?rest_route=%2Fwp%2Fv2%2Fcomments&post=12501"}],"version-history":[{"count":0,"href":"https:\/\/www.cpv-ev.com\/index.php?rest_route=\/wp\/v2\/pages\/12501\/revisions"}],"wp:attachment":[{"href":"https:\/\/www.cpv-ev.com\/index.php?rest_route=%2Fwp%2Fv2%2Fmedia&parent=12501"}],"curies":[{"name":"wp","href":"https:\/\/api.w.org\/{rel}","templated":true}]}}