{"id":12127,"date":"2014-06-08T13:48:42","date_gmt":"2014-06-08T11:48:42","guid":{"rendered":"https:\/\/www.cpv-ev.com\/?page_id=12127"},"modified":"2021-02-01T10:59:25","modified_gmt":"2021-02-01T08:59:25","slug":"irish-boy-of-hazelfield-bel","status":"publish","type":"page","link":"https:\/\/www.cpv-ev.com\/?page_id=12127","title":{"rendered":"Irish Boy of Hazelfield &#8211; BEL"},"content":{"rendered":"<p>&nbsp;<\/p>\n<table cellspacing=\"0\" cellpadding=\"0\" border=\"1\">\n<tbody>\n<tr>\n<td width=\"359\" valign=\"top\"><strong>Farbe:<\/strong> Schimmel, dunkelbraun geb.<\/td>\n<td width=\"359\" valign=\"top\"><strong>Hengstbuch:<\/strong> Belgien HB I<\/td>\n<\/tr>\n<tr>\n<td width=\"359\" valign=\"top\"><strong>Geboren:<\/strong> 11.05.2004<\/td>\n<td width=\"359\" valign=\"top\"><strong>Leistungspr\u00fcfung: <\/strong>in Belgien<strong><br \/>\n<\/strong><\/td>\n<\/tr>\n<tr>\n<td width=\"359\" valign=\"top\"><strong>Stockma\u00df: <\/strong>148 cm<\/td>\n<td width=\"359\" valign=\"top\"><strong>Tr\u00e4ger des Creme-Faktors:<\/strong> unbekannt<\/td>\n<\/tr>\n<tr>\n<td width=\"359\" valign=\"top\"><strong>R\u00f6hrbein: <\/strong><strong><br \/>\n<\/strong><\/td>\n<td width=\"359\" valign=\"top\"><strong>Tr\u00e4ger des Fuchsgens:<\/strong> unbekannt<\/td>\n<\/tr>\n<tr>\n<td width=\"359\" valign=\"top\"><\/td>\n<td width=\"359\" valign=\"top\"><\/td>\n<\/tr>\n<tr>\n<td width=\"359\" valign=\"top\"><img loading=\"lazy\" decoding=\"async\" class=\"alignnone size-full wp-image-232\" src=\"https:\/\/www.cpv-ev.com\/wp-content\/uploads\/2012\/07\/trans240x10.gif\" alt=\"trans240x10\" width=\"240\" height=\"10\" srcset=\"https:\/\/www.cpv-ev.com\/wp-content\/uploads\/2012\/07\/trans240x10.gif 240w, https:\/\/www.cpv-ev.com\/wp-content\/uploads\/2012\/07\/trans240x10-225x10.gif 225w\" sizes=\"auto, (max-width: 240px) 100vw, 240px\" \/><\/td>\n<td width=\"359\" valign=\"top\"><\/td>\n<\/tr>\n<tr>\n<td width=\"359\" valign=\"top\"><strong>Gek\u00f6rte S\u00f6hne: <\/strong>keine<strong><br \/>\n<\/strong><\/td>\n<td width=\"359\" valign=\"top\"><strong>Eingetragene Stuten:<\/strong> &#8211;<strong><br \/>\n<\/strong><\/td>\n<\/tr>\n<tr>\n<td width=\"359\" valign=\"top\"><\/td>\n<td width=\"359\" valign=\"top\"><strong>davon StPrSt: <\/strong>&#8211;<strong><br \/>\n<\/strong><\/td>\n<\/tr>\n<tr>\n<td width=\"359\" valign=\"top\"><img loading=\"lazy\" decoding=\"async\" src=\"https:\/\/www.cpv-ev.com\/wp-content\/uploads\/2012\/07\/trans240x10.gif\" alt=\"trans240x10\" width=\"240\" height=\"10\"><\/td>\n<td width=\"359\" valign=\"top\"><\/td>\n<\/tr>\n<tr>\n<td width=\"359\" valign=\"top\"><strong>Lebensgewinnsumme:<\/strong> &#8211;<img loading=\"lazy\" decoding=\"async\" class=\"alignnone size-full wp-image-232\" title=\"trans240x10\" src=\"https:\/\/www.cpv-ev.com\/wp-content\/uploads\/2012\/07\/trans240x10.gif\" alt=\"\" width=\"100\" height=\"20\"><\/td>\n<td width=\"359\" valign=\"top\"><strong>Nachkommen-LGS: <\/strong>&#8211;<strong><br \/>\n<\/strong><\/td>\n<\/tr>\n<tr>\n<td colspan=\"2\" width=\"717\" valign=\"top\"><img loading=\"lazy\" decoding=\"async\" src=\"https:\/\/www.cpv-ev.com\/wp-content\/uploads\/2012\/07\/trans240x10.gif\" alt=\"trans240x10\" width=\"240\" height=\"10\"><\/td>\n<\/tr>\n<tr>\n<td colspan=\"2\" width=\"717\" valign=\"top\"><strong><strong>Z\u00fcchter &amp; <\/strong><\/strong><strong>Besitzer: <\/strong>Chris Dockx, Lint, Belgien<strong><br \/>\n<\/strong><\/td>\n<\/tr>\n<\/tbody>\n<\/table>\n<h5>Pedigree<\/h5>\n<p><img loading=\"lazy\" decoding=\"async\" class=\"alignnone size-full wp-image-12594\" src=\"https:\/\/www.cpv-ev.com\/wp-content\/uploads\/2014\/06\/Irish-Boy-of-Hazelfield.jpg\" alt=\"Irish Boy of Hazelfield\" width=\"680\" height=\"310\" srcset=\"https:\/\/www.cpv-ev.com\/wp-content\/uploads\/2014\/06\/Irish-Boy-of-Hazelfield.jpg 680w, https:\/\/www.cpv-ev.com\/wp-content\/uploads\/2014\/06\/Irish-Boy-of-Hazelfield-241x110.jpg 241w, https:\/\/www.cpv-ev.com\/wp-content\/uploads\/2014\/06\/Irish-Boy-of-Hazelfield-300x136.jpg 300w, https:\/\/www.cpv-ev.com\/wp-content\/uploads\/2014\/06\/Irish-Boy-of-Hazelfield-500x227.jpg 500w\" sizes=\"auto, (max-width: 680px) 100vw, 680px\" \/><\/p>\n<h5>Galerie<\/h5>\n<p><a href=\"https:\/\/www.cpv-ev.com\/wp-content\/uploads\/2012\/09\/Irish-Boy2.jpg\"><img loading=\"lazy\" decoding=\"async\" class=\"alignnone size-thumbnail wp-image-4215\" src=\"https:\/\/www.cpv-ev.com\/wp-content\/uploads\/2012\/09\/Irish-Boy2-82x110.jpg\" alt=\"Irish Boy of Hazelfield\" width=\"82\" height=\"110\" srcset=\"https:\/\/www.cpv-ev.com\/wp-content\/uploads\/2012\/09\/Irish-Boy2-82x110.jpg 82w, https:\/\/www.cpv-ev.com\/wp-content\/uploads\/2012\/09\/Irish-Boy2-300x400.jpg 300w, https:\/\/www.cpv-ev.com\/wp-content\/uploads\/2012\/09\/Irish-Boy2-374x500.jpg 374w, https:\/\/www.cpv-ev.com\/wp-content\/uploads\/2012\/09\/Irish-Boy2-110x146.jpg 110w, https:\/\/www.cpv-ev.com\/wp-content\/uploads\/2012\/09\/Irish-Boy2-225x300.jpg 225w, https:\/\/www.cpv-ev.com\/wp-content\/uploads\/2012\/09\/Irish-Boy2.jpg 562w\" sizes=\"auto, (max-width: 82px) 100vw, 82px\" \/><\/a> &nbsp;<a href=\"https:\/\/www.cpv-ev.com\/wp-content\/uploads\/2012\/09\/Irish-Boy4.jpg\"><img loading=\"lazy\" decoding=\"async\" class=\"alignnone size-vs6_thumb wp-image-4217\" src=\"https:\/\/www.cpv-ev.com\/wp-content\/uploads\/2012\/09\/Irish-Boy4-150x110.jpg\" alt=\"Irish Boy of Hazelfield\" width=\"150\" height=\"110\"><\/a> &nbsp;<a href=\"https:\/\/www.cpv-ev.com\/wp-content\/uploads\/2012\/09\/Irish-Boy.jpg\"><img loading=\"lazy\" decoding=\"async\" class=\"alignnone size-vs6_thumb wp-image-4214\" src=\"https:\/\/www.cpv-ev.com\/wp-content\/uploads\/2012\/09\/Irish-Boy-150x110.jpg\" alt=\"Irish Boy of Hazelfield\" width=\"150\" height=\"110\"><\/a> &nbsp;<a href=\"https:\/\/www.cpv-ev.com\/wp-content\/uploads\/2012\/09\/Irish-Boy-Sprung21.jpg\"><img loading=\"lazy\" decoding=\"async\" class=\"alignnone size-vs6_thumb wp-image-4227\" src=\"https:\/\/www.cpv-ev.com\/wp-content\/uploads\/2012\/09\/Irish-Boy-Sprung21-150x110.jpg\" alt=\"Irish Boy of Hazelfield\" width=\"150\" height=\"110\"><\/a> &nbsp;<a href=\"https:\/\/www.cpv-ev.com\/wp-content\/uploads\/2012\/09\/Irish-Boy-Drs.jpg\"><img loading=\"lazy\" decoding=\"async\" class=\"alignnone size-vs6_thumb wp-image-4226\" src=\"https:\/\/www.cpv-ev.com\/wp-content\/uploads\/2012\/09\/Irish-Boy-Drs-150x110.jpg\" alt=\"Irish Boy of Hazelfield\" width=\"150\" height=\"110\"><\/a> &nbsp;<a href=\"https:\/\/www.cpv-ev.com\/wp-content\/uploads\/2012\/09\/Irish-Boy5.jpg\"><img loading=\"lazy\" decoding=\"async\" class=\"alignnone size-thumbnail wp-image-4218\" src=\"https:\/\/www.cpv-ev.com\/wp-content\/uploads\/2012\/09\/Irish-Boy5-82x110.jpg\" alt=\"Irish Boy of Hazelfield\" width=\"82\" height=\"110\" srcset=\"https:\/\/www.cpv-ev.com\/wp-content\/uploads\/2012\/09\/Irish-Boy5-82x110.jpg 82w, https:\/\/www.cpv-ev.com\/wp-content\/uploads\/2012\/09\/Irish-Boy5-300x400.jpg 300w, https:\/\/www.cpv-ev.com\/wp-content\/uploads\/2012\/09\/Irish-Boy5-374x500.jpg 374w, https:\/\/www.cpv-ev.com\/wp-content\/uploads\/2012\/09\/Irish-Boy5-110x146.jpg 110w, https:\/\/www.cpv-ev.com\/wp-content\/uploads\/2012\/09\/Irish-Boy5-225x300.jpg 225w, https:\/\/www.cpv-ev.com\/wp-content\/uploads\/2012\/09\/Irish-Boy5.jpg 562w\" sizes=\"auto, (max-width: 82px) 100vw, 82px\" \/>&nbsp; <\/a><\/p>\n<h5>Nachkommen<\/h5>\n\n<table id=\"tablepress-18\" class=\"tablepress tablepress-id-18 mtr-table mtr-thead-th\">\n<thead>\n<tr class=\"row-1\">\n\t<th class=\"column-1 mtr-th-tag\" data-mtr-content=\"FOTO\"><div class=\"mtr-cell-content\">FOTO<\/div><\/th><th class=\"column-2 mtr-th-tag\" data-mtr-content=\"NAME\"><div class=\"mtr-cell-content\">NAME<\/div><\/th><th class=\"column-3 mtr-th-tag\" data-mtr-content=\"JAHR\"><div class=\"mtr-cell-content\">JAHR<\/div><\/th><th class=\"column-4 mtr-th-tag\" data-mtr-content=\"VATER\"><div class=\"mtr-cell-content\">VATER<\/div><\/th><th class=\"column-5 mtr-th-tag\" data-mtr-content=\"MUTTER\"><div class=\"mtr-cell-content\">MUTTER<\/div><\/th><th class=\"column-6 mtr-th-tag\" data-mtr-content=\"Z\u00dcCHTER\"><div class=\"mtr-cell-content\">Z\u00dcCHTER<\/div><\/th>\n<\/tr>\n<\/thead>\n<tbody class=\"row-striping row-hover\">\n<tr class=\"row-2\">\n\t<td class=\"column-1 mtr-td-tag\" data-mtr-content=\"FOTO\"><div class=\"mtr-cell-content\"><\/div><\/td><td class=\"column-2 mtr-td-tag\" data-mtr-content=\"NAME\"><div class=\"mtr-cell-content\"><b>EKELY'S BJARNE<\/b><br>DE434340298914<br>FP<br><br>Hengst<br>Hellbraunschimmel<br>*11.05.2014<br><br><\/div><\/td><td class=\"column-3 mtr-td-tag\" data-mtr-content=\"JAHR\"><div class=\"mtr-cell-content\">2014<\/div><\/td><td class=\"column-4 mtr-td-tag\" data-mtr-content=\"VATER\"><div class=\"mtr-cell-content\">Irish Boy of Hazelfield<\/div><\/td><td class=\"column-5 mtr-td-tag\" data-mtr-content=\"MUTTER\"><div class=\"mtr-cell-content\">Nire Valley Heather<br>v. Monaghanstown Fionn<\/div><\/td><td class=\"column-6 mtr-td-tag\" data-mtr-content=\"Z\u00dcCHTER\"><div class=\"mtr-cell-content\">Ekely<br>Susanne Lehmann<br>26345 Bockhorn<br><\/div><\/td>\n<\/tr>\n<tr class=\"row-3\">\n\t<td class=\"column-1 mtr-td-tag\" data-mtr-content=\"FOTO\"><div class=\"mtr-cell-content\"><a href=\"https:\/\/www.cpv-ev.com\/wp-content\/uploads\/2020\/01\/Ekelys-INXS.jpg\"><img loading=\"lazy\" decoding=\"async\" src=\"https:\/\/www.cpv-ev.com\/wp-content\/uploads\/2020\/01\/Ekelys-INXS-110x110.jpg\" alt=\"\" width=\"110\" height=\"110\" class=\"alignnone size-thumbnail wp-image-24026\" srcset=\"https:\/\/www.cpv-ev.com\/wp-content\/uploads\/2020\/01\/Ekelys-INXS-110x110.jpg 110w, https:\/\/www.cpv-ev.com\/wp-content\/uploads\/2020\/01\/Ekelys-INXS-150x150.jpg 150w\" sizes=\"auto, (max-width: 110px) 100vw, 110px\"><\/a><\/div><\/td><td class=\"column-2 mtr-td-tag\" data-mtr-content=\"NAME\"><div class=\"mtr-cell-content\"><b>EKELY'S INXS<\/b><br>DE434340266114<br>FP<br><br>Wallach<br>Dunkelbraunschimmel<br>*22.05.2014<br><br><\/div><\/td><td class=\"column-3 mtr-td-tag\" data-mtr-content=\"JAHR\"><div class=\"mtr-cell-content\">2014<\/div><\/td><td class=\"column-4 mtr-td-tag\" data-mtr-content=\"VATER\"><div class=\"mtr-cell-content\">Irish Boy of Hazelfield<\/div><\/td><td class=\"column-5 mtr-td-tag\" data-mtr-content=\"MUTTER\"><div class=\"mtr-cell-content\">Ekely's Niamh<br>v. Frederiksminde Hazy Match<\/div><\/td><td class=\"column-6 mtr-td-tag\" data-mtr-content=\"Z\u00dcCHTER\"><div class=\"mtr-cell-content\">Ekely<br>Susanne Lehmann<br>26345 Bockhorn<br><\/div><\/td>\n<\/tr>\n<tr class=\"row-4\">\n\t<td class=\"column-1 mtr-td-tag\" data-mtr-content=\"FOTO\"><div class=\"mtr-cell-content\"><a href=\"https:\/\/www.cpv-ev.com\/wp-content\/uploads\/2020\/01\/Scellebelle-Variante.jpg\"><img loading=\"lazy\" decoding=\"async\" src=\"https:\/\/www.cpv-ev.com\/wp-content\/uploads\/2020\/01\/Scellebelle-Variante-110x110.jpg\" alt=\"\" width=\"110\" height=\"110\" class=\"alignnone size-thumbnail wp-image-24031\" srcset=\"https:\/\/www.cpv-ev.com\/wp-content\/uploads\/2020\/01\/Scellebelle-Variante-110x110.jpg 110w, https:\/\/www.cpv-ev.com\/wp-content\/uploads\/2020\/01\/Scellebelle-Variante-150x150.jpg 150w\" sizes=\"auto, (max-width: 110px) 100vw, 110px\"><\/a><\/div><\/td><td class=\"column-2 mtr-td-tag\" data-mtr-content=\"NAME\"><div class=\"mtr-cell-content\"><b>SCELLEBELLE <br>VARIANTE<\/b><br>DE434340266014<br><br>Stute<br>Schimmel<br>*04.05.2014<br><br><\/div><\/td><td class=\"column-3 mtr-td-tag\" data-mtr-content=\"JAHR\"><div class=\"mtr-cell-content\">2014<\/div><\/td><td class=\"column-4 mtr-td-tag\" data-mtr-content=\"VATER\"><div class=\"mtr-cell-content\">Irish Boy of Hazelfield<\/div><\/td><td class=\"column-5 mtr-td-tag\" data-mtr-content=\"MUTTER\"><div class=\"mtr-cell-content\">Scellebelle Violet Haze<br>v. Frederiksminde Hazy Match<\/div><\/td><td class=\"column-6 mtr-td-tag\" data-mtr-content=\"Z\u00dcCHTER\"><div class=\"mtr-cell-content\">Ekely<br>Susanne Lehmann<br>26345 Bockhorn<br><\/div><\/td>\n<\/tr>\n<\/tbody>\n<\/table>\n<!-- #tablepress-18 from cache -->\n","protected":false},"excerpt":{"rendered":"<p>&nbsp; Farbe: Schimmel, dunkelbraun geb. Hengstbuch: Belgien HB I Geboren: 11.05.2004 Leistungspr\u00fcfung: in Belgien Stockma\u00df: 148 cm Tr\u00e4ger des Creme-Faktors: unbekannt R\u00f6hrbein: Tr\u00e4ger des Fuchsgens: unbekannt Gek\u00f6rte S\u00f6hne: keine Eingetragene Stuten: &#8211; davon StPrSt: &#8211; Lebensgewinnsumme: &#8211; Nachkommen-LGS: &#8211; Z\u00fcchter <a class=\"more-link\" href=\"https:\/\/www.cpv-ev.com\/?page_id=12127\"><span class=\"screen-reader-text\">  Irish Boy of Hazelfield &#8211; BEL<\/span> weiterlesen<span class=\"meta-nav\">&rarr;<\/span><\/a><\/p>\n","protected":false},"author":2,"featured_media":0,"parent":11815,"menu_order":0,"comment_status":"closed","ping_status":"closed","template":"","meta":{"ngg_post_thumbnail":0,"footnotes":""},"class_list":["post-12127","page","type-page","status-publish","hentry"],"_links":{"self":[{"href":"https:\/\/www.cpv-ev.com\/index.php?rest_route=\/wp\/v2\/pages\/12127","targetHints":{"allow":["GET"]}}],"collection":[{"href":"https:\/\/www.cpv-ev.com\/index.php?rest_route=\/wp\/v2\/pages"}],"about":[{"href":"https:\/\/www.cpv-ev.com\/index.php?rest_route=\/wp\/v2\/types\/page"}],"author":[{"embeddable":true,"href":"https:\/\/www.cpv-ev.com\/index.php?rest_route=\/wp\/v2\/users\/2"}],"replies":[{"embeddable":true,"href":"https:\/\/www.cpv-ev.com\/index.php?rest_route=%2Fwp%2Fv2%2Fcomments&post=12127"}],"version-history":[{"count":0,"href":"https:\/\/www.cpv-ev.com\/index.php?rest_route=\/wp\/v2\/pages\/12127\/revisions"}],"up":[{"embeddable":true,"href":"https:\/\/www.cpv-ev.com\/index.php?rest_route=\/wp\/v2\/pages\/11815"}],"wp:attachment":[{"href":"https:\/\/www.cpv-ev.com\/index.php?rest_route=%2Fwp%2Fv2%2Fmedia&parent=12127"}],"curies":[{"name":"wp","href":"https:\/\/api.w.org\/{rel}","templated":true}]}}