{"id":12123,"date":"2014-06-08T13:47:13","date_gmt":"2014-06-08T11:47:13","guid":{"rendered":"https:\/\/www.cpv-ev.com\/?page_id=12123"},"modified":"2018-04-10T09:30:09","modified_gmt":"2018-04-10T07:30:09","slug":"easter-van-de-leliaard-ned","status":"publish","type":"page","link":"https:\/\/www.cpv-ev.com\/?page_id=12123","title":{"rendered":"Easter van de Leliaard &#8211; NED"},"content":{"rendered":"<p>&nbsp;<\/p>\n<table cellspacing=\"0\" cellpadding=\"0\" border=\"1\">\n<tbody>\n<tr>\n<td width=\"359\" valign=\"top\"><strong>Farbe:<\/strong> Schimmel, braun geb.<\/td>\n<td width=\"359\" valign=\"top\"><strong>Hengstbuch:<\/strong> S. 68 Niederlande<\/td>\n<\/tr>\n<tr>\n<td width=\"359\" valign=\"top\"><strong>Geboren:<\/strong> 01.07.1999<\/td>\n<td width=\"359\" valign=\"top\"><strong>Leistungspr\u00fcfung: <\/strong><strong><br \/>\n<\/strong><\/td>\n<\/tr>\n<tr>\n<td width=\"359\" valign=\"top\"><strong>Stockma\u00df: <\/strong>146 cm<\/td>\n<td width=\"359\" valign=\"top\"><strong>Tr\u00e4ger des Creme-Faktors:<\/strong> nein<\/td>\n<\/tr>\n<tr>\n<td width=\"359\" valign=\"top\"><strong>R\u00f6hrbein: <\/strong><strong><br \/>\n<\/strong><\/td>\n<td width=\"359\" valign=\"top\"><strong>Tr\u00e4ger des Fuchsgens:<\/strong> unbekannt<\/td>\n<\/tr>\n<tr>\n<td width=\"359\" valign=\"top\">&nbsp;<\/td>\n<td width=\"359\" valign=\"top\">&nbsp;<\/td>\n<\/tr>\n<tr>\n<td width=\"359\" valign=\"top\"><img loading=\"lazy\" decoding=\"async\" class=\"alignnone size-full wp-image-232\" src=\"https:\/\/www.cpv-ev.com\/wp-content\/uploads\/2012\/07\/trans240x10.gif\" alt=\"trans240x10\" width=\"240\" height=\"10\" srcset=\"https:\/\/www.cpv-ev.com\/wp-content\/uploads\/2012\/07\/trans240x10.gif 240w, https:\/\/www.cpv-ev.com\/wp-content\/uploads\/2012\/07\/trans240x10-225x10.gif 225w\" sizes=\"auto, (max-width: 240px) 100vw, 240px\" \/><\/td>\n<td width=\"359\" valign=\"top\">&nbsp;<\/td>\n<\/tr>\n<tr>\n<td width=\"359\" valign=\"top\"><strong>Gek\u00f6rte S\u00f6hne: <\/strong><span style=\"font-family: verdana,geneva; font-size: 16px;\"><span style=\"font-size: 12px;\">Prince van de Kiboets, Elmo (NED)<\/span><strong><br \/>\n<\/strong><\/span><\/td>\n<td width=\"359\" valign=\"top\"><strong>Eingetragene Stuten:<\/strong> 1<strong><br \/>\n<\/strong><\/td>\n<\/tr>\n<tr>\n<td width=\"359\" valign=\"top\">&nbsp;<\/td>\n<td width=\"359\" valign=\"top\"><strong>davon StPrSt: <\/strong>1<strong><br \/>\n<\/strong><\/td>\n<\/tr>\n<tr>\n<td width=\"359\" valign=\"top\"><img loading=\"lazy\" decoding=\"async\" src=\"https:\/\/www.cpv-ev.com\/wp-content\/uploads\/2012\/07\/trans240x10.gif\" alt=\"trans240x10\" width=\"240\" height=\"10\"><\/td>\n<td width=\"359\" valign=\"top\">&nbsp;<\/td>\n<\/tr>\n<tr>\n<td width=\"359\" valign=\"top\"><strong>Lebensgewinnsumme:<\/strong> &#8211;<img loading=\"lazy\" decoding=\"async\" class=\"alignnone size-full wp-image-232\" title=\"trans240x10\" src=\"https:\/\/www.cpv-ev.com\/wp-content\/uploads\/2012\/07\/trans240x10.gif\" alt=\"\" width=\"100\" height=\"20\"><\/td>\n<td width=\"359\" valign=\"top\"><strong>Nachkommen-LGS: <\/strong>45 EUR (2017)<strong><br \/>\n<\/strong><\/td>\n<\/tr>\n<tr>\n<td colspan=\"2\" width=\"717\" valign=\"top\"><img loading=\"lazy\" decoding=\"async\" src=\"https:\/\/www.cpv-ev.com\/wp-content\/uploads\/2012\/07\/trans240x10.gif\" alt=\"trans240x10\" width=\"240\" height=\"10\"><\/td>\n<\/tr>\n<tr>\n<td colspan=\"2\" width=\"717\" valign=\"top\"><strong><strong>Z\u00fcchter:&nbsp;<\/strong><\/strong><span style=\"font-size: 12px;\"><span style=\"font-family: verdana,geneva;\">A. Kooij, Wijchen, Niederlande<\/span><\/span><br \/>\n<strong>Besitzer: <\/strong><span style=\"font-size: 14px;\"><span style=\"font-family: verdana,geneva; font-size: 12px;\">Gebr. Bosch, Luttenberg, Niederlande<\/span><strong><br \/>\n<\/strong><\/span><\/td>\n<\/tr>\n<tr>\n<td width=\"359\" valign=\"top\">&nbsp;<\/td>\n<td width=\"359\" valign=\"top\">&nbsp;<\/td>\n<\/tr>\n<tr>\n<td colspan=\"2\" width=\"717\" valign=\"top\">&nbsp;<\/td>\n<\/tr>\n<\/tbody>\n<\/table>\n<h5>Pedigree<\/h5>\n<p><img loading=\"lazy\" decoding=\"async\" class=\"alignnone size-full wp-image-12602\" src=\"https:\/\/www.cpv-ev.com\/wp-content\/uploads\/2014\/06\/Easter-van-de-Leliaard.jpg\" alt=\"Easter van de Leliaard\" width=\"680\" height=\"310\" srcset=\"https:\/\/www.cpv-ev.com\/wp-content\/uploads\/2014\/06\/Easter-van-de-Leliaard.jpg 680w, https:\/\/www.cpv-ev.com\/wp-content\/uploads\/2014\/06\/Easter-van-de-Leliaard-241x110.jpg 241w, https:\/\/www.cpv-ev.com\/wp-content\/uploads\/2014\/06\/Easter-van-de-Leliaard-300x136.jpg 300w, https:\/\/www.cpv-ev.com\/wp-content\/uploads\/2014\/06\/Easter-van-de-Leliaard-500x227.jpg 500w\" sizes=\"auto, (max-width: 680px) 100vw, 680px\" \/><\/p>\n<h5>Galerie<\/h5>\n<p><a href=\"https:\/\/www.cpv-ev.com\/wp-content\/uploads\/2014\/06\/Easter-van-de-Leliaard11.jpg\"><img loading=\"lazy\" decoding=\"async\" class=\"alignnone size-vs6_thumb wp-image-12715\" src=\"https:\/\/www.cpv-ev.com\/wp-content\/uploads\/2014\/06\/Easter-van-de-Leliaard11-150x110.jpg\" alt=\"Easter van de Leliaard\" width=\"150\" height=\"110\"><\/a>&nbsp; <a href=\"https:\/\/www.cpv-ev.com\/wp-content\/uploads\/2014\/06\/Easter-van-de-Leliaard1.jpg\"><img loading=\"lazy\" decoding=\"async\" class=\"alignnone size-vs6_thumb wp-image-12714\" src=\"https:\/\/www.cpv-ev.com\/wp-content\/uploads\/2014\/06\/Easter-van-de-Leliaard1-150x110.jpg\" alt=\"Easter van de Leliaard\" width=\"150\" height=\"110\"><\/a><\/p>\n<h5>Nachkommen<\/h5>\n\n<table id=\"tablepress-18\" class=\"tablepress tablepress-id-18 mtr-table mtr-thead-th\">\n<thead>\n<tr class=\"row-1\">\n\t<th class=\"column-1 mtr-th-tag\" data-mtr-content=\"FOTO\"><div class=\"mtr-cell-content\">FOTO<\/div><\/th><th class=\"column-2 mtr-th-tag\" data-mtr-content=\"NAME\"><div class=\"mtr-cell-content\">NAME<\/div><\/th><th class=\"column-3 mtr-th-tag\" data-mtr-content=\"JAHR\"><div class=\"mtr-cell-content\">JAHR<\/div><\/th><th class=\"column-4 mtr-th-tag\" data-mtr-content=\"VATER\"><div class=\"mtr-cell-content\">VATER<\/div><\/th><th class=\"column-5 mtr-th-tag\" data-mtr-content=\"MUTTER\"><div class=\"mtr-cell-content\">MUTTER<\/div><\/th><th class=\"column-6 mtr-th-tag\" data-mtr-content=\"Z\u00dcCHTER\"><div class=\"mtr-cell-content\">Z\u00dcCHTER<\/div><\/th>\n<\/tr>\n<\/thead>\n<tbody class=\"row-striping row-hover\">\n<tr class=\"row-2\">\n\t<td class=\"column-1 mtr-td-tag\" data-mtr-content=\"FOTO\"><div class=\"mtr-cell-content\"><\/div><\/td><td class=\"column-2 mtr-td-tag\" data-mtr-content=\"NAME\"><div class=\"mtr-cell-content\"><b>ELMO<\/b><br>DE443430027203<br>HB I in Niederlanden<br><br>Hengst<br>Schimmel<br>*26.04.2003<br>148 cm<br><br><\/div><\/td><td class=\"column-3 mtr-td-tag\" data-mtr-content=\"JAHR\"><div class=\"mtr-cell-content\">2003<\/div><\/td><td class=\"column-4 mtr-td-tag\" data-mtr-content=\"VATER\"><div class=\"mtr-cell-content\">Easter van de Leliaard<\/div><\/td><td class=\"column-5 mtr-td-tag\" data-mtr-content=\"MUTTER\"><div class=\"mtr-cell-content\">Viller Gille<br>v. Gun<\/div><\/td><td class=\"column-6 mtr-td-tag\" data-mtr-content=\"Z\u00dcCHTER\"><div class=\"mtr-cell-content\">Maria Hillmann<br>47574 Goch<br><\/div><\/td>\n<\/tr>\n<tr class=\"row-3\">\n\t<td class=\"column-1 mtr-td-tag\" data-mtr-content=\"FOTO\"><div class=\"mtr-cell-content\"><a href=\"https:\/\/www.cpv-ev.com\/wp-content\/uploads\/2013\/11\/Elton.jpg\"><img loading=\"lazy\" decoding=\"async\" src=\"https:\/\/www.cpv-ev.com\/wp-content\/uploads\/2013\/11\/Elton-e1384257178242-110x110.jpg\" alt=\"\" width=\"110\" height=\"110\" class=\"alignnone size-thumbnail wp-image-6811\"><\/a><\/div><\/td><td class=\"column-2 mtr-td-tag\" data-mtr-content=\"NAME\"><div class=\"mtr-cell-content\"><b>ELTON<\/b><br><br>Wallach<br>Braunschimmel<br>2004<br><br><\/div><\/td><td class=\"column-3 mtr-td-tag\" data-mtr-content=\"JAHR\"><div class=\"mtr-cell-content\">2004<\/div><\/td><td class=\"column-4 mtr-td-tag\" data-mtr-content=\"VATER\"><div class=\"mtr-cell-content\">Easter van de Leliaard<\/div><\/td><td class=\"column-5 mtr-td-tag\" data-mtr-content=\"MUTTER\"><div class=\"mtr-cell-content\">Viller Gille<br>v. Gun<\/div><\/td><td class=\"column-6 mtr-td-tag\" data-mtr-content=\"Z\u00dcCHTER\"><div class=\"mtr-cell-content\">Maria Hillmann<br>47574 Goch<br><\/div><\/td>\n<\/tr>\n<tr class=\"row-4\">\n\t<td class=\"column-1 mtr-td-tag\" data-mtr-content=\"FOTO\"><div class=\"mtr-cell-content\"><\/div><\/td><td class=\"column-2 mtr-td-tag\" data-mtr-content=\"NAME\"><div class=\"mtr-cell-content\"><b>ONCKY VAN STRIJTHAGEN<\/b><br>NED Vb. 1517<br><br>Stute<br>Braun<br>2004<br><br><\/div><\/td><td class=\"column-3 mtr-td-tag\" data-mtr-content=\"JAHR\"><div class=\"mtr-cell-content\">2004<\/div><\/td><td class=\"column-4 mtr-td-tag\" data-mtr-content=\"VATER\"><div class=\"mtr-cell-content\">Easter van de Leliaard<\/div><\/td><td class=\"column-5 mtr-td-tag\" data-mtr-content=\"MUTTER\"><div class=\"mtr-cell-content\">Kinnity van de Bossenhoeve<br>v. Diplomat<\/div><\/td><td class=\"column-6 mtr-td-tag\" data-mtr-content=\"Z\u00dcCHTER\"><div class=\"mtr-cell-content\"><br><br><\/div><\/td>\n<\/tr>\n<tr class=\"row-5\">\n\t<td class=\"column-1 mtr-td-tag\" data-mtr-content=\"FOTO\"><div class=\"mtr-cell-content\"><\/div><\/td><td class=\"column-2 mtr-td-tag\" data-mtr-content=\"NAME\"><div class=\"mtr-cell-content\"><b>VILLER EATON<\/b><br><br>Hengst<br>Braunschimmel<br>*07.05.2010<br><br><\/div><\/td><td class=\"column-3 mtr-td-tag\" data-mtr-content=\"JAHR\"><div class=\"mtr-cell-content\">2010<\/div><\/td><td class=\"column-4 mtr-td-tag\" data-mtr-content=\"VATER\"><div class=\"mtr-cell-content\">Easter van de Leliaard<\/div><\/td><td class=\"column-5 mtr-td-tag\" data-mtr-content=\"MUTTER\"><div class=\"mtr-cell-content\">Viller Baghira<br>v. Pattys Bengt<\/div><\/td><td class=\"column-6 mtr-td-tag\" data-mtr-content=\"Z\u00dcCHTER\"><div class=\"mtr-cell-content\">Viller<br>Heidi Deryck<br>47574 Goch<br><\/div><\/td>\n<\/tr>\n<tr class=\"row-6\">\n\t<td class=\"column-1 mtr-td-tag\" data-mtr-content=\"FOTO\"><div class=\"mtr-cell-content\"><\/div><\/td><td class=\"column-2 mtr-td-tag\" data-mtr-content=\"NAME\"><div class=\"mtr-cell-content\"><b>VILLER ELINE<\/b><br><br>Stute<br>Dunkelbraun<br>*29.04.2008<br><br><\/div><\/td><td class=\"column-3 mtr-td-tag\" data-mtr-content=\"JAHR\"><div class=\"mtr-cell-content\">2008<\/div><\/td><td class=\"column-4 mtr-td-tag\" data-mtr-content=\"VATER\"><div class=\"mtr-cell-content\">Easter van de Leliaard<\/div><\/td><td class=\"column-5 mtr-td-tag\" data-mtr-content=\"MUTTER\"><div class=\"mtr-cell-content\">Viller Baghira<br>v. Pattys Bengt Jr.<\/div><\/td><td class=\"column-6 mtr-td-tag\" data-mtr-content=\"Z\u00dcCHTER\"><div class=\"mtr-cell-content\">Viller<br>Heidi Deryck<br>47574 Goch<br><\/div><\/td>\n<\/tr>\n<tr class=\"row-7\">\n\t<td class=\"column-1 mtr-td-tag\" data-mtr-content=\"FOTO\"><div class=\"mtr-cell-content\"><\/div><\/td><td class=\"column-2 mtr-td-tag\" data-mtr-content=\"NAME\"><div class=\"mtr-cell-content\"><b>VILLER ENRICO<\/b><br>DE443430362107<br>LGS 45 EUR (2020)<br><br>Hengst<br>Braun<br>*07.05.2007<br><br><\/div><\/td><td class=\"column-3 mtr-td-tag\" data-mtr-content=\"JAHR\"><div class=\"mtr-cell-content\">2007<\/div><\/td><td class=\"column-4 mtr-td-tag\" data-mtr-content=\"VATER\"><div class=\"mtr-cell-content\">Easter van de Leliaard<\/div><\/td><td class=\"column-5 mtr-td-tag\" data-mtr-content=\"MUTTER\"><div class=\"mtr-cell-content\">Viller Baghira<br>v. Pattys Bengt Jr.<\/div><\/td><td class=\"column-6 mtr-td-tag\" data-mtr-content=\"Z\u00dcCHTER\"><div class=\"mtr-cell-content\">Viller<br>Heidi Deryck<br>47574 Goch<br><\/div><\/td>\n<\/tr>\n<tr class=\"row-8\">\n\t<td class=\"column-1 mtr-td-tag\" data-mtr-content=\"FOTO\"><div class=\"mtr-cell-content\"><a href=\"https:\/\/www.cpv-ev.com\/wp-content\/uploads\/2013\/11\/Viller-Eva-Luna.jpg\"><img loading=\"lazy\" decoding=\"async\" src=\"https:\/\/www.cpv-ev.com\/wp-content\/uploads\/2013\/11\/Viller-Eva-Luna-e1384256162901-110x110.jpg\" alt=\"\" width=\"110\" height=\"110\" class=\"alignnone size-thumbnail wp-image-6876\"><\/a><\/div><\/td><td class=\"column-2 mtr-td-tag\" data-mtr-content=\"NAME\"><div class=\"mtr-cell-content\"><b>VILLER EVA LUNA<\/b><br><br>Stute<br>Braun<br>*04.05.2004<br><br><\/div><\/td><td class=\"column-3 mtr-td-tag\" data-mtr-content=\"JAHR\"><div class=\"mtr-cell-content\">2004<\/div><\/td><td class=\"column-4 mtr-td-tag\" data-mtr-content=\"VATER\"><div class=\"mtr-cell-content\">Easter van de Leliaard<\/div><\/td><td class=\"column-5 mtr-td-tag\" data-mtr-content=\"MUTTER\"><div class=\"mtr-cell-content\">Viller Hazel<br>v. Frederiksminde Hazy Match<\/div><\/td><td class=\"column-6 mtr-td-tag\" data-mtr-content=\"Z\u00dcCHTER\"><div class=\"mtr-cell-content\">Viller<br>Heidi Deryck<br>47574 Goch<br><\/div><\/td>\n<\/tr>\n<\/tbody>\n<\/table>\n<!-- #tablepress-18 from cache -->\n","protected":false},"excerpt":{"rendered":"<p>&nbsp; Farbe: Schimmel, braun geb. Hengstbuch: S. 68 Niederlande Geboren: 01.07.1999 Leistungspr\u00fcfung: Stockma\u00df: 146 cm Tr\u00e4ger des Creme-Faktors: nein R\u00f6hrbein: Tr\u00e4ger des Fuchsgens: unbekannt &nbsp; &nbsp; &nbsp; Gek\u00f6rte S\u00f6hne: Prince van de Kiboets, Elmo (NED) Eingetragene Stuten: 1 &nbsp; davon <a class=\"more-link\" href=\"https:\/\/www.cpv-ev.com\/?page_id=12123\"><span class=\"screen-reader-text\">  Easter van de Leliaard &#8211; NED<\/span> weiterlesen<span class=\"meta-nav\">&rarr;<\/span><\/a><\/p>\n","protected":false},"author":2,"featured_media":0,"parent":11804,"menu_order":0,"comment_status":"closed","ping_status":"closed","template":"","meta":{"ngg_post_thumbnail":0,"footnotes":""},"class_list":["post-12123","page","type-page","status-publish","hentry"],"_links":{"self":[{"href":"https:\/\/www.cpv-ev.com\/index.php?rest_route=\/wp\/v2\/pages\/12123","targetHints":{"allow":["GET"]}}],"collection":[{"href":"https:\/\/www.cpv-ev.com\/index.php?rest_route=\/wp\/v2\/pages"}],"about":[{"href":"https:\/\/www.cpv-ev.com\/index.php?rest_route=\/wp\/v2\/types\/page"}],"author":[{"embeddable":true,"href":"https:\/\/www.cpv-ev.com\/index.php?rest_route=\/wp\/v2\/users\/2"}],"replies":[{"embeddable":true,"href":"https:\/\/www.cpv-ev.com\/index.php?rest_route=%2Fwp%2Fv2%2Fcomments&post=12123"}],"version-history":[{"count":0,"href":"https:\/\/www.cpv-ev.com\/index.php?rest_route=\/wp\/v2\/pages\/12123\/revisions"}],"up":[{"embeddable":true,"href":"https:\/\/www.cpv-ev.com\/index.php?rest_route=\/wp\/v2\/pages\/11804"}],"wp:attachment":[{"href":"https:\/\/www.cpv-ev.com\/index.php?rest_route=%2Fwp%2Fv2%2Fmedia&parent=12123"}],"curies":[{"name":"wp","href":"https:\/\/api.w.org\/{rel}","templated":true}]}}