{"id":12081,"date":"2014-06-08T13:23:53","date_gmt":"2014-06-08T11:23:53","guid":{"rendered":"https:\/\/www.cpv-ev.com\/?page_id=12081"},"modified":"2021-01-31T11:28:10","modified_gmt":"2021-01-31T09:28:10","slug":"hazy-shamrock","status":"publish","type":"page","link":"https:\/\/www.cpv-ev.com\/?page_id=12081","title":{"rendered":"Hazy Shamrock"},"content":{"rendered":"<p>&nbsp;<\/p>\n<table cellspacing=\"0\" cellpadding=\"0\" border=\"1\">\n<tbody>\n<tr>\n<td width=\"359\" valign=\"top\"><strong>Farbe:<\/strong> Schimmel<\/td>\n<td width=\"359\" valign=\"top\"><strong>Hengstbuch:<\/strong> Rheinland HB I<\/td>\n<\/tr>\n<tr>\n<td width=\"359\" valign=\"top\"><strong>Geboren:<\/strong> 1999<\/td>\n<td width=\"359\" valign=\"top\"><strong>Leistungspr\u00fcfung: <\/strong>keine<strong><br \/>\n<\/strong><\/td>\n<\/tr>\n<tr>\n<td width=\"359\" valign=\"top\"><strong>Stockma\u00df:&nbsp;<\/strong><\/td>\n<td width=\"359\" valign=\"top\"><strong>Tr\u00e4ger des Creme-Faktors:<\/strong> unbekannt<\/td>\n<\/tr>\n<tr>\n<td width=\"359\" valign=\"top\"><strong>R\u00f6hrbein: <\/strong><strong><br \/>\n<\/strong><\/td>\n<td width=\"359\" valign=\"top\"><strong>Tr\u00e4ger des Fuchsgens:<\/strong> unbekannt<\/td>\n<\/tr>\n<tr>\n<td width=\"359\" valign=\"top\"><strong>Ausgeschieden: <\/strong>kastriert<strong><br \/>\n<\/strong><\/td>\n<td width=\"359\" valign=\"top\"><\/td>\n<\/tr>\n<tr>\n<td width=\"359\" valign=\"top\"><img loading=\"lazy\" decoding=\"async\" class=\"alignnone size-full wp-image-232\" src=\"https:\/\/www.cpv-ev.com\/wp-content\/uploads\/2012\/07\/trans240x10.gif\" alt=\"trans240x10\" width=\"240\" height=\"10\" srcset=\"https:\/\/www.cpv-ev.com\/wp-content\/uploads\/2012\/07\/trans240x10.gif 240w, https:\/\/www.cpv-ev.com\/wp-content\/uploads\/2012\/07\/trans240x10-225x10.gif 225w\" sizes=\"auto, (max-width: 240px) 100vw, 240px\" \/><\/td>\n<td width=\"359\" valign=\"top\"><\/td>\n<\/tr>\n<tr>\n<td width=\"359\" valign=\"top\"><strong>Gek\u00f6rte S\u00f6hne: <\/strong>keine<strong><br \/>\n<\/strong><\/td>\n<td width=\"359\" valign=\"top\"><strong>Eingetragene Stuten: <\/strong>&#8211;<strong><br \/>\n<\/strong><\/td>\n<\/tr>\n<tr>\n<td width=\"359\" valign=\"top\"><\/td>\n<td width=\"359\" valign=\"top\"><strong>davon StPrSt:<\/strong> &#8211;<\/td>\n<\/tr>\n<tr>\n<td width=\"359\" valign=\"top\"><img loading=\"lazy\" decoding=\"async\" src=\"https:\/\/www.cpv-ev.com\/wp-content\/uploads\/2012\/07\/trans240x10.gif\" alt=\"trans240x10\" width=\"240\" height=\"10\"><\/td>\n<td width=\"359\" valign=\"top\"><\/td>\n<\/tr>\n<tr>\n<td width=\"359\" valign=\"top\"><strong>Lebensgewinnsumme:<\/strong> 11 EUR (2017)<img loading=\"lazy\" decoding=\"async\" class=\"alignnone size-full wp-image-232\" title=\"trans240x10\" src=\"https:\/\/www.cpv-ev.com\/wp-content\/uploads\/2012\/07\/trans240x10.gif\" alt=\"\" width=\"100\" height=\"20\"><\/td>\n<td width=\"359\" valign=\"top\"><strong>Nachkommen-LGS: <\/strong>&#8211;<strong><br \/>\n<\/strong><\/td>\n<\/tr>\n<tr>\n<td colspan=\"2\" width=\"717\" valign=\"top\"><img loading=\"lazy\" decoding=\"async\" src=\"https:\/\/www.cpv-ev.com\/wp-content\/uploads\/2012\/07\/trans240x10.gif\" alt=\"trans240x10\" width=\"240\" height=\"10\"><\/td>\n<\/tr>\n<tr>\n<td colspan=\"2\" width=\"717\" valign=\"top\"><strong><strong>Z\u00fcchter: <\/strong><\/strong>Martina Ferfers, 41363 J\u00fcchen<strong><strong><br \/>\n<\/strong><\/strong><strong>Besitzer: <\/strong>Eva K\u00f6hler, Hennef<strong><br \/>\n<\/strong><\/td>\n<\/tr>\n<\/tbody>\n<\/table>\n<h5>Pedigree<\/h5>\n<p><img loading=\"lazy\" decoding=\"async\" class=\"alignnone size-full wp-image-12396\" src=\"https:\/\/www.cpv-ev.com\/wp-content\/uploads\/2014\/06\/Hazy-Shamrock.jpg\" alt=\"Hazy Shamrock\" width=\"680\" height=\"310\" srcset=\"https:\/\/www.cpv-ev.com\/wp-content\/uploads\/2014\/06\/Hazy-Shamrock.jpg 680w, https:\/\/www.cpv-ev.com\/wp-content\/uploads\/2014\/06\/Hazy-Shamrock-241x110.jpg 241w, https:\/\/www.cpv-ev.com\/wp-content\/uploads\/2014\/06\/Hazy-Shamrock-300x136.jpg 300w, https:\/\/www.cpv-ev.com\/wp-content\/uploads\/2014\/06\/Hazy-Shamrock-500x227.jpg 500w\" sizes=\"auto, (max-width: 680px) 100vw, 680px\" \/><\/p>\n<h5>Galerie<\/h5>\n<p><a href=\"https:\/\/www.cpv-ev.com\/wp-content\/uploads\/2014\/06\/Hazy-Shamrock2.jpg\"><img loading=\"lazy\" decoding=\"async\" class=\"alignnone size-vs6_thumb wp-image-12558\" src=\"https:\/\/www.cpv-ev.com\/wp-content\/uploads\/2014\/06\/Hazy-Shamrock2-150x110.jpg\" alt=\"Hazy Shamrock\" width=\"150\" height=\"110\"> <\/a><a href=\"https:\/\/www.cpv-ev.com\/wp-content\/uploads\/2021\/01\/Hazy-Shamrock.jpg\"><img loading=\"lazy\" decoding=\"async\" class=\"alignnone size-thumbnail wp-image-26073\" src=\"https:\/\/www.cpv-ev.com\/wp-content\/uploads\/2021\/01\/Hazy-Shamrock-166x110.jpg\" alt=\"\" width=\"166\" height=\"110\" srcset=\"https:\/\/www.cpv-ev.com\/wp-content\/uploads\/2021\/01\/Hazy-Shamrock-166x110.jpg 166w, https:\/\/www.cpv-ev.com\/wp-content\/uploads\/2021\/01\/Hazy-Shamrock-300x199.jpg 300w, https:\/\/www.cpv-ev.com\/wp-content\/uploads\/2021\/01\/Hazy-Shamrock-500x332.jpg 500w, https:\/\/www.cpv-ev.com\/wp-content\/uploads\/2021\/01\/Hazy-Shamrock.jpg 597w\" sizes=\"auto, (max-width: 166px) 100vw, 166px\" \/><\/a> <a href=\"https:\/\/www.cpv-ev.com\/wp-content\/uploads\/2021\/01\/Hazy-Shamrock-Kopf.jpg\"><img loading=\"lazy\" decoding=\"async\" class=\"alignnone size-thumbnail wp-image-26072\" src=\"https:\/\/www.cpv-ev.com\/wp-content\/uploads\/2021\/01\/Hazy-Shamrock-Kopf-77x110.jpg\" alt=\"\" width=\"77\" height=\"110\" srcset=\"https:\/\/www.cpv-ev.com\/wp-content\/uploads\/2021\/01\/Hazy-Shamrock-Kopf-77x110.jpg 77w, https:\/\/www.cpv-ev.com\/wp-content\/uploads\/2021\/01\/Hazy-Shamrock-Kopf.jpg 280w\" sizes=\"auto, (max-width: 77px) 100vw, 77px\" \/><\/a><\/p>\n<h5>Nachkommen<\/h5>\n\n<table id=\"tablepress-18\" class=\"tablepress tablepress-id-18\">\n<thead>\n<tr class=\"row-1\">\n\t<th class=\"column-1\">FOTO<\/th><th class=\"column-2\">NAME<\/th><th class=\"column-3\">JAHR<\/th><th class=\"column-4\">VATER<\/th><th class=\"column-5\">MUTTER<\/th><th class=\"column-6\">Z\u00dcCHTER<\/th>\n<\/tr>\n<\/thead>\n<tbody class=\"row-striping row-hover\">\n<\/tbody>\n<\/table>\n<!-- #tablepress-18 from cache -->\n","protected":false},"excerpt":{"rendered":"<p>&nbsp; Farbe: Schimmel Hengstbuch: Rheinland HB I Geboren: 1999 Leistungspr\u00fcfung: keine Stockma\u00df:&nbsp; Tr\u00e4ger des Creme-Faktors: unbekannt R\u00f6hrbein: Tr\u00e4ger des Fuchsgens: unbekannt Ausgeschieden: kastriert Gek\u00f6rte S\u00f6hne: keine Eingetragene Stuten: &#8211; davon StPrSt: &#8211; Lebensgewinnsumme: 11 EUR (2017) Nachkommen-LGS: &#8211; Z\u00fcchter: Martina <a class=\"more-link\" href=\"https:\/\/www.cpv-ev.com\/?page_id=12081\"><span class=\"screen-reader-text\">  Hazy Shamrock<\/span> weiterlesen<span class=\"meta-nav\">&rarr;<\/span><\/a><\/p>\n","protected":false},"author":2,"featured_media":0,"parent":11815,"menu_order":0,"comment_status":"closed","ping_status":"closed","template":"","meta":{"ngg_post_thumbnail":0,"footnotes":""},"class_list":["post-12081","page","type-page","status-publish","hentry"],"_links":{"self":[{"href":"https:\/\/www.cpv-ev.com\/index.php?rest_route=\/wp\/v2\/pages\/12081","targetHints":{"allow":["GET"]}}],"collection":[{"href":"https:\/\/www.cpv-ev.com\/index.php?rest_route=\/wp\/v2\/pages"}],"about":[{"href":"https:\/\/www.cpv-ev.com\/index.php?rest_route=\/wp\/v2\/types\/page"}],"author":[{"embeddable":true,"href":"https:\/\/www.cpv-ev.com\/index.php?rest_route=\/wp\/v2\/users\/2"}],"replies":[{"embeddable":true,"href":"https:\/\/www.cpv-ev.com\/index.php?rest_route=%2Fwp%2Fv2%2Fcomments&post=12081"}],"version-history":[{"count":0,"href":"https:\/\/www.cpv-ev.com\/index.php?rest_route=\/wp\/v2\/pages\/12081\/revisions"}],"up":[{"embeddable":true,"href":"https:\/\/www.cpv-ev.com\/index.php?rest_route=\/wp\/v2\/pages\/11815"}],"wp:attachment":[{"href":"https:\/\/www.cpv-ev.com\/index.php?rest_route=%2Fwp%2Fv2%2Fmedia&parent=12081"}],"curies":[{"name":"wp","href":"https:\/\/api.w.org\/{rel}","templated":true}]}}